{"id":2403,"date":"2025-07-09T09:30:32","date_gmt":"2025-07-09T09:30:32","guid":{"rendered":"https:\/\/servolinearactuator.com\/?post_type=product&#038;p=2403"},"modified":"2025-07-24T22:33:34","modified_gmt":"2025-07-24T14:33:34","slug":"145-series-custom-servo-electric-cylinder-high-precision","status":"publish","type":"product","link":"https:\/\/servolinearactuator.com\/es\/145-series-custom-servo-electric-cylinder-high-precision\/","title":{"rendered":"Cilindro servoel\u00e9ctrico personalizado serie 145 | Alta precisi\u00f3n"},"content":{"rendered":"<p data-v-md-line=\"3\">Desbloquee el siguiente nivel de control de movimiento y fuerza de precisi\u00f3n con el servocilindro el\u00e9ctrico personalizado de la serie 145 de Jimmy Technology. Cuando su automatizaci\u00f3n exige lo \u00faltimo en alta precisi\u00f3n, un rendimiento robusto y una integraci\u00f3n perfecta, este actuador el\u00e9ctrico establece un nuevo punto de referencia en la industria.<\/p>\n<h2 data-v-md-heading=\"features-and-benefits\" data-v-md-line=\"6\">Caracter\u00edsticas y ventajas<\/h2>\n<ul data-v-md-line=\"8\">\n<li>\n<p data-v-md-line=\"8\">Control de movimiento de precisi\u00f3n: Gracias a la avanzada tecnolog\u00eda de servomotor y a un actuador de husillo de bolas o de rodillos de alta calidad, este cilindro el\u00e9ctrico ofrece una precisi\u00f3n de posicionamiento absoluta y un rendimiento de repetibilidad excepcional, exactamente lo que exigen sus procesos cr\u00edticos.<\/p>\n<\/li>\n<li>\n<p data-v-md-line=\"10\">Soluciones de ingenier\u00eda personalizadas: Cada cilindro de la serie 145 puede configurarse seg\u00fan sus requisitos exactos, desde la longitud de carrera personalizada (hasta 2000 mm) hasta una variedad de opciones de montaje: brida, mu\u00f1\u00f3n u horquilla. Optimice su sistema con un ajuste a medida y el m\u00e1ximo rendimiento.<\/p>\n<\/li>\n<li>\n<p data-v-md-line=\"12\">Gran rango de fuerza y velocidad din\u00e1mica: Con capacidades de empuje que normalmente alcanzan desde 10 kN hasta 70 kN y perfiles de velocidad r\u00e1pidos (hasta 1500 mm\/s), este actuador el\u00e9ctrico de alta resistencia es perfecto para componentes de automatizaci\u00f3n industrial, ajuste de prensas y tareas de fabricaci\u00f3n de alta fuerza.<\/p>\n<\/li>\n<li>\n<p data-v-md-line=\"14\">Robustez y longevidad industrial: Fabricada en aluminio y acero inoxidable de alta calidad, la serie 145 no s\u00f3lo est\u00e1 construida, sino tambi\u00e9n dise\u00f1ada para entornos dif\u00edciles. El dise\u00f1o con clasificaci\u00f3n IP65 es resistente al polvo y al agua, lo que lo convierte en una opci\u00f3n fiable para los requisitos de actuadores compatibles con el procesamiento de alimentos, la industria farmac\u00e9utica y las salas blancas.<\/p>\n<\/li>\n<li>\n<p data-v-md-line=\"16\">Integraci\u00f3n perfecta: Compatible con servomotores NEMA y todos los servosistemas industriales de bucle cerrado, el cilindro se integra f\u00e1cilmente con PLC, protocolos de comunicaci\u00f3n de bus de campo (EtherCAT, PROFINET) y una amplia gama de dispositivos de realimentaci\u00f3n de posici\u00f3n: enc\u00f3deres absolutos o incrementales para control de posici\u00f3n, control de velocidad y control de fuerza.<\/p>\n<\/li>\n<li>\n<p data-v-md-line=\"18\">Funcionamiento silencioso y sin mantenimiento: La ingenier\u00eda avanzada garantiza un funcionamiento silencioso y sin mantenimiento, lo que se traduce en un menor coste total de propiedad y un entorno de trabajo m\u00e1s silencioso, ideal para la fabricaci\u00f3n de dispositivos m\u00e9dicos y equipos de semiconductores.<\/p>\n<\/li>\n<\/ul>\n<h2 data-v-md-heading=\"wide-applications\" data-v-md-line=\"20\">Amplias aplicaciones<\/h2>\n<p data-v-md-line=\"21\">Este actuador el\u00e9ctrico lineal es la elecci\u00f3n ideal para sus proyectos de automatizaci\u00f3n m\u00e1s exigentes, como: dispensaci\u00f3n rob\u00f3tica de precisi\u00f3n, montaje de l\u00edneas de producci\u00f3n de automoci\u00f3n, maquinaria de envasado, automatizaci\u00f3n farmac\u00e9utica y equipos de ensayo avanzados en los que el movimiento lineal de alta precisi\u00f3n y la fiabilidad no son negociables.<\/p>\n<h2 data-v-md-heading=\"specifications\" data-v-md-line=\"23\">Especificaciones<\/h2>\n<ul data-v-md-line=\"25\">\n<li>Fuerza: de 10 kN a 70 kN (en funci\u00f3n de la aplicaci\u00f3n, opciones personalizadas disponibles)<\/li>\n<li>Velocidad: hasta 1500 mm\/s (configuraci\u00f3n de cilindro el\u00e9ctrico de alta velocidad)<\/li>\n<li>Longitud de carrera: de 50 mm a 2000 mm (soporte de longitud de carrera personalizada)<\/li>\n<li>Tensi\u00f3n de entrada: compatible con servoaccionamientos industriales (configurable en funci\u00f3n de los requisitos del accionamiento)<\/li>\n<li>Grado de protecci\u00f3n: IP65 (resistente al polvo y al agua, apto para entornos dif\u00edciles e instalaciones en salas blancas)<\/li>\n<\/ul>\n<h2 data-v-md-heading=\"technical-support\" data-v-md-line=\"31\">Asistencia t\u00e9cnica<\/h2>\n<p data-v-md-line=\"32\">Proporcionamos asistencia t\u00e9cnica completa para este producto, incluidos modelos CAD descargables, fichas t\u00e9cnicas detalladas, diagramas de cableado y asesoramiento de expertos en ingenier\u00eda, lo que garantiza una integraci\u00f3n r\u00e1pida y sin problemas y un esfuerzo de puesta en marcha m\u00ednimo.<\/p>\n<h2 data-v-md-heading=\"conclusion\" data-v-md-line=\"34\">Conclusi\u00f3n<\/h2>\n<p data-v-md-line=\"35\">Cuando necesite componentes de automatizaci\u00f3n que nunca escatimen en calidad, cuente con el servocilindro el\u00e9ctrico personalizado de la serie 145 de Jimmy Technology para obtener un rendimiento de vanguardia, un dise\u00f1o a medida y una fiabilidad duradera, siempre.<\/p>\n<p><img fetchpriority=\"high\" decoding=\"async\" class=\"aligncenter size-full wp-image-2700\" src=\"https:\/\/servolinearactuator.com\/wp-content\/uploads\/2025\/07\/145-Series.jpg\" alt=\"\" width=\"1407\" height=\"2036\" srcset=\"https:\/\/servolinearactuator.com\/wp-content\/uploads\/2025\/07\/145-Series.jpg 1407w, https:\/\/servolinearactuator.com\/wp-content\/uploads\/2025\/07\/145-Series-207x300.jpg 207w, https:\/\/servolinearactuator.com\/wp-content\/uploads\/2025\/07\/145-Series-708x1024.jpg 708w, https:\/\/servolinearactuator.com\/wp-content\/uploads\/2025\/07\/145-Series-768x1111.jpg 768w, https:\/\/servolinearactuator.com\/wp-content\/uploads\/2025\/07\/145-Series-1061x1536.jpg 1061w, https:\/\/servolinearactuator.com\/wp-content\/uploads\/2025\/07\/145-Series-600x868.jpg 600w\" sizes=\"(max-width: 1407px) 100vw, 1407px\" \/> <img decoding=\"async\" class=\"aligncenter size-full wp-image-2699\" src=\"https:\/\/servolinearactuator.com\/wp-content\/uploads\/2025\/07\/145-Series-2.jpg\" alt=\"\" width=\"1407\" height=\"2036\" srcset=\"https:\/\/servolinearactuator.com\/wp-content\/uploads\/2025\/07\/145-Series-2.jpg 1407w, https:\/\/servolinearactuator.com\/wp-content\/uploads\/2025\/07\/145-Series-2-207x300.jpg 207w, https:\/\/servolinearactuator.com\/wp-content\/uploads\/2025\/07\/145-Series-2-708x1024.jpg 708w, https:\/\/servolinearactuator.com\/wp-content\/uploads\/2025\/07\/145-Series-2-768x1111.jpg 768w, https:\/\/servolinearactuator.com\/wp-content\/uploads\/2025\/07\/145-Series-2-1061x1536.jpg 1061w, https:\/\/servolinearactuator.com\/wp-content\/uploads\/2025\/07\/145-Series-2-600x868.jpg 600w\" sizes=\"(max-width: 1407px) 100vw, 1407px\" \/><img decoding=\"async\" class=\"aligncenter size-full wp-image-2701\" src=\"https:\/\/servolinearactuator.com\/wp-content\/uploads\/2025\/07\/145-Series-3.jpg\" alt=\"\" width=\"1420\" height=\"2036\" srcset=\"https:\/\/servolinearactuator.com\/wp-content\/uploads\/2025\/07\/145-Series-3.jpg 1420w, https:\/\/servolinearactuator.com\/wp-content\/uploads\/2025\/07\/145-Series-3-209x300.jpg 209w, https:\/\/servolinearactuator.com\/wp-content\/uploads\/2025\/07\/145-Series-3-714x1024.jpg 714w, https:\/\/servolinearactuator.com\/wp-content\/uploads\/2025\/07\/145-Series-3-768x1101.jpg 768w, https:\/\/servolinearactuator.com\/wp-content\/uploads\/2025\/07\/145-Series-3-1071x1536.jpg 1071w, https:\/\/servolinearactuator.com\/wp-content\/uploads\/2025\/07\/145-Series-3-600x860.jpg 600w\" sizes=\"(max-width: 1420px) 100vw, 1420px\" \/> <img loading=\"lazy\" decoding=\"async\" class=\"aligncenter size-full wp-image-2702\" src=\"https:\/\/servolinearactuator.com\/wp-content\/uploads\/2025\/07\/145-Series-1.jpg\" alt=\"\" width=\"1433\" height=\"2036\" srcset=\"https:\/\/servolinearactuator.com\/wp-content\/uploads\/2025\/07\/145-Series-1.jpg 1433w, https:\/\/servolinearactuator.com\/wp-content\/uploads\/2025\/07\/145-Series-1-211x300.jpg 211w, https:\/\/servolinearactuator.com\/wp-content\/uploads\/2025\/07\/145-Series-1-721x1024.jpg 721w, https:\/\/servolinearactuator.com\/wp-content\/uploads\/2025\/07\/145-Series-1-768x1091.jpg 768w, https:\/\/servolinearactuator.com\/wp-content\/uploads\/2025\/07\/145-Series-1-1081x1536.jpg 1081w, https:\/\/servolinearactuator.com\/wp-content\/uploads\/2025\/07\/145-Series-1-600x852.jpg 600w\" sizes=\"(max-width: 1433px) 100vw, 1433px\" \/><\/p>\n<p><script src=\"chrome-extension:\/\/fpelahbljekknahkcaegamhcndkfpfnc\/iFrame.js\" type=\"text\/javascript\"><\/script><\/p>","protected":false},"excerpt":{"rendered":"<p>Libere precisi\u00f3n y fuerza con el cilindro servoel\u00e9ctrico serie 145 de Jimmy Technology. Este robusto actuador personalizado ofrece una alta precisi\u00f3n para la automatizaci\u00f3n.<\/p>\n<p><script src=\"chrome-extension:\/\/fpelahbljekknahkcaegamhcndkfpfnc\/iFrame.js\" type=\"text\/javascript\"><\/script><\/p>","protected":false},"featured_media":2482,"template":"","meta":{"_kad_post_transparent":"default","_kad_post_title":"","_kad_post_layout":"default","_kad_post_sidebar_id":"","_kad_post_content_style":"default","_kad_post_vertical_padding":"default","_kad_post_feature":"","_kad_post_feature_position":"","_kad_post_header":false,"_kad_post_footer":false,"_kad_post_classname":""},"product_brand":[],"product_cat":[587,577,566,563,581,578,556,15,567,545],"product_tag":[668,669,647],"class_list":{"0":"post-2403","1":"product","2":"type-product","3":"status-publish","4":"has-post-thumbnail","6":"product_cat-actuators-by-drive-type","7":"product_cat-actuators-by-feature","8":"product_cat-actuators-by-force-duty","9":"product_cat-actuators-by-motor-type","10":"product_cat-actuators-by-popular-application","11":"product_cat-actuators-with-position-feedback","12":"product_cat-electric-cylinders","13":"product_cat-electric-linear-actuators","14":"product_cat-heavy-duty-linear-actuators","15":"product_cat-servo-motor-actuators","16":"product_tag-custom-servo-electric-cylinder","17":"product_tag-high-precision-cylinder","18":"product_tag-servo-electric-cylinder","20":"first","21":"instock","22":"shipping-taxable","23":"product-type-simple","24":"entry","25":"content-bg","26":"loop-entry"},"_links":{"self":[{"href":"https:\/\/servolinearactuator.com\/es\/wp-json\/wp\/v2\/product\/2403","targetHints":{"allow":["GET"]}}],"collection":[{"href":"https:\/\/servolinearactuator.com\/es\/wp-json\/wp\/v2\/product"}],"about":[{"href":"https:\/\/servolinearactuator.com\/es\/wp-json\/wp\/v2\/types\/product"}],"wp:featuredmedia":[{"embeddable":true,"href":"https:\/\/servolinearactuator.com\/es\/wp-json\/wp\/v2\/media\/2482"}],"wp:attachment":[{"href":"https:\/\/servolinearactuator.com\/es\/wp-json\/wp\/v2\/media?parent=2403"}],"wp:term":[{"taxonomy":"product_brand","embeddable":true,"href":"https:\/\/servolinearactuator.com\/es\/wp-json\/wp\/v2\/product_brand?post=2403"},{"taxonomy":"product_cat","embeddable":true,"href":"https:\/\/servolinearactuator.com\/es\/wp-json\/wp\/v2\/product_cat?post=2403"},{"taxonomy":"product_tag","embeddable":true,"href":"https:\/\/servolinearactuator.com\/es\/wp-json\/wp\/v2\/product_tag?post=2403"}],"curies":[{"name":"wp","href":"https:\/\/api.w.org\/{rel}","templated":true}]}}