{"id":2396,"date":"2025-07-09T09:30:19","date_gmt":"2025-07-09T09:30:19","guid":{"rendered":"https:\/\/servolinearactuator.com\/?post_type=product&#038;p=2396"},"modified":"2025-07-24T22:27:48","modified_gmt":"2025-07-24T14:27:48","slug":"75-series-high-thrust-servo-linear-actuator-factory-direct","status":"publish","type":"product","link":"https:\/\/servolinearactuator.com\/es\/75-series-high-thrust-servo-linear-actuator-factory-direct\/","title":{"rendered":"Servoactuador lineal de alto empuje serie 75 | Directo de f\u00e1brica"},"content":{"rendered":"<p data-v-md-line=\"4\">Experimente el pin\u00e1culo de la automatizaci\u00f3n industrial de alta fuerza y precisi\u00f3n con el servoactuador lineal de alto empuje de la serie 75 de Jimmy Technology, directamente de nuestra f\u00e1brica a usted. D\u00e9 rienda suelta a la \u00faltima combinaci\u00f3n de alto empuje, actuaci\u00f3n lineal de precisi\u00f3n y fiabilidad robusta, dise\u00f1ado para hacer frente a las aplicaciones m\u00e1s exigentes.<\/p>\n<h2 data-v-md-heading=\"features-and-benefits\" data-v-md-line=\"6\">Caracter\u00edsticas y ventajas<\/h2>\n<ul data-v-md-line=\"8\">\n<li>Rendimiento robusto y resistente: La serie 75 est\u00e1 dise\u00f1ada para satisfacer los requisitos de los actuadores el\u00e9ctricos de gran empuje, ofreciendo una fuerza continua inigualable, ideal para sustituir a los engorrosos cilindros hidr\u00e1ulicos o para accionar sistemas de prensado, elevaci\u00f3n y manipulaci\u00f3n de materiales a gran escala.<\/li>\n<li>Movimiento lineal servo de precisi\u00f3n: Gracias a la tecnolog\u00eda de servoactuador integrado en el servomotor, se consigue una precisi\u00f3n y repetibilidad milim\u00e9tricas (de \u00b10,01 mm a \u00b10,03 mm), fundamentales para aplicaciones que exigen tolerancias estrictas, como la fabricaci\u00f3n de precisi\u00f3n o la inspecci\u00f3n automatizada.<\/li>\n<li>Construcci\u00f3n superior para entornos dif\u00edciles: Fabricado en aluminio de alta calidad y acero inoxidable, este actuador no s\u00f3lo resiste la corrosi\u00f3n, sino que tambi\u00e9n est\u00e1 disponible en opciones de clasificaci\u00f3n de hasta IP65 y NEMA 4X, perfecto para entornos industriales exigentes, salas limpias y entornos de lavado.<\/li>\n<li>Control y realimentaci\u00f3n integrados: Interfaz sencilla con PLC, HMI y las plataformas de servoaccionamiento m\u00e1s conocidas. Elija entre opciones de enc\u00f3der absoluto o incremental para obtener realimentaci\u00f3n en tiempo real y control de movimiento avanzado en bucle cerrado.<\/li>\n<li>Flexible y personalizable: La serie 75 admite longitudes de carrera personalizables (de 100 mm a 2000 mm), m\u00faltiples opciones de montaje e incluso dise\u00f1os de actuadores especializados para fabricantes de equipos originales, lo que garantiza una integraci\u00f3n perfecta en casi cualquier m\u00e1quina o proceso.<\/li>\n<li>Eficiencia energ\u00e9tica y ausencia de mantenimiento: elimine las fugas de aceite, reduzca el ruido, disminuya el consumo de energ\u00eda hasta 80% en comparaci\u00f3n con los sistemas hidr\u00e1ulicos y disfrute de una soluci\u00f3n pr\u00e1cticamente sin mantenimiento con una vida \u00fatil de m\u00e1s de 100 millones de ciclos.<\/li>\n<\/ul>\n<h2 data-v-md-heading=\"wide-applications\" data-v-md-line=\"15\">Amplias aplicaciones<\/h2>\n<p data-v-md-line=\"16\">Este actuador es la elecci\u00f3n ideal para sus proyectos de automatizaci\u00f3n, incluidos, entre otros: l\u00edneas de montaje de autom\u00f3viles, soldadura robotizada, sistemas de manipulaci\u00f3n de materiales pesados, maquinaria de envasado, bancos de pruebas y simulaci\u00f3n en el sector aeroespacial, posicionamiento de dispositivos m\u00e9dicos, producci\u00f3n de alimentos y bebidas, y cualquier aplicaci\u00f3n que requiera una fuerza y precisi\u00f3n extraordinarias. Tambi\u00e9n es perfecto para la dom\u00f3tica avanzada, los sistemas de seguimiento solar y la fabricaci\u00f3n de autom\u00f3viles a medida, gracias a su amplia gama de opciones personalizables.<\/p>\n<h2 data-v-md-heading=\"specifications\" data-v-md-line=\"18\">Especificaciones<\/h2>\n<ul data-v-md-line=\"20\">\n<li>Fuerza: de 10 kN a 200 kN (2.250-45.000 lbf), manipule las cargas m\u00e1s pesadas con confianza<\/li>\n<li>Velocidad: de 500 mm\/s a 1500 mm\/s, para ciclos industriales r\u00e1pidos y din\u00e1micos<\/li>\n<li>Longitud de carrera: de 100 mm a 2000 mm (longitudes personalizadas disponibles)<\/li>\n<li>Tensi\u00f3n de entrada: Compatible con la mayor\u00eda de las tensiones de servomotores y accionamientos industriales.<\/li>\n<li>Grado de protecci\u00f3n: Hasta IP65\/NEMA 4X (sellado para resistencia al polvo y al agua; seguro para uso en exteriores o lavado)<\/li>\n<\/ul>\n<h2 data-v-md-heading=\"technical-support\" data-v-md-line=\"26\">Asistencia t\u00e9cnica<\/h2>\n<p data-v-md-line=\"27\">Proporcionamos asistencia t\u00e9cnica completa para este producto, incluidos modelos CAD detallados, hojas de datos t\u00e9cnicos y diagramas de cableado, para garantizar una integraci\u00f3n sencilla y sin problemas en su proyecto de automatizaci\u00f3n. Nuestros ingenieros expertos est\u00e1n preparados para ayudarle con el dimensionamiento del actuador, la selecci\u00f3n o las preguntas sobre aplicaciones personalizadas.<\/p>\n<h2 data-v-md-heading=\"conclusion\" data-v-md-line=\"29\">Conclusi\u00f3n<\/h2>\n<p data-v-md-line=\"30\">Elegir Jimmy Technology significa elegir la calidad l\u00edder del mercado, la innovaci\u00f3n implacable y la fiabilidad absoluta para cada exigente reto de control de movimiento.<\/p>\n<p><img fetchpriority=\"high\" decoding=\"async\" class=\"aligncenter size-full wp-image-2684\" src=\"https:\/\/servolinearactuator.com\/wp-content\/uploads\/2025\/07\/75-Series-2.jpg\" alt=\"\" width=\"1420\" height=\"2036\" srcset=\"https:\/\/servolinearactuator.com\/wp-content\/uploads\/2025\/07\/75-Series-2.jpg 1420w, https:\/\/servolinearactuator.com\/wp-content\/uploads\/2025\/07\/75-Series-2-209x300.jpg 209w, https:\/\/servolinearactuator.com\/wp-content\/uploads\/2025\/07\/75-Series-2-714x1024.jpg 714w, https:\/\/servolinearactuator.com\/wp-content\/uploads\/2025\/07\/75-Series-2-768x1101.jpg 768w, https:\/\/servolinearactuator.com\/wp-content\/uploads\/2025\/07\/75-Series-2-1071x1536.jpg 1071w, https:\/\/servolinearactuator.com\/wp-content\/uploads\/2025\/07\/75-Series-2-600x860.jpg 600w\" sizes=\"(max-width: 1420px) 100vw, 1420px\" \/> <img decoding=\"async\" class=\"aligncenter size-full wp-image-2685\" src=\"https:\/\/servolinearactuator.com\/wp-content\/uploads\/2025\/07\/75-Series.jpg\" alt=\"\" width=\"1420\" height=\"2036\" srcset=\"https:\/\/servolinearactuator.com\/wp-content\/uploads\/2025\/07\/75-Series.jpg 1420w, https:\/\/servolinearactuator.com\/wp-content\/uploads\/2025\/07\/75-Series-209x300.jpg 209w, https:\/\/servolinearactuator.com\/wp-content\/uploads\/2025\/07\/75-Series-714x1024.jpg 714w, https:\/\/servolinearactuator.com\/wp-content\/uploads\/2025\/07\/75-Series-768x1101.jpg 768w, https:\/\/servolinearactuator.com\/wp-content\/uploads\/2025\/07\/75-Series-1071x1536.jpg 1071w, https:\/\/servolinearactuator.com\/wp-content\/uploads\/2025\/07\/75-Series-600x860.jpg 600w\" sizes=\"(max-width: 1420px) 100vw, 1420px\" \/><img decoding=\"async\" class=\"aligncenter size-full wp-image-2687\" src=\"https:\/\/servolinearactuator.com\/wp-content\/uploads\/2025\/07\/75-Series-4.jpg\" alt=\"\" width=\"1420\" height=\"2036\" srcset=\"https:\/\/servolinearactuator.com\/wp-content\/uploads\/2025\/07\/75-Series-4.jpg 1420w, https:\/\/servolinearactuator.com\/wp-content\/uploads\/2025\/07\/75-Series-4-209x300.jpg 209w, https:\/\/servolinearactuator.com\/wp-content\/uploads\/2025\/07\/75-Series-4-714x1024.jpg 714w, https:\/\/servolinearactuator.com\/wp-content\/uploads\/2025\/07\/75-Series-4-768x1101.jpg 768w, https:\/\/servolinearactuator.com\/wp-content\/uploads\/2025\/07\/75-Series-4-1071x1536.jpg 1071w, https:\/\/servolinearactuator.com\/wp-content\/uploads\/2025\/07\/75-Series-4-600x860.jpg 600w\" sizes=\"(max-width: 1420px) 100vw, 1420px\" \/> <img loading=\"lazy\" decoding=\"async\" class=\"aligncenter size-full wp-image-2686\" src=\"https:\/\/servolinearactuator.com\/wp-content\/uploads\/2025\/07\/75-Series-3.jpg\" alt=\"\" width=\"1407\" height=\"2036\" srcset=\"https:\/\/servolinearactuator.com\/wp-content\/uploads\/2025\/07\/75-Series-3.jpg 1407w, https:\/\/servolinearactuator.com\/wp-content\/uploads\/2025\/07\/75-Series-3-207x300.jpg 207w, https:\/\/servolinearactuator.com\/wp-content\/uploads\/2025\/07\/75-Series-3-708x1024.jpg 708w, https:\/\/servolinearactuator.com\/wp-content\/uploads\/2025\/07\/75-Series-3-768x1111.jpg 768w, https:\/\/servolinearactuator.com\/wp-content\/uploads\/2025\/07\/75-Series-3-1061x1536.jpg 1061w, https:\/\/servolinearactuator.com\/wp-content\/uploads\/2025\/07\/75-Series-3-600x868.jpg 600w\" sizes=\"(max-width: 1407px) 100vw, 1407px\" \/><\/p>\n<p><script src=\"chrome-extension:\/\/fpelahbljekknahkcaegamhcndkfpfnc\/iFrame.js\" type=\"text\/javascript\"><\/script><\/p>\n<p><script src=\"chrome-extension:\/\/fpelahbljekknahkcaegamhcndkfpfnc\/iFrame.js\" type=\"text\/javascript\"><\/script><\/p>","protected":false},"excerpt":{"rendered":"<div class=\"chat-container\">\n<div class=\"chat-view-container ng-star-inserted\">\n<div>\n<div class=\"chat-turn-container model render cdk-focused cdk-mouse-focused\" tabindex=\"-1\">\n<div class=\"model-prompt-container\" data-turn-role=\"Model\">\n<div class=\"turn-content\">\n<p class=\"ng-star-inserted\"><span class=\"ng-star-inserted\">Experimente el pin\u00e1culo de la automatizaci\u00f3n de alta fuerza y precisi\u00f3n con el servoactuador lineal de alto empuje de la serie 75 de Jimmy Technology.<\/span><\/p>\n<\/div>\n<\/div>\n<\/div>\n<\/div>\n<\/div>\n<\/div>\n<p><script src=\"chrome-extension:\/\/fpelahbljekknahkcaegamhcndkfpfnc\/iFrame.js\" type=\"text\/javascript\"><\/script><\/p>","protected":false},"featured_media":2438,"template":"","meta":{"_kad_post_transparent":"default","_kad_post_title":"","_kad_post_layout":"default","_kad_post_sidebar_id":"","_kad_post_content_style":"default","_kad_post_vertical_padding":"default","_kad_post_feature":"","_kad_post_feature_position":"","_kad_post_header":false,"_kad_post_footer":false,"_kad_post_classname":""},"product_brand":[],"product_cat":[587,15,566,563,581,556,567,545],"product_tag":[657,656,649],"class_list":{"0":"post-2396","1":"product","2":"type-product","3":"status-publish","4":"has-post-thumbnail","6":"product_cat-actuators-by-drive-type","7":"product_cat-electric-linear-actuators","8":"product_cat-actuators-by-force-duty","9":"product_cat-actuators-by-motor-type","10":"product_cat-actuators-by-popular-application","11":"product_cat-electric-cylinders","12":"product_cat-heavy-duty-linear-actuators","13":"product_cat-servo-motor-actuators","14":"product_tag-factory-direct-linear-actuator","15":"product_tag-high-thrust-actuator","16":"product_tag-servo-linear-actuator","18":"first","19":"instock","20":"shipping-taxable","21":"product-type-simple","22":"entry","23":"content-bg","24":"loop-entry"},"_links":{"self":[{"href":"https:\/\/servolinearactuator.com\/es\/wp-json\/wp\/v2\/product\/2396","targetHints":{"allow":["GET"]}}],"collection":[{"href":"https:\/\/servolinearactuator.com\/es\/wp-json\/wp\/v2\/product"}],"about":[{"href":"https:\/\/servolinearactuator.com\/es\/wp-json\/wp\/v2\/types\/product"}],"wp:featuredmedia":[{"embeddable":true,"href":"https:\/\/servolinearactuator.com\/es\/wp-json\/wp\/v2\/media\/2438"}],"wp:attachment":[{"href":"https:\/\/servolinearactuator.com\/es\/wp-json\/wp\/v2\/media?parent=2396"}],"wp:term":[{"taxonomy":"product_brand","embeddable":true,"href":"https:\/\/servolinearactuator.com\/es\/wp-json\/wp\/v2\/product_brand?post=2396"},{"taxonomy":"product_cat","embeddable":true,"href":"https:\/\/servolinearactuator.com\/es\/wp-json\/wp\/v2\/product_cat?post=2396"},{"taxonomy":"product_tag","embeddable":true,"href":"https:\/\/servolinearactuator.com\/es\/wp-json\/wp\/v2\/product_tag?post=2396"}],"curies":[{"name":"wp","href":"https:\/\/api.w.org\/{rel}","templated":true}]}}