{"id":2395,"date":"2025-07-09T09:30:18","date_gmt":"2025-07-09T09:30:18","guid":{"rendered":"https:\/\/servolinearactuator.com\/?post_type=product&#038;p=2395"},"modified":"2025-07-24T22:26:54","modified_gmt":"2025-07-24T14:26:54","slug":"75-series-motion-control-servo-electric-cylinder-oem-odm","status":"publish","type":"product","link":"https:\/\/servolinearactuator.com\/es\/75-series-motion-control-servo-electric-cylinder-oem-odm\/","title":{"rendered":"Cilindro servoel\u00e9ctrico de control de movimiento serie 75 | OEM\/ODM"},"content":{"rendered":"<p data-v-md-line=\"3\">Eleve su forma de automatizar. El cilindro servoel\u00e9ctrico de control de movimiento de la serie 75 de Jimmy Technology ofrece una precisi\u00f3n imparable, una fiabilidad robusta y una personalizaci\u00f3n de primera clase para proyectos OEM\/ODM exigentes.<\/p>\n<h2 data-v-md-heading=\"features-and-benefits\" data-v-md-line=\"6\">Caracter\u00edsticas y ventajas<\/h2>\n<ul data-v-md-line=\"8\">\n<li>Control de movimiento de precisi\u00f3n: Consiga una precisi\u00f3n y repetibilidad incre\u00edbles (hasta \u00b10,005 mm) gracias a nuestro avanzado control de bucle cerrado y a la retroalimentaci\u00f3n de enc\u00f3der de alta resoluci\u00f3n. Esto significa que obtendr\u00e1 un posicionamiento preciso y una aplicaci\u00f3n de fuerza perfecta en cada ciclo.<\/li>\n<li>Construcci\u00f3n robusta y duradera: Dise\u00f1ados con materiales resistentes, como cuerpos de aluminio de alta calidad y v\u00e1stagos de acero inoxidable, respaldados por altas clasificaciones IP (hasta IP65\/IP67), estos cilindros el\u00e9ctricos est\u00e1n fabricados para soportar golpes, vibraciones, productos qu\u00edmicos agresivos, polvo y entornos de lavado.<\/li>\n<li>Rendimiento en el que puede confiar: Con fuerzas m\u00e1ximas que rivalizan con los sistemas hidr\u00e1ulicos y longitudes de carrera adaptadas a su aplicaci\u00f3n, la serie 75 ofrece un perfil de fuerza y velocidad perfectamente ajustado para mantener sus l\u00edneas funcionando a toda velocidad con un tiempo de inactividad m\u00ednimo.<\/li>\n<li>Tecnolog\u00edas de husillo vers\u00e1tiles: Las opciones de husillo de rodillos y husillo de bolas le ofrecen lo mejor de ambos mundos: m\u00e1xima fuerza de salida y mayor vida \u00fatil, o automatizaci\u00f3n ultrasilenciosa de alta velocidad para salas blancas y aplicaciones alimentarias.<\/li>\n<li>Integraci\u00f3n simplificada: Elija entre montajes de motor integrados, en l\u00ednea o en paralelo y una interfaz de control digital que funciona perfectamente con EtherCAT, PROFINET, Modbus TCP\/IP, CANopen y los principales PLC e HMI. Esto significa plug-and-play sin complicaciones para sus ingenieros.<\/li>\n<li>Eficiencia energ\u00e9tica real: Reduzca sus costes operativos y su huella medioambiental. El dise\u00f1o servoel\u00e9ctrico reduce dr\u00e1sticamente el consumo de energ\u00eda (hasta 80% de ahorro en comparaci\u00f3n con la energ\u00eda hidr\u00e1ulica) y es lo suficientemente silencioso como para cumplir las normas de seguridad m\u00e9dicas, de laboratorio y del lugar de trabajo.<\/li>\n<li>Sin mantenimiento, sin preocupaciones: sin fugas, sin aire comprimido y sin ciclos de mantenimiento regulares, su equipo permanece limpio y fiable, minimizando los tiempos de inactividad imprevistos y maximizando el retorno de la inversi\u00f3n.<\/li>\n<\/ul>\n<h2 data-v-md-heading=\"wide-applications\" data-v-md-line=\"16\">Amplias aplicaciones<\/h2>\n<p data-v-md-line=\"17\">Este servoactuador lineal brilla en una amplia gama de entornos de automatizaci\u00f3n industrial avanzada: automatizaci\u00f3n de maquinaria de envasado, sistemas de manipulaci\u00f3n de materiales, rob\u00f3tica de l\u00edneas de montaje, fabricaci\u00f3n de dispositivos m\u00e9dicos, producci\u00f3n farmac\u00e9utica, procesamiento de alimentos y bebidas, e incluso para pruebas de automoci\u00f3n de alta precisi\u00f3n o equipos de simulaci\u00f3n.<\/p>\n<h2 data-v-md-heading=\"specifications\" data-v-md-line=\"19\">Especificaciones<\/h2>\n<ul data-v-md-line=\"21\">\n<li>Fuerza: Hasta 40.000 N (configurable para requisitos exactos)<\/li>\n<li>Velocidad: hasta 2.000 mm\/seg (personalizable para transferencias r\u00e1pidas o posicionamientos delicados)<\/li>\n<li>Longitud de carrera: De 50 mm a 2.000 mm, totalmente personalizable<\/li>\n<li>Tensi\u00f3n de entrada: 24 V, 48 V o 220 V CA\/CC para adaptarse a su sistema<\/li>\n<li>Grado de protecci\u00f3n: IP65 o superior (ideal para operaciones duras o de lavado)<\/li>\n<\/ul>\n<h2 data-v-md-heading=\"technical-support\" data-v-md-line=\"27\">Asistencia t\u00e9cnica<\/h2>\n<p data-v-md-line=\"28\">Proporcionamos asistencia t\u00e9cnica completa para este producto, incluidos modelos CAD detallados, fichas t\u00e9cnicas y diagramas de cableado para garantizar una integraci\u00f3n sencilla y sin problemas en su proyecto.<\/p>\n<h2 data-v-md-heading=\"conclusion\" data-v-md-line=\"30\">Conclusi\u00f3n<\/h2>\n<p data-v-md-line=\"31\">Elegir Jimmy Technology significa invertir en calidad l\u00edder del mercado, innovaci\u00f3n en ingenier\u00eda y fiabilidad inquebrantable, lo que permite a su automatizaci\u00f3n llegar hasta el final.<\/p>\n<p><img fetchpriority=\"high\" decoding=\"async\" class=\"aligncenter size-full wp-image-2684\" src=\"https:\/\/servolinearactuator.com\/wp-content\/uploads\/2025\/07\/75-Series-2.jpg\" alt=\"\" width=\"1420\" height=\"2036\" srcset=\"https:\/\/servolinearactuator.com\/wp-content\/uploads\/2025\/07\/75-Series-2.jpg 1420w, https:\/\/servolinearactuator.com\/wp-content\/uploads\/2025\/07\/75-Series-2-209x300.jpg 209w, https:\/\/servolinearactuator.com\/wp-content\/uploads\/2025\/07\/75-Series-2-714x1024.jpg 714w, https:\/\/servolinearactuator.com\/wp-content\/uploads\/2025\/07\/75-Series-2-768x1101.jpg 768w, https:\/\/servolinearactuator.com\/wp-content\/uploads\/2025\/07\/75-Series-2-1071x1536.jpg 1071w, https:\/\/servolinearactuator.com\/wp-content\/uploads\/2025\/07\/75-Series-2-600x860.jpg 600w\" sizes=\"(max-width: 1420px) 100vw, 1420px\" \/> <img decoding=\"async\" class=\"aligncenter size-full wp-image-2685\" src=\"https:\/\/servolinearactuator.com\/wp-content\/uploads\/2025\/07\/75-Series.jpg\" alt=\"\" width=\"1420\" height=\"2036\" srcset=\"https:\/\/servolinearactuator.com\/wp-content\/uploads\/2025\/07\/75-Series.jpg 1420w, https:\/\/servolinearactuator.com\/wp-content\/uploads\/2025\/07\/75-Series-209x300.jpg 209w, https:\/\/servolinearactuator.com\/wp-content\/uploads\/2025\/07\/75-Series-714x1024.jpg 714w, https:\/\/servolinearactuator.com\/wp-content\/uploads\/2025\/07\/75-Series-768x1101.jpg 768w, https:\/\/servolinearactuator.com\/wp-content\/uploads\/2025\/07\/75-Series-1071x1536.jpg 1071w, https:\/\/servolinearactuator.com\/wp-content\/uploads\/2025\/07\/75-Series-600x860.jpg 600w\" sizes=\"(max-width: 1420px) 100vw, 1420px\" \/><img decoding=\"async\" class=\"aligncenter size-full wp-image-2687\" src=\"https:\/\/servolinearactuator.com\/wp-content\/uploads\/2025\/07\/75-Series-4.jpg\" alt=\"\" width=\"1420\" height=\"2036\" srcset=\"https:\/\/servolinearactuator.com\/wp-content\/uploads\/2025\/07\/75-Series-4.jpg 1420w, https:\/\/servolinearactuator.com\/wp-content\/uploads\/2025\/07\/75-Series-4-209x300.jpg 209w, https:\/\/servolinearactuator.com\/wp-content\/uploads\/2025\/07\/75-Series-4-714x1024.jpg 714w, https:\/\/servolinearactuator.com\/wp-content\/uploads\/2025\/07\/75-Series-4-768x1101.jpg 768w, https:\/\/servolinearactuator.com\/wp-content\/uploads\/2025\/07\/75-Series-4-1071x1536.jpg 1071w, https:\/\/servolinearactuator.com\/wp-content\/uploads\/2025\/07\/75-Series-4-600x860.jpg 600w\" sizes=\"(max-width: 1420px) 100vw, 1420px\" \/> <img loading=\"lazy\" decoding=\"async\" class=\"aligncenter size-full wp-image-2686\" src=\"https:\/\/servolinearactuator.com\/wp-content\/uploads\/2025\/07\/75-Series-3.jpg\" alt=\"\" width=\"1407\" height=\"2036\" srcset=\"https:\/\/servolinearactuator.com\/wp-content\/uploads\/2025\/07\/75-Series-3.jpg 1407w, https:\/\/servolinearactuator.com\/wp-content\/uploads\/2025\/07\/75-Series-3-207x300.jpg 207w, https:\/\/servolinearactuator.com\/wp-content\/uploads\/2025\/07\/75-Series-3-708x1024.jpg 708w, https:\/\/servolinearactuator.com\/wp-content\/uploads\/2025\/07\/75-Series-3-768x1111.jpg 768w, https:\/\/servolinearactuator.com\/wp-content\/uploads\/2025\/07\/75-Series-3-1061x1536.jpg 1061w, https:\/\/servolinearactuator.com\/wp-content\/uploads\/2025\/07\/75-Series-3-600x868.jpg 600w\" sizes=\"(max-width: 1407px) 100vw, 1407px\" \/><\/p>\n<p><script src=\"chrome-extension:\/\/fpelahbljekknahkcaegamhcndkfpfnc\/iFrame.js\" type=\"text\/javascript\"><\/script><\/p>","protected":false},"excerpt":{"rendered":"<div class=\"chat-container\">\n<div class=\"chat-view-container ng-star-inserted\">\n<div>\n<div class=\"chat-turn-container model render cdk-focused cdk-mouse-focused\" tabindex=\"-1\">\n<div class=\"model-prompt-container\" data-turn-role=\"Model\">\n<div class=\"turn-content\">\n<p class=\"ng-star-inserted\"><span class=\"ng-star-inserted\">Cilindro servoel\u00e9ctrico serie 75 de Jimmy Technology: Precisi\u00f3n imparable, fiabilidad robusta y personalizaci\u00f3n de primera clase para proyectos OEM\/ODM exigentes.<\/span><\/p>\n<\/div>\n<\/div>\n<\/div>\n<\/div>\n<\/div>\n<\/div>\n<p><script src=\"chrome-extension:\/\/fpelahbljekknahkcaegamhcndkfpfnc\/iFrame.js\" type=\"text\/javascript\"><\/script><\/p>","protected":false},"featured_media":2444,"template":"","meta":{"_kad_post_transparent":"default","_kad_post_title":"","_kad_post_layout":"default","_kad_post_sidebar_id":"","_kad_post_content_style":"default","_kad_post_vertical_padding":"default","_kad_post_feature":"","_kad_post_feature_position":"","_kad_post_header":false,"_kad_post_footer":false,"_kad_post_classname":""},"product_brand":[],"product_cat":[587,577,563,581,578,556,15,586,545],"product_tag":[654,655,647],"class_list":{"0":"post-2395","1":"product","2":"type-product","3":"status-publish","4":"has-post-thumbnail","6":"product_cat-actuators-by-drive-type","7":"product_cat-actuators-by-feature","8":"product_cat-actuators-by-motor-type","9":"product_cat-actuators-by-popular-application","10":"product_cat-actuators-with-position-feedback","11":"product_cat-electric-cylinders","12":"product_cat-electric-linear-actuators","13":"product_cat-industrial-automation","14":"product_cat-servo-motor-actuators","15":"product_tag-motion-control","16":"product_tag-oem-odm-servo-electric-cylinder","17":"product_tag-servo-electric-cylinder","19":"first","20":"instock","21":"shipping-taxable","22":"product-type-simple","23":"entry","24":"content-bg","25":"loop-entry"},"_links":{"self":[{"href":"https:\/\/servolinearactuator.com\/es\/wp-json\/wp\/v2\/product\/2395","targetHints":{"allow":["GET"]}}],"collection":[{"href":"https:\/\/servolinearactuator.com\/es\/wp-json\/wp\/v2\/product"}],"about":[{"href":"https:\/\/servolinearactuator.com\/es\/wp-json\/wp\/v2\/types\/product"}],"wp:featuredmedia":[{"embeddable":true,"href":"https:\/\/servolinearactuator.com\/es\/wp-json\/wp\/v2\/media\/2444"}],"wp:attachment":[{"href":"https:\/\/servolinearactuator.com\/es\/wp-json\/wp\/v2\/media?parent=2395"}],"wp:term":[{"taxonomy":"product_brand","embeddable":true,"href":"https:\/\/servolinearactuator.com\/es\/wp-json\/wp\/v2\/product_brand?post=2395"},{"taxonomy":"product_cat","embeddable":true,"href":"https:\/\/servolinearactuator.com\/es\/wp-json\/wp\/v2\/product_cat?post=2395"},{"taxonomy":"product_tag","embeddable":true,"href":"https:\/\/servolinearactuator.com\/es\/wp-json\/wp\/v2\/product_tag?post=2395"}],"curies":[{"name":"wp","href":"https:\/\/api.w.org\/{rel}","templated":true}]}}