{"id":2394,"date":"2025-07-09T09:30:17","date_gmt":"2025-07-09T09:30:17","guid":{"rendered":"https:\/\/servolinearactuator.com\/?post_type=product&#038;p=2394"},"modified":"2025-07-24T22:26:00","modified_gmt":"2025-07-24T14:26:00","slug":"75-series-industrial-electric-cylinder-servo-linear-actuator","status":"publish","type":"product","link":"https:\/\/servolinearactuator.com\/es\/75-series-industrial-electric-cylinder-servo-linear-actuator\/","title":{"rendered":"Cilindro el\u00e9ctrico industrial serie 75 | Servoactuador lineal"},"content":{"rendered":"<p data-v-md-line=\"3\">Entre en una nueva era de la automatizaci\u00f3n industrial con el cilindro el\u00e9ctrico industrial de la serie 75, la soluci\u00f3n definitiva en cuanto a precisi\u00f3n, eficacia y fiabilidad. Con servocontrol en su n\u00facleo, este actuador potencia su automatizaci\u00f3n con un rendimiento inigualable, independientemente de lo exigente que sea su entorno.<\/p>\n<h2 data-v-md-heading=\"features-and-benefits\" data-v-md-line=\"5\">Caracter\u00edsticas y ventajas<\/h2>\n<ul data-v-md-line=\"7\">\n<li>Construcci\u00f3n robusta y resistente: Fabricada con materiales de alta calidad, como acero inoxidable y aluminio mecanizado de precisi\u00f3n, la serie 75 soporta las duras condiciones industriales y resiste la corrosi\u00f3n para ofrecer una larga vida \u00fatil sin necesidad de mantenimiento.<\/li>\n<li>Servocontrol de bucle cerrado: aproveche la potencia del movimiento lineal accionado por servomotor, que permite un control de precisi\u00f3n del actuador s\u00f3lido como una roca, posicionamiento en tiempo real y ajuste din\u00e1mico de la fuerza, perfecto para la integraci\u00f3n de sistemas de automatizaci\u00f3n de gama alta.<\/li>\n<li>Protecci\u00f3n IP superior: Con una carcasa con clasificaci\u00f3n IP65, este actuador es resistente al polvo y al agua, por lo que es ideal para situaciones de lavado, salas limpias y entornos industriales implacables, para que sus operaciones no se vean afectadas.<\/li>\n<li>Alta fuerza y velocidad: Al proporcionar hasta 25 kN (aprox. 5600 lbf) de empuje y carreras a velocidades de hasta 1500 mm\/s, garantiza que sus procesos sigan el ritmo incluso de las l\u00edneas de producci\u00f3n m\u00e1s r\u00e1pidas.<\/li>\n<li>Posicionamiento ultrapreciso: Alcanza una repetibilidad tan ajustada como \u00b10,01 mm, lo que lo convierte en la opci\u00f3n id\u00f3nea para actuadores de robots industriales modernos o aplicaciones en las que cada fracci\u00f3n de mil\u00edmetro cuenta.<\/li>\n<li>Funcionamiento silencioso y sin mantenimiento: El actuador el\u00e9ctrico de varilla elimina las fugas y el ruido de las alternativas hidr\u00e1ulicas y neum\u00e1ticas, mejorando silenciosamente su espacio de trabajo y reduciendo dr\u00e1sticamente los costes de mantenimiento.<\/li>\n<li>Integraci\u00f3n de sistemas sin esfuerzo: Disfrute de una conectividad perfecta con los principales PLC, HMI y redes industriales como EtherCAT, PROFINET y Ethernet\/IP, para una puesta en servicio sencilla y una mayor compatibilidad con Industria 4.0.<\/li>\n<\/ul>\n<h2 data-v-md-heading=\"wide-applications\" data-v-md-line=\"15\">Amplias aplicaciones<\/h2>\n<p data-v-md-line=\"17\">Desde la maquinaria de envasado hasta la fabricaci\u00f3n de autom\u00f3viles, pasando por el procesamiento de alimentos y bebidas y la rob\u00f3tica de f\u00e1bricas inteligentes, la serie 75 demuestra su val\u00eda como componente de automatizaci\u00f3n industrial en innumerables escenarios. Es perfecta para la automatizaci\u00f3n de l\u00edneas de montaje, robots de pick and place, control de v\u00e1lvulas o amortiguadores, producci\u00f3n farmac\u00e9utica y cualquier requisito de movimiento preciso y fuerza elevada en la fabricaci\u00f3n moderna.<\/p>\n<h2 data-v-md-heading=\"specifications\" data-v-md-line=\"19\">Especificaciones<\/h2>\n<ul data-v-md-line=\"21\">\n<li>Fuerza: 10 kN - 25 kN (seg\u00fan el modelo)<\/li>\n<li>Velocidad: hasta 1500 mm\/s<\/li>\n<li>Longitud de carrera: M\u00faltiples opciones disponibles (personalizables seg\u00fan la aplicaci\u00f3n)<\/li>\n<li>Tensi\u00f3n de entrada: Compatible con varias tensiones de servomotor<\/li>\n<li>Grado de protecci\u00f3n: IP65 (herm\u00e9tico al polvo, protegido contra chorros de agua)<\/li>\n<\/ul>\n<h2 data-v-md-heading=\"technical-support\" data-v-md-line=\"27\">Asistencia t\u00e9cnica<\/h2>\n<p data-v-md-line=\"29\">Proporcionamos asistencia t\u00e9cnica completa para este producto, incluidos modelos CAD detallados, fichas t\u00e9cnicas y diagramas de cableado para garantizar una integraci\u00f3n sin problemas ni quebraderos de cabeza en cualquier proyecto.<\/p>\n<h2 data-v-md-heading=\"conclusion\" data-v-md-line=\"31\">Conclusi\u00f3n<\/h2>\n<p data-v-md-line=\"33\">Elegir Jimmy Technology significa elegir calidad, innovaci\u00f3n y fiabilidad l\u00edderes del mercado para cada movimiento, en todo momento.<\/p>\n<p><img fetchpriority=\"high\" decoding=\"async\" class=\"aligncenter size-full wp-image-2684\" src=\"https:\/\/servolinearactuator.com\/wp-content\/uploads\/2025\/07\/75-Series-2.jpg\" alt=\"\" width=\"1420\" height=\"2036\" srcset=\"https:\/\/servolinearactuator.com\/wp-content\/uploads\/2025\/07\/75-Series-2.jpg 1420w, https:\/\/servolinearactuator.com\/wp-content\/uploads\/2025\/07\/75-Series-2-209x300.jpg 209w, https:\/\/servolinearactuator.com\/wp-content\/uploads\/2025\/07\/75-Series-2-714x1024.jpg 714w, https:\/\/servolinearactuator.com\/wp-content\/uploads\/2025\/07\/75-Series-2-768x1101.jpg 768w, https:\/\/servolinearactuator.com\/wp-content\/uploads\/2025\/07\/75-Series-2-1071x1536.jpg 1071w, https:\/\/servolinearactuator.com\/wp-content\/uploads\/2025\/07\/75-Series-2-600x860.jpg 600w\" sizes=\"(max-width: 1420px) 100vw, 1420px\" \/> <img decoding=\"async\" class=\"aligncenter size-full wp-image-2685\" src=\"https:\/\/servolinearactuator.com\/wp-content\/uploads\/2025\/07\/75-Series.jpg\" alt=\"\" width=\"1420\" height=\"2036\" srcset=\"https:\/\/servolinearactuator.com\/wp-content\/uploads\/2025\/07\/75-Series.jpg 1420w, https:\/\/servolinearactuator.com\/wp-content\/uploads\/2025\/07\/75-Series-209x300.jpg 209w, https:\/\/servolinearactuator.com\/wp-content\/uploads\/2025\/07\/75-Series-714x1024.jpg 714w, https:\/\/servolinearactuator.com\/wp-content\/uploads\/2025\/07\/75-Series-768x1101.jpg 768w, https:\/\/servolinearactuator.com\/wp-content\/uploads\/2025\/07\/75-Series-1071x1536.jpg 1071w, https:\/\/servolinearactuator.com\/wp-content\/uploads\/2025\/07\/75-Series-600x860.jpg 600w\" sizes=\"(max-width: 1420px) 100vw, 1420px\" \/><img decoding=\"async\" class=\"aligncenter size-full wp-image-2686\" src=\"https:\/\/servolinearactuator.com\/wp-content\/uploads\/2025\/07\/75-Series-3.jpg\" alt=\"\" width=\"1407\" height=\"2036\" srcset=\"https:\/\/servolinearactuator.com\/wp-content\/uploads\/2025\/07\/75-Series-3.jpg 1407w, https:\/\/servolinearactuator.com\/wp-content\/uploads\/2025\/07\/75-Series-3-207x300.jpg 207w, https:\/\/servolinearactuator.com\/wp-content\/uploads\/2025\/07\/75-Series-3-708x1024.jpg 708w, https:\/\/servolinearactuator.com\/wp-content\/uploads\/2025\/07\/75-Series-3-768x1111.jpg 768w, https:\/\/servolinearactuator.com\/wp-content\/uploads\/2025\/07\/75-Series-3-1061x1536.jpg 1061w, https:\/\/servolinearactuator.com\/wp-content\/uploads\/2025\/07\/75-Series-3-600x868.jpg 600w\" sizes=\"(max-width: 1407px) 100vw, 1407px\" \/> <img loading=\"lazy\" decoding=\"async\" class=\"aligncenter size-full wp-image-2687\" src=\"https:\/\/servolinearactuator.com\/wp-content\/uploads\/2025\/07\/75-Series-4.jpg\" alt=\"\" width=\"1420\" height=\"2036\" srcset=\"https:\/\/servolinearactuator.com\/wp-content\/uploads\/2025\/07\/75-Series-4.jpg 1420w, https:\/\/servolinearactuator.com\/wp-content\/uploads\/2025\/07\/75-Series-4-209x300.jpg 209w, https:\/\/servolinearactuator.com\/wp-content\/uploads\/2025\/07\/75-Series-4-714x1024.jpg 714w, https:\/\/servolinearactuator.com\/wp-content\/uploads\/2025\/07\/75-Series-4-768x1101.jpg 768w, https:\/\/servolinearactuator.com\/wp-content\/uploads\/2025\/07\/75-Series-4-1071x1536.jpg 1071w, https:\/\/servolinearactuator.com\/wp-content\/uploads\/2025\/07\/75-Series-4-600x860.jpg 600w\" sizes=\"(max-width: 1420px) 100vw, 1420px\" \/><\/p>\n<p><script src=\"chrome-extension:\/\/fpelahbljekknahkcaegamhcndkfpfnc\/iFrame.js\" type=\"text\/javascript\"><\/script><\/p>","protected":false},"excerpt":{"rendered":"<div class=\"chat-container\">\n<div class=\"chat-view-container ng-star-inserted\">\n<div>\n<div class=\"chat-turn-container model render cdk-focused cdk-mouse-focused\" tabindex=\"-1\">\n<div class=\"model-prompt-container\" data-turn-role=\"Model\">\n<div class=\"turn-content\">\n<p class=\"ng-star-inserted\"><span class=\"ng-star-inserted\">Cilindro el\u00e9ctrico de la serie 75: una soluci\u00f3n robusta y servocontrolada para la automatizaci\u00f3n m\u00e1s exigente. Ofrece una precisi\u00f3n, velocidad y fiabilidad IP65 inigualables.<\/span><\/p>\n<\/div>\n<\/div>\n<div class=\"turn-footer ng-star-inserted\"><\/div>\n<\/div>\n<\/div>\n<\/div>\n<\/div>\n<footer class=\"not-zero-state ng-star-inserted\">\n<div class=\"mat-mdc-tooltip-trigger prompt-input-wrapper\">\n<div>\n<div class=\"prompt-input-wrapper-container\">\n<div class=\"text-wrapper\">\n<section class=\"text-and-attachments-wrapper\">\n<div class=\"text-input-wrapper\"><\/div>\n<\/section>\n<\/div>\n<\/div>\n<\/div>\n<\/div>\n<\/footer>\n<p><script src=\"chrome-extension:\/\/fpelahbljekknahkcaegamhcndkfpfnc\/iFrame.js\" type=\"text\/javascript\"><\/script><\/p>\n<p><script src=\"chrome-extension:\/\/fpelahbljekknahkcaegamhcndkfpfnc\/iFrame.js\" type=\"text\/javascript\"><\/script><\/p>","protected":false},"featured_media":2455,"template":"","meta":{"_kad_post_transparent":"default","_kad_post_title":"","_kad_post_layout":"default","_kad_post_sidebar_id":"","_kad_post_content_style":"default","_kad_post_vertical_padding":"default","_kad_post_feature":"","_kad_post_feature_position":"","_kad_post_header":false,"_kad_post_footer":false,"_kad_post_classname":""},"product_brand":[],"product_cat":[587,15,573,566,563,581,556,576,568,545],"product_tag":[614,613,649],"class_list":{"0":"post-2394","1":"product","2":"type-product","3":"status-publish","4":"has-post-thumbnail","6":"product_cat-actuators-by-drive-type","7":"product_cat-electric-linear-actuators","8":"product_cat-actuators-by-environment","9":"product_cat-actuators-by-force-duty","10":"product_cat-actuators-by-motor-type","11":"product_cat-actuators-by-popular-application","12":"product_cat-electric-cylinders","13":"product_cat-industrial-linear-actuators","14":"product_cat-medium-duty-linear-actuators","15":"product_cat-servo-motor-actuators","16":"product_tag-electric-cylinder","17":"product_tag-industrial-cylinder","18":"product_tag-servo-linear-actuator","20":"first","21":"instock","22":"shipping-taxable","23":"product-type-simple","24":"entry","25":"content-bg","26":"loop-entry"},"_links":{"self":[{"href":"https:\/\/servolinearactuator.com\/es\/wp-json\/wp\/v2\/product\/2394","targetHints":{"allow":["GET"]}}],"collection":[{"href":"https:\/\/servolinearactuator.com\/es\/wp-json\/wp\/v2\/product"}],"about":[{"href":"https:\/\/servolinearactuator.com\/es\/wp-json\/wp\/v2\/types\/product"}],"wp:featuredmedia":[{"embeddable":true,"href":"https:\/\/servolinearactuator.com\/es\/wp-json\/wp\/v2\/media\/2455"}],"wp:attachment":[{"href":"https:\/\/servolinearactuator.com\/es\/wp-json\/wp\/v2\/media?parent=2394"}],"wp:term":[{"taxonomy":"product_brand","embeddable":true,"href":"https:\/\/servolinearactuator.com\/es\/wp-json\/wp\/v2\/product_brand?post=2394"},{"taxonomy":"product_cat","embeddable":true,"href":"https:\/\/servolinearactuator.com\/es\/wp-json\/wp\/v2\/product_cat?post=2394"},{"taxonomy":"product_tag","embeddable":true,"href":"https:\/\/servolinearactuator.com\/es\/wp-json\/wp\/v2\/product_tag?post=2394"}],"curies":[{"name":"wp","href":"https:\/\/api.w.org\/{rel}","templated":true}]}}