{"id":2393,"date":"2025-07-09T09:30:15","date_gmt":"2025-07-09T09:30:15","guid":{"rendered":"https:\/\/servolinearactuator.com\/?post_type=product&#038;p=2393"},"modified":"2025-07-24T22:24:46","modified_gmt":"2025-07-24T14:24:46","slug":"65-series-oem-servo-electric-cylinder-custom-linear-actuator","status":"publish","type":"product","link":"https:\/\/servolinearactuator.com\/es\/65-series-oem-servo-electric-cylinder-custom-linear-actuator\/","title":{"rendered":"Cilindro servoel\u00e9ctrico OEM serie 65 | Actuador lineal personalizado"},"content":{"rendered":"<p data-v-md-line=\"3\">Desbloquee la automatizaci\u00f3n de nivel superior con el cilindro servoel\u00e9ctrico OEM serie 65 de Jimmy Technology, donde la precisi\u00f3n sin concesiones se une a una potencia robusta y dise\u00f1ada a medida. Esto no es s\u00f3lo otro actuador; es su plan para la innovaci\u00f3n en la automatizaci\u00f3n industrial, rob\u00f3tica y maquinaria avanzada.<\/p>\n<h2 data-v-md-heading=\"features-and-benefits\" data-v-md-line=\"5\">Caracter\u00edsticas y ventajas<\/h2>\n<ul data-v-md-line=\"7\">\n<li>Construido para cargas reales: Fabricado con materiales de alta calidad, como acero inoxidable y aluminio anodizado, este cilindro servoel\u00e9ctrico resiste entornos de trabajo duros y de ciclos elevados. Ofrece una longevidad impresionante, que a menudo supera los 100 millones de ciclos.<\/li>\n<li>Compatibilidad con servomotores: Dise\u00f1ados para una integraci\u00f3n perfecta con las principales marcas de servomotores (Siemens, Yaskawa, Mitsubishi Electric), estos actuadores garantizan un control del movimiento de precisi\u00f3n y estrechamente sincronizado, fundamental para los sistemas OEM actuales.<\/li>\n<li>Control de movimiento de precisi\u00f3n: Consiga una precisi\u00f3n de hasta \u00b10,01 mm y aproveche al m\u00e1ximo las infinitas posiciones programables: perfecto para pruebas y mediciones delicadas o automatizaci\u00f3n de l\u00edneas de montaje.<\/li>\n<li>Dise\u00f1o personalizado del actuador: Cada unidad se dise\u00f1a a medida: elija longitudes de carrera, salidas de fuerza (normalmente de 5 a 20 kN), tipos de husillo, materiales de la carcasa y opciones de montaje (NEMA, mu\u00f1\u00f3n, ranura en T, horquilla, etc.).<\/li>\n<li>Limpios, silenciosos y eficientes: Sin fugas de aire ni hidr\u00e1ulicas y ultra silenciosos, estos cilindros el\u00e9ctricos brillan en la automatizaci\u00f3n de salas blancas, procesamiento de alimentos y farmac\u00e9utica.<\/li>\n<li>Protecci\u00f3n IP65 disponible: Seleccione una alta protecci\u00f3n de entrada para zonas de lavado o entornos dif\u00edciles: mantenga el polvo y el agua fuera y aumente la productividad.<\/li>\n<li>Sensores de l\u00edmite integrados: Los puntos finales inteligentes y programables ayudan a proteger sus equipos a la vez que mejoran la seguridad y la fiabilidad.<\/li>\n<li>Sin mantenimiento: Olv\u00eddese del tiempo de inactividad: los avanzados sistemas de cojinetes y los duraderos mecanismos de husillo reducen dr\u00e1sticamente los intervalos de servicio, lo que le proporciona hasta 90% menos mantenimiento que las opciones neum\u00e1ticas o hidr\u00e1ulicas comparables.<\/li>\n<li>Compatible con Industria 4.0: La retroalimentaci\u00f3n en tiempo real, la conectividad de bus de campo (EtherCAT, PROFINET, EtherNet\/IP) y el diagn\u00f3stico predictivo llevan su operaci\u00f3n productiva a la era digital.<\/li>\n<\/ul>\n<h2 data-v-md-heading=\"wide-applications\" data-v-md-line=\"17\">Amplias aplicaciones<\/h2>\n<p data-v-md-line=\"19\">Este actuador es la elecci\u00f3n ideal para sus proyectos de automatizaci\u00f3n, incluidos, entre otros: robots industriales, herramientas de fin de brazo, sistemas de recogida y colocaci\u00f3n, fabricaci\u00f3n de dispositivos m\u00e9dicos de precisi\u00f3n, l\u00edneas de embalaje de alta velocidad, veh\u00edculos de guiado autom\u00e1tico (AGV), bancos de pruebas y medici\u00f3n, manipulaci\u00f3n de materiales y maquinaria de montaje personalizada.<\/p>\n<h2 data-v-md-heading=\"specifications\" data-v-md-line=\"21\">Especificaciones<\/h2>\n<ul data-v-md-line=\"23\">\n<li>Fuerza: Personalizable, normalmente 5-20 kN (consultar para rangos especializados)<\/li>\n<li>Velocidad: hasta 500 mm\/s<\/li>\n<li>Longitud de carrera: Longitudes est\u00e1ndar y personalizadas, dise\u00f1adas para su perfil de movimiento espec\u00edfico.<\/li>\n<li>Tensi\u00f3n de entrada: Compatible con los voltajes industriales habituales, adaptado a cada proyecto (opciones est\u00e1ndar 24V\/48V\/230V)<\/li>\n<li>Grado de protecci\u00f3n: Modelos disponibles con hasta IP65 de resistencia al polvo\/agua<\/li>\n<\/ul>\n<h2 data-v-md-heading=\"technical-support\" data-v-md-line=\"29\">Asistencia t\u00e9cnica<\/h2>\n<p data-v-md-line=\"31\">Ofrecemos asistencia t\u00e9cnica completa para este producto. Incluye modelos CAD detallados, fichas t\u00e9cnicas, ejemplos de c\u00f3digo de aplicaci\u00f3n y diagramas de cableado, para que la integraci\u00f3n sea tan sencilla como la propia soluci\u00f3n.<\/p>\n<h2 data-v-md-heading=\"conclusion\" data-v-md-line=\"33\">Conclusi\u00f3n<\/h2>\n<p data-v-md-line=\"35\">Elegir Jimmy Technology significa elegir calidad, innovaci\u00f3n y fiabilidad l\u00edderes del mercado para cada movimiento que automatice. Libere hoy mismo todo el potencial de su automatizaci\u00f3n con la Serie 65.<\/p>\n<p><img fetchpriority=\"high\" decoding=\"async\" class=\"aligncenter size-full wp-image-2682\" src=\"https:\/\/servolinearactuator.com\/wp-content\/uploads\/2025\/07\/65-Series.jpg\" alt=\"\" width=\"1400\" height=\"2036\" srcset=\"https:\/\/servolinearactuator.com\/wp-content\/uploads\/2025\/07\/65-Series.jpg 1400w, https:\/\/servolinearactuator.com\/wp-content\/uploads\/2025\/07\/65-Series-206x300.jpg 206w, https:\/\/servolinearactuator.com\/wp-content\/uploads\/2025\/07\/65-Series-704x1024.jpg 704w, https:\/\/servolinearactuator.com\/wp-content\/uploads\/2025\/07\/65-Series-768x1117.jpg 768w, https:\/\/servolinearactuator.com\/wp-content\/uploads\/2025\/07\/65-Series-1056x1536.jpg 1056w, https:\/\/servolinearactuator.com\/wp-content\/uploads\/2025\/07\/65-Series-600x873.jpg 600w\" sizes=\"(max-width: 1400px) 100vw, 1400px\" \/> <img decoding=\"async\" class=\"aligncenter size-full wp-image-2679\" src=\"https:\/\/servolinearactuator.com\/wp-content\/uploads\/2025\/07\/65-Series-1.jpg\" alt=\"\" width=\"1413\" height=\"2036\" srcset=\"https:\/\/servolinearactuator.com\/wp-content\/uploads\/2025\/07\/65-Series-1.jpg 1413w, https:\/\/servolinearactuator.com\/wp-content\/uploads\/2025\/07\/65-Series-1-208x300.jpg 208w, https:\/\/servolinearactuator.com\/wp-content\/uploads\/2025\/07\/65-Series-1-711x1024.jpg 711w, https:\/\/servolinearactuator.com\/wp-content\/uploads\/2025\/07\/65-Series-1-768x1107.jpg 768w, https:\/\/servolinearactuator.com\/wp-content\/uploads\/2025\/07\/65-Series-1-1066x1536.jpg 1066w, https:\/\/servolinearactuator.com\/wp-content\/uploads\/2025\/07\/65-Series-1-600x865.jpg 600w\" sizes=\"(max-width: 1413px) 100vw, 1413px\" \/><img decoding=\"async\" class=\"aligncenter size-full wp-image-2681\" src=\"https:\/\/servolinearactuator.com\/wp-content\/uploads\/2025\/07\/65-Series-5.jpg\" alt=\"\" width=\"1413\" height=\"2036\" srcset=\"https:\/\/servolinearactuator.com\/wp-content\/uploads\/2025\/07\/65-Series-5.jpg 1413w, https:\/\/servolinearactuator.com\/wp-content\/uploads\/2025\/07\/65-Series-5-208x300.jpg 208w, https:\/\/servolinearactuator.com\/wp-content\/uploads\/2025\/07\/65-Series-5-711x1024.jpg 711w, https:\/\/servolinearactuator.com\/wp-content\/uploads\/2025\/07\/65-Series-5-768x1107.jpg 768w, https:\/\/servolinearactuator.com\/wp-content\/uploads\/2025\/07\/65-Series-5-1066x1536.jpg 1066w, https:\/\/servolinearactuator.com\/wp-content\/uploads\/2025\/07\/65-Series-5-600x865.jpg 600w\" sizes=\"(max-width: 1413px) 100vw, 1413px\" \/> <img loading=\"lazy\" decoding=\"async\" class=\"aligncenter size-full wp-image-2680\" src=\"https:\/\/servolinearactuator.com\/wp-content\/uploads\/2025\/07\/65-Series-4.jpg\" alt=\"\" width=\"1427\" height=\"2036\" srcset=\"https:\/\/servolinearactuator.com\/wp-content\/uploads\/2025\/07\/65-Series-4.jpg 1427w, https:\/\/servolinearactuator.com\/wp-content\/uploads\/2025\/07\/65-Series-4-210x300.jpg 210w, https:\/\/servolinearactuator.com\/wp-content\/uploads\/2025\/07\/65-Series-4-718x1024.jpg 718w, https:\/\/servolinearactuator.com\/wp-content\/uploads\/2025\/07\/65-Series-4-768x1096.jpg 768w, https:\/\/servolinearactuator.com\/wp-content\/uploads\/2025\/07\/65-Series-4-1077x1536.jpg 1077w, https:\/\/servolinearactuator.com\/wp-content\/uploads\/2025\/07\/65-Series-4-600x856.jpg 600w\" sizes=\"(max-width: 1427px) 100vw, 1427px\" \/><\/p>\n<p><script src=\"chrome-extension:\/\/fpelahbljekknahkcaegamhcndkfpfnc\/iFrame.js\" type=\"text\/javascript\"><\/script><\/p>","protected":false},"excerpt":{"rendered":"<div class=\"model-prompt-container\" data-turn-role=\"Model\">\n<div class=\"turn-content\">\n<p class=\"ng-star-inserted\"><span class=\"ng-star-inserted\">Desbloquee la automatizaci\u00f3n de nivel superior con el servocilindro el\u00e9ctrico OEM de la serie 65. Ofrece una precisi\u00f3n sin concesiones y una potencia robusta dise\u00f1ada a medida.<\/span><\/p>\n<\/div>\n<\/div>\n<p><script src=\"chrome-extension:\/\/fpelahbljekknahkcaegamhcndkfpfnc\/iFrame.js\" type=\"text\/javascript\"><\/script><\/p>","protected":false},"featured_media":2427,"template":"","meta":{"_kad_post_transparent":"default","_kad_post_title":"","_kad_post_layout":"default","_kad_post_sidebar_id":"","_kad_post_content_style":"default","_kad_post_vertical_padding":"default","_kad_post_feature":"","_kad_post_feature_position":"","_kad_post_header":false,"_kad_post_footer":false,"_kad_post_classname":""},"product_brand":[],"product_cat":[587,563,581,556,15,586,545],"product_tag":[653,652,647],"class_list":{"0":"post-2393","1":"product","2":"type-product","3":"status-publish","4":"has-post-thumbnail","6":"product_cat-actuators-by-drive-type","7":"product_cat-actuators-by-motor-type","8":"product_cat-actuators-by-popular-application","9":"product_cat-electric-cylinders","10":"product_cat-electric-linear-actuators","11":"product_cat-industrial-automation","12":"product_cat-servo-motor-actuators","13":"product_tag-custom-linear-actuator","14":"product_tag-oem-actuator","15":"product_tag-servo-electric-cylinder","17":"first","18":"instock","19":"shipping-taxable","20":"product-type-simple","21":"entry","22":"content-bg","23":"loop-entry"},"_links":{"self":[{"href":"https:\/\/servolinearactuator.com\/es\/wp-json\/wp\/v2\/product\/2393","targetHints":{"allow":["GET"]}}],"collection":[{"href":"https:\/\/servolinearactuator.com\/es\/wp-json\/wp\/v2\/product"}],"about":[{"href":"https:\/\/servolinearactuator.com\/es\/wp-json\/wp\/v2\/types\/product"}],"wp:featuredmedia":[{"embeddable":true,"href":"https:\/\/servolinearactuator.com\/es\/wp-json\/wp\/v2\/media\/2427"}],"wp:attachment":[{"href":"https:\/\/servolinearactuator.com\/es\/wp-json\/wp\/v2\/media?parent=2393"}],"wp:term":[{"taxonomy":"product_brand","embeddable":true,"href":"https:\/\/servolinearactuator.com\/es\/wp-json\/wp\/v2\/product_brand?post=2393"},{"taxonomy":"product_cat","embeddable":true,"href":"https:\/\/servolinearactuator.com\/es\/wp-json\/wp\/v2\/product_cat?post=2393"},{"taxonomy":"product_tag","embeddable":true,"href":"https:\/\/servolinearactuator.com\/es\/wp-json\/wp\/v2\/product_tag?post=2393"}],"curies":[{"name":"wp","href":"https:\/\/api.w.org\/{rel}","templated":true}]}}