{"id":2392,"date":"2025-07-09T09:30:13","date_gmt":"2025-07-09T09:30:13","guid":{"rendered":"https:\/\/servolinearactuator.com\/?post_type=product&#038;p=2392"},"modified":"2025-07-24T22:23:57","modified_gmt":"2025-07-24T14:23:57","slug":"65-series-high-speed-servo-linear-actuator-electric-cylinder","status":"publish","type":"product","link":"https:\/\/servolinearactuator.com\/es\/65-series-high-speed-servo-linear-actuator-electric-cylinder\/","title":{"rendered":"Servoactuador lineal de alta velocidad serie 65 | Cilindro el\u00e9ctrico"},"content":{"rendered":"<p data-v-md-line=\"3\">Experimente la precisi\u00f3n, la potencia y la verdadera innovaci\u00f3n con el servoactuador lineal de alta velocidad de la serie 65 de Jimmy Technology: un cilindro el\u00e9ctrico de primera clase dise\u00f1ado para la automatizaci\u00f3n industrial exigente que se niega a conformarse con lo \"suficientemente bueno\".<\/p>\n<p data-v-md-line=\"5\"><strong>Caracter\u00edsticas y ventajas<\/strong><\/p>\n<ul data-v-md-line=\"6\">\n<li>Construcci\u00f3n robusta para una durabilidad a largo plazo: Fabricado a partir de materiales de alta calidad, como aluminio anodizado y varilla de acero inoxidable, este actuador prospera en entornos dif\u00edciles. Su robusta estructura resiste la corrosi\u00f3n, los ciclos de trabajo pesado y las tareas de automatizaci\u00f3n m\u00e1s exigentes.<\/li>\n<li>Movimiento lineal de alta velocidad: Con capacidades de aceleraci\u00f3n y deceleraci\u00f3n r\u00e1pidas, la serie 65 reduce dr\u00e1sticamente los tiempos de ciclo y maximiza el rendimiento, lo que supone un cambio radical para las l\u00edneas de envasado o las aplicaciones de pick and place de alta velocidad.<\/li>\n<li>Servocontrol de bucle cerrado: Gracias a los avanzados sistemas de control de velocidad y fuerza, obtendr\u00e1 una precisi\u00f3n submilim\u00e9trica y un movimiento lineal repetible, fundamentales para la dosificaci\u00f3n de precisi\u00f3n, la automatizaci\u00f3n del montaje y las tareas cr\u00edticas de calidad.<\/li>\n<li>Potente rendimiento de alto empuje: Con unos rangos de fuerza adecuados para el ensamblaje de autom\u00f3viles, el prensado y la manipulaci\u00f3n de materiales pesados, este actuador est\u00e1 preparado para hacer frente a movimientos industriales de gran fuerza, sustituyendo los sistemas neum\u00e1ticos e hidr\u00e1ulicos por una potencia el\u00e9ctrica eficiente.<\/li>\n<li>Protecci\u00f3n medioambiental \u00f3ptima: Disponible con sellado IP65, el actuador resiste el polvo y el agua, por lo que es ideal para entornos de lavado o incluso para instalaciones exteriores exigentes.<\/li>\n<li>F\u00e1cil integraci\u00f3n y funcionamiento sin mantenimiento: Compatible con servomotores populares, PLC y protocolos de comunicaci\u00f3n industrial como EtherCAT, Ethernet\/IP y Profinet, este cilindro el\u00e9ctrico mantiene el dise\u00f1o de su armario de control racionalizado. Las opciones de husillo de bolas y de rodillos garantizan una larga vida \u00fatil y un mantenimiento m\u00ednimo.<\/li>\n<\/ul>\n<p data-v-md-line=\"13\"><strong>Amplias aplicaciones<\/strong><br \/>\nEste actuador destaca en todos los lugares donde la velocidad, la fuerza y la precisi\u00f3n son m\u00e1s importantes. Es el est\u00e1ndar de oro para soluciones de automatizaci\u00f3n industrial, ensamblaje de autom\u00f3viles, rob\u00f3tica avanzada, procesamiento de alimentos y bebidas, envasado, embotellado y manipulaci\u00f3n de materiales en f\u00e1bricas que avanzan hacia la eficiencia de la Industria 4.0.<\/p>\n<p data-v-md-line=\"16\"><strong>Especificaciones<\/strong><\/p>\n<ul data-v-md-line=\"17\">\n<li>Fuerza: Normalmente de 1 kN a 20 kN (hasta 50 kN para configuraciones m\u00e1s grandes)<\/li>\n<li>Velocidad: Puede alcanzar de 500 mm\/s a 2000 mm\/s (con opciones de hasta 3000 mm\/s)<\/li>\n<li>Longitud de carrera: Flexible: de 50 mm a 1.500 mm, con opciones personalizadas disponibles<\/li>\n<li>Tensi\u00f3n de entrada: Compatible con servoaccionamientos industriales est\u00e1ndar (consulte la hoja de datos detallada de Jimmy Technology para obtener informaci\u00f3n espec\u00edfica).<\/li>\n<li>Grado de protecci\u00f3n: IP65 de serie, que ofrece resistencia al polvo y al agua en entornos dif\u00edciles y de lavado.<\/li>\n<\/ul>\n<p data-v-md-line=\"23\"><strong>Asistencia t\u00e9cnica<\/strong><br \/>\nEn Jimmy Technology, nuestro equipo est\u00e1 comprometido con el \u00e9xito de su proyecto. Proporcionamos asistencia t\u00e9cnica completa, incluidos modelos CAD detallados, fichas t\u00e9cnicas, diagramas de cableado y asesoramiento experto para garantizar una integraci\u00f3n perfecta y una puesta en servicio m\u00e1s r\u00e1pida.<\/p>\n<p data-v-md-line=\"26\"><strong>Conclusi\u00f3n<\/strong><br \/>\nElegir Jimmy Technology significa invertir en calidad l\u00edder del mercado, ingenier\u00eda de vanguardia y fiabilidad inquebrantable, lo que hace que cada proyecto de automatizaci\u00f3n sea m\u00e1s r\u00e1pido, m\u00e1s inteligente y m\u00e1s rentable desde el principio.<\/p>\n<p><img fetchpriority=\"high\" decoding=\"async\" class=\"aligncenter size-full wp-image-2679\" src=\"https:\/\/servolinearactuator.com\/wp-content\/uploads\/2025\/07\/65-Series-1.jpg\" alt=\"\" width=\"1413\" height=\"2036\" srcset=\"https:\/\/servolinearactuator.com\/wp-content\/uploads\/2025\/07\/65-Series-1.jpg 1413w, https:\/\/servolinearactuator.com\/wp-content\/uploads\/2025\/07\/65-Series-1-208x300.jpg 208w, https:\/\/servolinearactuator.com\/wp-content\/uploads\/2025\/07\/65-Series-1-711x1024.jpg 711w, https:\/\/servolinearactuator.com\/wp-content\/uploads\/2025\/07\/65-Series-1-768x1107.jpg 768w, https:\/\/servolinearactuator.com\/wp-content\/uploads\/2025\/07\/65-Series-1-1066x1536.jpg 1066w, https:\/\/servolinearactuator.com\/wp-content\/uploads\/2025\/07\/65-Series-1-600x865.jpg 600w\" sizes=\"(max-width: 1413px) 100vw, 1413px\" \/> <img decoding=\"async\" class=\"aligncenter size-full wp-image-2682\" src=\"https:\/\/servolinearactuator.com\/wp-content\/uploads\/2025\/07\/65-Series.jpg\" alt=\"\" width=\"1400\" height=\"2036\" srcset=\"https:\/\/servolinearactuator.com\/wp-content\/uploads\/2025\/07\/65-Series.jpg 1400w, https:\/\/servolinearactuator.com\/wp-content\/uploads\/2025\/07\/65-Series-206x300.jpg 206w, https:\/\/servolinearactuator.com\/wp-content\/uploads\/2025\/07\/65-Series-704x1024.jpg 704w, https:\/\/servolinearactuator.com\/wp-content\/uploads\/2025\/07\/65-Series-768x1117.jpg 768w, https:\/\/servolinearactuator.com\/wp-content\/uploads\/2025\/07\/65-Series-1056x1536.jpg 1056w, https:\/\/servolinearactuator.com\/wp-content\/uploads\/2025\/07\/65-Series-600x873.jpg 600w\" sizes=\"(max-width: 1400px) 100vw, 1400px\" \/><img decoding=\"async\" class=\"aligncenter size-full wp-image-2680\" src=\"https:\/\/servolinearactuator.com\/wp-content\/uploads\/2025\/07\/65-Series-4.jpg\" alt=\"\" width=\"1427\" height=\"2036\" srcset=\"https:\/\/servolinearactuator.com\/wp-content\/uploads\/2025\/07\/65-Series-4.jpg 1427w, https:\/\/servolinearactuator.com\/wp-content\/uploads\/2025\/07\/65-Series-4-210x300.jpg 210w, https:\/\/servolinearactuator.com\/wp-content\/uploads\/2025\/07\/65-Series-4-718x1024.jpg 718w, https:\/\/servolinearactuator.com\/wp-content\/uploads\/2025\/07\/65-Series-4-768x1096.jpg 768w, https:\/\/servolinearactuator.com\/wp-content\/uploads\/2025\/07\/65-Series-4-1077x1536.jpg 1077w, https:\/\/servolinearactuator.com\/wp-content\/uploads\/2025\/07\/65-Series-4-600x856.jpg 600w\" sizes=\"(max-width: 1427px) 100vw, 1427px\" \/> <img loading=\"lazy\" decoding=\"async\" class=\"aligncenter size-full wp-image-2681\" src=\"https:\/\/servolinearactuator.com\/wp-content\/uploads\/2025\/07\/65-Series-5.jpg\" alt=\"\" width=\"1413\" height=\"2036\" srcset=\"https:\/\/servolinearactuator.com\/wp-content\/uploads\/2025\/07\/65-Series-5.jpg 1413w, https:\/\/servolinearactuator.com\/wp-content\/uploads\/2025\/07\/65-Series-5-208x300.jpg 208w, https:\/\/servolinearactuator.com\/wp-content\/uploads\/2025\/07\/65-Series-5-711x1024.jpg 711w, https:\/\/servolinearactuator.com\/wp-content\/uploads\/2025\/07\/65-Series-5-768x1107.jpg 768w, https:\/\/servolinearactuator.com\/wp-content\/uploads\/2025\/07\/65-Series-5-1066x1536.jpg 1066w, https:\/\/servolinearactuator.com\/wp-content\/uploads\/2025\/07\/65-Series-5-600x865.jpg 600w\" sizes=\"(max-width: 1413px) 100vw, 1413px\" \/><\/p>\n<p><script src=\"chrome-extension:\/\/fpelahbljekknahkcaegamhcndkfpfnc\/iFrame.js\" type=\"text\/javascript\"><\/script><\/p>","protected":false},"excerpt":{"rendered":"<div class=\"model-prompt-container\" data-turn-role=\"Model\">\n<div class=\"turn-content\">\n<p class=\"ng-star-inserted\"><span class=\"ng-star-inserted\">Servoactuador de alta velocidad serie 65 de Jimmy Technology: Precisi\u00f3n, potencia e innovaci\u00f3n para una automatizaci\u00f3n industrial exigente que nunca se conforma con lo \"suficientemente bueno\".<\/span><\/p>\n<\/div>\n<\/div>\n<p><script src=\"chrome-extension:\/\/fpelahbljekknahkcaegamhcndkfpfnc\/iFrame.js\" type=\"text\/javascript\"><\/script><\/p>","protected":false},"featured_media":2433,"template":"","meta":{"_kad_post_transparent":"default","_kad_post_title":"","_kad_post_layout":"default","_kad_post_sidebar_id":"","_kad_post_content_style":"default","_kad_post_vertical_padding":"default","_kad_post_feature":"","_kad_post_feature_position":"","_kad_post_header":false,"_kad_post_footer":false,"_kad_post_classname":""},"product_brand":[],"product_cat":[587,566,563,581,570,556,15,571,568,545],"product_tag":[614,651,649],"class_list":{"0":"post-2392","1":"product","2":"type-product","3":"status-publish","4":"has-post-thumbnail","6":"product_cat-actuators-by-drive-type","7":"product_cat-actuators-by-force-duty","8":"product_cat-actuators-by-motor-type","9":"product_cat-actuators-by-popular-application","10":"product_cat-actuators-by-speed","11":"product_cat-electric-cylinders","12":"product_cat-electric-linear-actuators","13":"product_cat-high-speed-linear-actuators","14":"product_cat-medium-duty-linear-actuators","15":"product_cat-servo-motor-actuators","16":"product_tag-electric-cylinder","17":"product_tag-high-speed-actuator","18":"product_tag-servo-linear-actuator","20":"first","21":"instock","22":"shipping-taxable","23":"product-type-simple","24":"entry","25":"content-bg","26":"loop-entry"},"_links":{"self":[{"href":"https:\/\/servolinearactuator.com\/es\/wp-json\/wp\/v2\/product\/2392","targetHints":{"allow":["GET"]}}],"collection":[{"href":"https:\/\/servolinearactuator.com\/es\/wp-json\/wp\/v2\/product"}],"about":[{"href":"https:\/\/servolinearactuator.com\/es\/wp-json\/wp\/v2\/types\/product"}],"wp:featuredmedia":[{"embeddable":true,"href":"https:\/\/servolinearactuator.com\/es\/wp-json\/wp\/v2\/media\/2433"}],"wp:attachment":[{"href":"https:\/\/servolinearactuator.com\/es\/wp-json\/wp\/v2\/media?parent=2392"}],"wp:term":[{"taxonomy":"product_brand","embeddable":true,"href":"https:\/\/servolinearactuator.com\/es\/wp-json\/wp\/v2\/product_brand?post=2392"},{"taxonomy":"product_cat","embeddable":true,"href":"https:\/\/servolinearactuator.com\/es\/wp-json\/wp\/v2\/product_cat?post=2392"},{"taxonomy":"product_tag","embeddable":true,"href":"https:\/\/servolinearactuator.com\/es\/wp-json\/wp\/v2\/product_tag?post=2392"}],"curies":[{"name":"wp","href":"https:\/\/api.w.org\/{rel}","templated":true}]}}