{"id":2388,"date":"2025-07-08T14:38:04","date_gmt":"2025-07-08T14:38:04","guid":{"rendered":"https:\/\/servolinearactuator.com\/?post_type=product&#038;p=2388"},"modified":"2025-07-24T22:54:58","modified_gmt":"2025-07-24T14:54:58","slug":"pa6-heavy-duty-12v-linear-actuator-for-agriculture-marine","status":"publish","type":"product","link":"https:\/\/servolinearactuator.com\/es\/pa6-heavy-duty-12v-linear-actuator-for-agriculture-marine\/","title":{"rendered":"PA6 Actuador Lineal de 12V para Agricultura y Marina"},"content":{"rendered":"<p data-v-md-line=\"3\">El actuador lineal PA6 Heavy Duty 12V de Jimmy Technology aporta automatizaci\u00f3n de primer nivel a entornos impredecibles y exigentes. Este es el actuador robusto y de bajo mantenimiento en el que conf\u00edan los profesionales para un rendimiento durante todo el a\u00f1o y en cualquier condici\u00f3n meteorol\u00f3gica.<\/p>\n<h2 data-v-md-heading=\"features-and-benefits\" data-v-md-line=\"5\">Caracter\u00edsticas y ventajas<\/h2>\n<ul data-v-md-line=\"7\">\n<li><strong>Dise\u00f1ado para ofrecer versatilidad y resistencia:<\/strong>\u00a0Con opciones de carga nominal desde 30 N hasta un potente 1500 N, este actuador se adapta a una amplia gama de tareas, desde pesadas elevaciones de escotillas en barcos hasta duras rampas para remolques en el campo.<\/li>\n<li><strong>Construcci\u00f3n duradera y resistente a la corrosi\u00f3n:<\/strong>\u00a0El dise\u00f1o del n\u00facleo de poliamida PA6 y el tubo de extensi\u00f3n interior de acero inoxidable ofrecen una resistencia superior a la corrosi\u00f3n, una larga vida \u00fatil y un bajo mantenimiento, incluso cuando se exponen al agua salada, a los fertilizantes o al maltrato en exteriores.<\/li>\n<li><strong>Tensi\u00f3n flexible, integraci\u00f3n inteligente:<\/strong>\u00a0Compatible con sistemas de 12 V y 24 V CC, puede instalar este actuador en tractores, embarcaciones o equipos accionados por bater\u00eda, sin quebraderos de cabeza de alimentaci\u00f3n, s\u00f3lo movimiento sin interrupciones.<\/li>\n<li><strong>Dise\u00f1ado para condiciones duras en exteriores:<\/strong>\u00a0Con certificaci\u00f3n de estanqueidad IP65, ni la lluvia torrencial ni las olas le frenar\u00e1n. Est\u00e1 preparado para el polvo, las salpicaduras de agua, el barro o las salpicaduras de productos qu\u00edmicos: la definici\u00f3n de un actuador lineal para exteriores.<\/li>\n<li><strong>Protege su equipo y a s\u00ed mismo:<\/strong>\u00a0Las funciones opcionales, como el potenci\u00f3metro integrado y los sensores Hall, proporcionan informaci\u00f3n precisa sobre la posici\u00f3n, mientras que la protecci\u00f3n contra sobrecarga del motor y el embrague protegen su inversi\u00f3n contra el calado y el desgaste.<\/li>\n<li><strong>Dise\u00f1o sin mantenimiento:<\/strong>\u00a0Config\u00farelo, util\u00edcelo y olv\u00eddese de \u00e9l: los actuadores PA6 est\u00e1n fabricados para ofrecer una larga vida \u00fatil con un mantenimiento m\u00ednimo, de modo que el tiempo de inactividad no merme su productividad.<\/li>\n<\/ul>\n<h2 data-v-md-heading=\"wide-applications\" data-v-md-line=\"14\">Amplias aplicaciones<\/h2>\n<p data-v-md-line=\"16\">Tanto si automatiza la ventilaci\u00f3n regulable de un invernadero inteligente, como si abre las escotillas de un barco, dirige un sistema de acuicultura o moderniza equipos ganaderos, descubrir\u00e1 que este actuador destaca en los sectores de la agricultura, la marina, la dom\u00f3tica, los dispositivos m\u00e9dicos y muchos m\u00e1s.<\/p>\n<h2 data-v-md-heading=\"specifications\" data-v-md-line=\"18\">Especificaciones<\/h2>\n<ul data-v-md-line=\"20\">\n<li><strong>Fuerza:<\/strong>\u00a030N a 1500N (m\u00faltiples opciones)<\/li>\n<li><strong>Velocidad:<\/strong>\u00a0Hasta 22 mm\/s, seg\u00fan la carga<\/li>\n<li><strong>Longitud de la carrera:<\/strong>\u00a0Configurable para diversos requisitos<\/li>\n<li><strong>Tensi\u00f3n de entrada:<\/strong>\u00a012 V o 24 V CC<\/li>\n<li><strong>Grado de protecci\u00f3n:<\/strong>\u00a0IP65 a prueba de agua\/polvo<\/li>\n<li><strong>Sensores y retroalimentaci\u00f3n:<\/strong>\u00a0Potenci\u00f3metro y sensor Hall disponibles<\/li>\n<li><strong>Eje:<\/strong>\u00a0Tubo de extensi\u00f3n de acero inoxidable para una m\u00e1xima longevidad<\/li>\n<\/ul>\n<h2 data-v-md-heading=\"technical-support\" data-v-md-line=\"28\">Asistencia t\u00e9cnica<\/h2>\n<p data-v-md-line=\"30\">Jimmy Technology proporciona asistencia t\u00e9cnica completa: modelos CAD detallados, hojas de datos completas y diagramas de cableado que garantizan un dise\u00f1o, una configuraci\u00f3n y una integraci\u00f3n sin complicaciones.<\/p>\n<h2 data-v-md-heading=\"conclusion\" data-v-md-line=\"32\">Conclusi\u00f3n<\/h2>\n<p data-v-md-line=\"34\">Cuando cada proyecto exige una fiabilidad robusta y un rendimiento superior, el actuador lineal PA6 Heavy Duty 12V de Jimmy Technology destaca por encima del resto: su socio de confianza para un movimiento serio en los entornos m\u00e1s exigentes.<\/p>","protected":false},"excerpt":{"rendered":"<p>El actuador lineal PA6 Heavy Duty 12V de Jimmy Technology ofrece una automatizaci\u00f3n robusta y resistente a cualquier condici\u00f3n meteorol\u00f3gica para aplicaciones agr\u00edcolas y marinas exigentes.<\/p>","protected":false},"featured_media":2670,"template":"","meta":{"_kad_post_transparent":"default","_kad_post_title":"","_kad_post_layout":"default","_kad_post_sidebar_id":"","_kad_post_content_style":"default","_kad_post_vertical_padding":"default","_kad_post_feature":"","_kad_post_feature_position":"","_kad_post_header":false,"_kad_post_footer":false,"_kad_post_classname":""},"product_brand":[],"product_cat":[587,15,566,563,581,543,567,584],"product_tag":[643,644,617],"class_list":{"0":"post-2388","1":"product","2":"type-product","3":"status-publish","4":"has-post-thumbnail","6":"product_cat-actuators-by-drive-type","7":"product_cat-electric-linear-actuators","8":"product_cat-actuators-by-force-duty","9":"product_cat-actuators-by-motor-type","10":"product_cat-actuators-by-popular-application","11":"product_cat-brushed-dc-actuators","12":"product_cat-heavy-duty-linear-actuators","13":"product_cat-rv-marine-automation","14":"product_tag-12v-linear-actuator","15":"product_tag-agriculture-actuator","16":"product_tag-heavy-duty-actuator","18":"first","19":"instock","20":"shipping-taxable","21":"product-type-simple","22":"entry","23":"content-bg","24":"loop-entry"},"_links":{"self":[{"href":"https:\/\/servolinearactuator.com\/es\/wp-json\/wp\/v2\/product\/2388","targetHints":{"allow":["GET"]}}],"collection":[{"href":"https:\/\/servolinearactuator.com\/es\/wp-json\/wp\/v2\/product"}],"about":[{"href":"https:\/\/servolinearactuator.com\/es\/wp-json\/wp\/v2\/types\/product"}],"wp:featuredmedia":[{"embeddable":true,"href":"https:\/\/servolinearactuator.com\/es\/wp-json\/wp\/v2\/media\/2670"}],"wp:attachment":[{"href":"https:\/\/servolinearactuator.com\/es\/wp-json\/wp\/v2\/media?parent=2388"}],"wp:term":[{"taxonomy":"product_brand","embeddable":true,"href":"https:\/\/servolinearactuator.com\/es\/wp-json\/wp\/v2\/product_brand?post=2388"},{"taxonomy":"product_cat","embeddable":true,"href":"https:\/\/servolinearactuator.com\/es\/wp-json\/wp\/v2\/product_cat?post=2388"},{"taxonomy":"product_tag","embeddable":true,"href":"https:\/\/servolinearactuator.com\/es\/wp-json\/wp\/v2\/product_tag?post=2388"}],"curies":[{"name":"wp","href":"https:\/\/api.w.org\/{rel}","templated":true}]}}