{"id":2387,"date":"2025-07-08T14:38:02","date_gmt":"2025-07-08T14:38:02","guid":{"rendered":"https:\/\/servolinearactuator.com\/?post_type=product&#038;p=2387"},"modified":"2025-07-24T22:54:05","modified_gmt":"2025-07-24T14:54:05","slug":"pa5-electric-linear-actuator-with-position-feedback-option","status":"publish","type":"product","link":"https:\/\/servolinearactuator.com\/es\/pa5-electric-linear-actuator-with-position-feedback-option\/","title":{"rendered":"Actuador lineal el\u00e9ctrico PA5 con opci\u00f3n de realimentaci\u00f3n de posici\u00f3n"},"content":{"rendered":"<p data-v-md-line=\"3\">Consiga un control refinado y una fiabilidad sin concesiones con el actuador lineal el\u00e9ctrico PA5 con opci\u00f3n de realimentaci\u00f3n de posici\u00f3n de Jimmy Technology. Dise\u00f1ado para sobresalir en los entornos de automatizaci\u00f3n m\u00e1s exigentes, este actuador ofrece la combinaci\u00f3n perfecta de fuerza, inteligencia y precisi\u00f3n que usted necesita.<\/p>\n<h2 data-v-md-heading=\"features-and-benefits\" data-v-md-line=\"6\">Caracter\u00edsticas y ventajas<\/h2>\n<ul data-v-md-line=\"7\">\n<li>Construcci\u00f3n robusta: Dise\u00f1ado con materiales de alta calidad y resistencia, el PA5 soporta el abuso industrial, las inclemencias meteorol\u00f3gicas y el uso intensivo, lo que lo convierte en uno de los actuadores m\u00e1s robustos del mercado.<\/li>\n<li>Excelencia en realimentaci\u00f3n de posici\u00f3n: Elija entre retroalimentaci\u00f3n integrada de potenci\u00f3metro o sensor de efecto Hall, lo que le permite lograr control de movimiento de bucle cerrado, precisi\u00f3n milim\u00e9trica y automatizaci\u00f3n avanzada para cualquier aplicaci\u00f3n.<\/li>\n<li>Protecci\u00f3n del embrague: El embrague mec\u00e1nico protege su equipo y el actuador de da\u00f1os durante sobrecargas, proporcionando mayor tranquilidad y una vida operativa m\u00e1s larga.<\/li>\n<li>Alimentaci\u00f3n vers\u00e1til: Compatible con tensiones de CC (como 12 V o 24 V), el PA5 se adapta a una amplia gama de sistemas de control, desde controladores l\u00f3gicos programables (PLC) hasta configuraciones personalizadas de microcontroladores.<\/li>\n<li>Finales de carrera incorporados: La desconexi\u00f3n autom\u00e1tica en los l\u00edmites de carrera protege contra el exceso de recorrido, garantizando una mayor seguridad y reduciendo tanto el tiempo de inactividad como los quebraderos de cabeza de mantenimiento.<\/li>\n<li>Clasificaci\u00f3n IP para entornos dif\u00edciles: Dise\u00f1ado para estar listo para la acci\u00f3n en entornos industriales, agr\u00edcolas o al aire libre exigentes; su grado de protecci\u00f3n IP protege contra el polvo y la entrada de agua.<\/li>\n<li>Bajo mantenimiento, funcionamiento silencioso: Los engranajes internos de precisi\u00f3n y los mecanismos de movimiento avanzados proporcionan un movimiento lineal suave, fiable y silencioso en el que puede confiar, turno tras turno.<\/li>\n<\/ul>\n<h2 data-v-md-heading=\"wide-applications\" data-v-md-line=\"15\">Amplias aplicaciones<\/h2>\n<p data-v-md-line=\"16\">Tanto si est\u00e1 automatizando una soluci\u00f3n de energ\u00eda renovable, un brazo rob\u00f3tico, un dispositivo m\u00e9dico o incluso un escritorio ergon\u00f3mico de alta tecnolog\u00eda, el PA5 es su actuador de referencia para el control de movimiento lineal. Es ideal para la automatizaci\u00f3n de f\u00e1bricas, rob\u00f3tica avanzada, maquinaria agr\u00edcola, veh\u00edculos especiales, actualizaciones de dom\u00f3tica, seguimiento solar y mucho m\u00e1s.<\/p>\n<h2 data-v-md-heading=\"specifications\" data-v-md-line=\"18\">Especificaciones<\/h2>\n<ul data-v-md-line=\"19\">\n<li>Fuerza: Capacidad de carga pesada (consulte la hoja de datos de PA5 para conocer los valores exactos)<\/li>\n<li>Velocidad: M\u00faltiples opciones disponibles para adaptarse al perfil de movimiento deseado<\/li>\n<li>Longitud de carrera: Configurable para adaptarse a diversas tareas de automatizaci\u00f3n<\/li>\n<li>Tensi\u00f3n de entrada: modelos de 12 V o 24 V CC<\/li>\n<li>Grado de protecci\u00f3n: Clasificaci\u00f3n IP para uso exterior e industrial<\/li>\n<\/ul>\n<h2 data-v-md-heading=\"technical-support\" data-v-md-line=\"25\">Asistencia t\u00e9cnica<\/h2>\n<p data-v-md-line=\"26\">Jimmy Technology proporciona asistencia completa, incluidos modelos CAD, diagramas de cableado y hojas de datos detalladas, para que la integraci\u00f3n sea sencilla y sin complicaciones para su equipo.<\/p>\n<h2 data-v-md-heading=\"conclusion\" data-v-md-line=\"28\">Conclusi\u00f3n<\/h2>\n<p data-v-md-line=\"29\">Cuando exija un rendimiento duradero, una precisi\u00f3n insuperable y una versatilidad sin fisuras, haga de Jimmy Technology su primera opci\u00f3n en control de movimiento avanzado.<\/p>","protected":false},"excerpt":{"rendered":"<p>El actuador lineal el\u00e9ctrico PA5: Control refinado, fiabilidad robusta. Con retroalimentaci\u00f3n de posici\u00f3n para mayor precisi\u00f3n, se adapta a entornos de automatizaci\u00f3n exigentes.<\/p>","protected":false},"featured_media":2647,"template":"","meta":{"_kad_post_transparent":"default","_kad_post_title":"","_kad_post_layout":"default","_kad_post_sidebar_id":"","_kad_post_content_style":"default","_kad_post_vertical_padding":"default","_kad_post_feature":"","_kad_post_feature_position":"","_kad_post_header":false,"_kad_post_footer":false,"_kad_post_classname":""},"product_brand":[],"product_cat":[587,15,577,566,563,581,578,543,568],"product_tag":[641,642],"class_list":{"0":"post-2387","1":"product","2":"type-product","3":"status-publish","4":"has-post-thumbnail","6":"product_cat-actuators-by-drive-type","7":"product_cat-electric-linear-actuators","8":"product_cat-actuators-by-feature","9":"product_cat-actuators-by-force-duty","10":"product_cat-actuators-by-motor-type","11":"product_cat-actuators-by-popular-application","12":"product_cat-actuators-with-position-feedback","13":"product_cat-brushed-dc-actuators","14":"product_cat-medium-duty-linear-actuators","15":"product_tag-electric-linear-actuator","16":"product_tag-position-feedback","18":"first","19":"instock","20":"shipping-taxable","21":"product-type-simple","22":"entry","23":"content-bg","24":"loop-entry"},"_links":{"self":[{"href":"https:\/\/servolinearactuator.com\/es\/wp-json\/wp\/v2\/product\/2387","targetHints":{"allow":["GET"]}}],"collection":[{"href":"https:\/\/servolinearactuator.com\/es\/wp-json\/wp\/v2\/product"}],"about":[{"href":"https:\/\/servolinearactuator.com\/es\/wp-json\/wp\/v2\/types\/product"}],"wp:featuredmedia":[{"embeddable":true,"href":"https:\/\/servolinearactuator.com\/es\/wp-json\/wp\/v2\/media\/2647"}],"wp:attachment":[{"href":"https:\/\/servolinearactuator.com\/es\/wp-json\/wp\/v2\/media?parent=2387"}],"wp:term":[{"taxonomy":"product_brand","embeddable":true,"href":"https:\/\/servolinearactuator.com\/es\/wp-json\/wp\/v2\/product_brand?post=2387"},{"taxonomy":"product_cat","embeddable":true,"href":"https:\/\/servolinearactuator.com\/es\/wp-json\/wp\/v2\/product_cat?post=2387"},{"taxonomy":"product_tag","embeddable":true,"href":"https:\/\/servolinearactuator.com\/es\/wp-json\/wp\/v2\/product_tag?post=2387"}],"curies":[{"name":"wp","href":"https:\/\/api.w.org\/{rel}","templated":true}]}}