{"id":2385,"date":"2025-07-08T14:37:37","date_gmt":"2025-07-08T14:37:37","guid":{"rendered":"https:\/\/servolinearactuator.com\/?post_type=product&#038;p=2385"},"modified":"2025-07-24T22:51:29","modified_gmt":"2025-07-24T14:51:29","slug":"pa3-low-noise-small-linear-actuator-for-furniture-home","status":"publish","type":"product","link":"https:\/\/servolinearactuator.com\/es\/pa3-low-noise-small-linear-actuator-for-furniture-home\/","title":{"rendered":"PA3 Actuador lineal peque\u00f1o y silencioso para muebles y hogar"},"content":{"rendered":"<p data-v-md-line=\"3\">\u00bfBusca una automatizaci\u00f3n perfecta, un rendimiento silencioso y un dise\u00f1o que ahorre espacio en su pr\u00f3ximo proyecto dom\u00e9stico o de mobiliario? El actuador lineal peque\u00f1o de bajo ruido PA3 de Jimmy Technology ofrece sofisticaci\u00f3n, silencio y potencia, lo que le permite automatizar y elevar su entorno vital sin concesiones.<\/p>\n<h2 data-v-md-heading=\"features-and-benefits\" data-v-md-line=\"5\">Caracter\u00edsticas y ventajas<\/h2>\n<ul data-v-md-line=\"7\">\n<li><strong>Dise\u00f1o ultracompacto y potente:<\/strong>\u00a0Con un tama\u00f1o de montaje compacto, el PA3 se desliza sin esfuerzo en espacios reducidos dentro de muebles, armarios y elementos inteligentes personalizados. Obtendr\u00e1 la fuerza que necesita con una fuerza m\u00e1xima de empuje\/tracci\u00f3n de hasta 8000 N, suficiente para realizar ajustes complejos en todo tipo de elementos, desde mecanismos de reclinaci\u00f3n de sof\u00e1s hasta elevadores de TV ocultos, todo ello en un tama\u00f1o tan compacto que pr\u00e1cticamente desaparece.<\/li>\n<li><strong>Movimiento lineal silencioso:<\/strong>\u00a0Dise\u00f1ado para un funcionamiento silencioso, el PA3 mantiene la paz en dormitorios, salones y espacios de trabajo donde es esencial minimizar el ruido ambiental. Este actuador satisface realmente la demanda de muebles motorizados silenciosos y proyectos de mobiliario con actuadores de bajo nivel sonoro.<\/li>\n<li><strong>Fiabilidad robusta, dise\u00f1ada para durar:<\/strong>\u00a0El grado de impermeabilidad IP65 significa que disfrutar\u00e1 de un funcionamiento fiable y sin mantenimiento incluso en entornos dom\u00e9sticos polvorientos o h\u00famedos. La protecci\u00f3n contra sobrecargas salvaguarda su inversi\u00f3n, garantizando que, incluso en condiciones exigentes, el actuador y su equipo permanezcan protegidos.<\/li>\n<li><strong>Integraci\u00f3n avanzada de sensores:<\/strong>\u00a0Los sensores Hall opcionales ofrecen un control y una respuesta precisos para aplicaciones de automatizaci\u00f3n dom\u00e9stica, perfectas para integrar opciones de actuadores dom\u00e9sticos inteligentes en configuraciones de \u00e9lite preparadas para el futuro.<\/li>\n<li><strong>Amplia gama de temperaturas:<\/strong>\u00a0El PA3, que funciona entre -40 \u00b0C y +65 \u00b0C, est\u00e1 preparado tanto para interiores c\u00e1lidos como para entornos m\u00e1s exigentes (por ejemplo, muebles inteligentes de exterior junto a la piscina o garajes sin calefacci\u00f3n).<\/li>\n<\/ul>\n<h2 data-v-md-heading=\"wide-applications\" data-v-md-line=\"13\">Amplias aplicaciones<\/h2>\n<p data-v-md-line=\"15\">El Jimmy Technology PA3 es el actuador ideal para la automatizaci\u00f3n de muebles modernos: destaca en escritorios ajustables, camas motorizadas, sof\u00e1s reclinables, elevadores de TV automatizados, almacenamiento oculto, armarios de cocina inteligentes, enchufes emergentes y mucho m\u00e1s. Aporte comodidad, flexibilidad ergon\u00f3mica y automatizaci\u00f3n de vanguardia a cualquier proyecto residencial o de hogar inteligente.<\/p>\n<h2 data-v-md-heading=\"specifications\" data-v-md-line=\"17\">Especificaciones<\/h2>\n<ul data-v-md-line=\"19\">\n<li><strong>Fuerza:<\/strong>\u00a0Hasta 8000N (empujar\/tirar)<\/li>\n<li><strong>Velocidad:<\/strong>\u00a020 mm\/s a plena carga<\/li>\n<li><strong>Longitud de la carrera:<\/strong>\u00a020-1000 mm (personalizable para cada proyecto)<\/li>\n<li><strong>Tensi\u00f3n de entrada:<\/strong>\u00a0Disponible para sistemas de 12 V o 24 V CC<\/li>\n<li><strong>Grado de protecci\u00f3n:<\/strong>\u00a0IP65 (totalmente estanco al polvo, protegido contra chorros de agua)<\/li>\n<li><strong>Gama de temperaturas:<\/strong>\u00a0-40\u00b0C a +65\u00b0C<\/li>\n<li><strong>Caracter\u00edsticas adicionales:<\/strong>\u00a0Protecci\u00f3n contra sobrecarga, sensores Hall para retroalimentaci\u00f3n y control<\/li>\n<\/ul>\n<h2 data-v-md-heading=\"technical-support\" data-v-md-line=\"27\">Asistencia t\u00e9cnica<\/h2>\n<p data-v-md-line=\"29\">Jimmy Technology ofrece asistencia t\u00e9cnica completa para la serie PA3, incluidos modelos CAD detallados, hojas de datos t\u00e9cnicos espec\u00edficos y diagramas de cableado f\u00e1ciles de usar. Trabajamos estrechamente con usted, desde la planificaci\u00f3n hasta la instalaci\u00f3n, para que pueda disfrutar de una integraci\u00f3n sin problemas en cualquier actuador lineal compacto, movimiento lineal residencial o aplicaci\u00f3n de mobiliario ergon\u00f3mico.<\/p>\n<h2 data-v-md-heading=\"conclusion\" data-v-md-line=\"31\">Conclusi\u00f3n<\/h2>\n<p data-v-md-line=\"33\">Elija Jimmy Technology para sus necesidades dom\u00f3ticas y experimente una soluci\u00f3n l\u00edder en el mercado en la que se unen potencia silenciosa, fiabilidad y dise\u00f1o inteligente. El actuador lineal peque\u00f1o de bajo ruido PA3 no es solo una actualizaci\u00f3n, es el futuro del confort ergon\u00f3mico y silencioso para cualquier hogar moderno.<\/p>","protected":false},"excerpt":{"rendered":"<div class=\"chat-container\">\n<div class=\"chat-view-container ng-star-inserted\">\n<div>\n<div class=\"chat-turn-container model render cdk-focused cdk-mouse-focused\" tabindex=\"-1\">\n<div class=\"model-prompt-container\" data-turn-role=\"Model\">\n<div class=\"turn-content\">\n<p class=\"ng-star-inserted\"><span class=\"ng-star-inserted\">Desbloquee la automatizaci\u00f3n perfecta y silenciosa. El PA3 de Jimmy Technology es un actuador lineal compacto y potente para muebles que aporta sofisticaci\u00f3n y silencio a su hogar.<\/span><\/p>\n<\/div>\n<\/div>\n<\/div>\n<\/div>\n<\/div>\n<\/div>","protected":false},"featured_media":2617,"template":"","meta":{"_kad_post_transparent":"default","_kad_post_title":"","_kad_post_layout":"default","_kad_post_sidebar_id":"","_kad_post_content_style":"default","_kad_post_vertical_padding":"default","_kad_post_feature":"","_kad_post_feature_position":"","_kad_post_header":false,"_kad_post_footer":false,"_kad_post_classname":""},"product_brand":[],"product_cat":[587,15,566,563,581,570,543,585,569,572],"product_tag":[637,635,636],"class_list":{"0":"post-2385","1":"product","2":"type-product","3":"status-publish","4":"has-post-thumbnail","6":"product_cat-actuators-by-drive-type","7":"product_cat-electric-linear-actuators","8":"product_cat-actuators-by-force-duty","9":"product_cat-actuators-by-motor-type","10":"product_cat-actuators-by-popular-application","11":"product_cat-actuators-by-speed","12":"product_cat-brushed-dc-actuators","13":"product_cat-diy-projects-robotics","14":"product_cat-light-duty-miniature-actuators","15":"product_cat-quiet-linear-actuators","16":"product_tag-furniture-actuator","17":"product_tag-low-noise-actuator","18":"product_tag-small-linear-actuator","20":"first","21":"instock","22":"shipping-taxable","23":"product-type-simple","24":"entry","25":"content-bg","26":"loop-entry"},"_links":{"self":[{"href":"https:\/\/servolinearactuator.com\/es\/wp-json\/wp\/v2\/product\/2385","targetHints":{"allow":["GET"]}}],"collection":[{"href":"https:\/\/servolinearactuator.com\/es\/wp-json\/wp\/v2\/product"}],"about":[{"href":"https:\/\/servolinearactuator.com\/es\/wp-json\/wp\/v2\/types\/product"}],"wp:featuredmedia":[{"embeddable":true,"href":"https:\/\/servolinearactuator.com\/es\/wp-json\/wp\/v2\/media\/2617"}],"wp:attachment":[{"href":"https:\/\/servolinearactuator.com\/es\/wp-json\/wp\/v2\/media?parent=2385"}],"wp:term":[{"taxonomy":"product_brand","embeddable":true,"href":"https:\/\/servolinearactuator.com\/es\/wp-json\/wp\/v2\/product_brand?post=2385"},{"taxonomy":"product_cat","embeddable":true,"href":"https:\/\/servolinearactuator.com\/es\/wp-json\/wp\/v2\/product_cat?post=2385"},{"taxonomy":"product_tag","embeddable":true,"href":"https:\/\/servolinearactuator.com\/es\/wp-json\/wp\/v2\/product_tag?post=2385"}],"curies":[{"name":"wp","href":"https:\/\/api.w.org\/{rel}","templated":true}]}}