{"id":2381,"date":"2025-07-08T14:32:09","date_gmt":"2025-07-08T14:32:09","guid":{"rendered":"https:\/\/servolinearactuator.com\/?post_type=product&#038;p=2381"},"modified":"2025-07-24T22:48:50","modified_gmt":"2025-07-24T14:48:50","slug":"od28-high-speed-linear-actuator-with-brushless-dc-motor","status":"publish","type":"product","link":"https:\/\/servolinearactuator.com\/es\/od28-high-speed-linear-actuator-with-brushless-dc-motor\/","title":{"rendered":"OD28 Actuador lineal de alta velocidad con motor de corriente continua sin escobillas"},"content":{"rendered":"<p data-v-md-line=\"3\">Descubra un nuevo est\u00e1ndar en automatizaci\u00f3n compacta: el actuador lineal de alta velocidad OD28 ofrece una fuerza, precisi\u00f3n y robustez excepcionales en un paquete extraordinariamente peque\u00f1o. Dise\u00f1ado para entornos exigentes, es la elecci\u00f3n perfecta para los profesionales que no quieren renunciar a la fiabilidad ni al rendimiento.<\/p>\n<h2 data-v-md-heading=\"features-and-benefits\" data-v-md-line=\"5\">Caracter\u00edsticas y ventajas<\/h2>\n<ul data-v-md-line=\"7\">\n<li><strong>Resistencia y durabilidad inigualables:<\/strong>\u00a0Construido con un tubo de extensi\u00f3n y una carcasa exterior de aluminio de alta calidad, y con una mejora opcional de acero inoxidable, este actuador est\u00e1 dise\u00f1ado para prosperar donde otros fracasan. Ofrece una resistencia a la corrosi\u00f3n inigualable y una larga vida \u00fatil, incluso en las condiciones m\u00e1s duras.<\/li>\n<li><strong>Rendimiento de alta resistencia:<\/strong>\u00a0Con una extraordinaria fuerza de tracci\u00f3n m\u00e1xima de hasta 3000 N, la OD28 supera las tareas m\u00e1s duras, moviendo cargas pesadas con facilidad y manteniendo la precisi\u00f3n.<\/li>\n<li><strong>Movimiento flexible y preciso:<\/strong>\u00a0Con una amplia gama de carreras de 15 mm a 600 mm y opciones de retroalimentaci\u00f3n integradas como potenci\u00f3metros e interruptores de se\u00f1al, conseguir\u00e1 una precisi\u00f3n posicional excepcional, ideal para aplicaciones de automatizaci\u00f3n, rob\u00f3tica y laboratorio en las que \"casi\" no es suficiente.<\/li>\n<li><strong>IP66 Resistencia al polvo y al agua:<\/strong>\u00a0Con clasificaci\u00f3n IP66, este actuador es resistente al polvo y al agua, por lo que es perfecto para espacios de trabajo industriales, automatizaci\u00f3n en exteriores y cualquier entorno en el que la fiabilidad no pueda dejarse al azar.<\/li>\n<li><strong>Funcionamiento silencioso:<\/strong>\u00a0Al funcionar a \u226460dB, se adapta perfectamente a entornos m\u00e9dicos, de laboratorio o de oficina, proporcionando potencia industrial sin ruido.<\/li>\n<li><strong>Seguridad y controles inteligentes:<\/strong>\u00a0Incorpora finales de carrera y protecci\u00f3n de limitaci\u00f3n de corriente. Este actuador protege sus equipos y a s\u00ed mismo, trabajando silenciosamente en segundo plano para que usted pueda centrarse en los resultados, no en las reparaciones.<\/li>\n<li><strong>Fiabilidad todo el a\u00f1o:<\/strong>\u00a0Funciona a temperaturas extremas de -25\u00b0C a +65\u00b0C. Ya sea en una ma\u00f1ana helada al aire libre o en una l\u00ednea de producci\u00f3n calurosa, el OD28 sigue funcionando.<\/li>\n<\/ul>\n<h2 data-v-md-heading=\"wide-applications\" data-v-md-line=\"15\">Amplias aplicaciones<\/h2>\n<p data-v-md-line=\"17\">El actuador OD28 se adapta sin esfuerzo a pr\u00e1cticamente cualquier proyecto. Tanto si est\u00e1 avanzando en la automatizaci\u00f3n del hogar, construyendo rob\u00f3tica precisa, actualizando sistemas de automoci\u00f3n personalizados, desplegando seguimiento solar o racionalizando equipos industriales, este actuador destaca como su soluci\u00f3n m\u00e1s vers\u00e1til y fiable.<\/p>\n<h2 data-v-md-heading=\"specifications\" data-v-md-line=\"19\">Especificaciones<\/h2>\n<ul data-v-md-line=\"21\">\n<li>Fuerza: Hasta 3000N de fuerza de tracci\u00f3n (l\u00edder del sector para su tama\u00f1o)<\/li>\n<li>Velocidad: 4 mm\/s sin carga (3 mm\/s con carga m\u00e1xima); 8 mm\/s sin carga (6 mm\/s a 1500N)<\/li>\n<li>Longitud de carrera: 15-600 mm disponible<\/li>\n<li>Tensi\u00f3n de entrada: 12 V o 24 V CC<\/li>\n<li>Grado de protecci\u00f3n: IP66 (estanco al polvo y al agua)<\/li>\n<\/ul>\n<h2 data-v-md-heading=\"technical-support\" data-v-md-line=\"27\">Asistencia t\u00e9cnica<\/h2>\n<p data-v-md-line=\"29\">Con Jimmy Technology, nunca tendr\u00e1 que hacerlo solo. Ofrecemos modelos CAD detallados, diagramas de cableado y hojas de datos, para que la integraci\u00f3n sea sencilla y sin complicaciones. Nuestros expertos est\u00e1n a su disposici\u00f3n para ayudarle en el dise\u00f1o, la creaci\u00f3n de prototipos y la implantaci\u00f3n.<\/p>\n<h2 data-v-md-heading=\"conclusion\" data-v-md-line=\"31\">Conclusi\u00f3n<\/h2>\n<p data-v-md-line=\"33\">Elija Jimmy Technology y haga avanzar su automatizaci\u00f3n con confianza: experimente la calidad, innovaci\u00f3n y fiabilidad l\u00edderes del sector en cada actuador lineal OD28.<\/p>","protected":false},"excerpt":{"rendered":"<p>Conozca el actuador lineal de alta velocidad OD28: una central compacta de fuerza y precisi\u00f3n. Dise\u00f1ado para trabajos duros, ofrece a los profesionales una fiabilidad y un rendimiento inigualables.<\/p>","protected":false},"featured_media":2658,"template":"","meta":{"_kad_post_transparent":"default","_kad_post_title":"","_kad_post_layout":"default","_kad_post_sidebar_id":"","_kad_post_content_style":"default","_kad_post_vertical_padding":"default","_kad_post_feature":"","_kad_post_feature_position":"","_kad_post_header":false,"_kad_post_footer":false,"_kad_post_classname":""},"product_brand":[],"product_cat":[587,563,581,564,570,547,546,15,571],"product_tag":[628,627,626],"class_list":{"0":"post-2381","1":"product","2":"type-product","3":"status-publish","4":"has-post-thumbnail","6":"product_cat-actuators-by-drive-type","7":"product_cat-actuators-by-motor-type","8":"product_cat-actuators-by-popular-application","9":"product_cat-actuators-by-screw-type","10":"product_cat-actuators-by-speed","11":"product_cat-ball-screw-actuators","12":"product_cat-brushless-dc-actuators","13":"product_cat-electric-linear-actuators","14":"product_cat-high-speed-linear-actuators","15":"product_tag-12v-24v-dc-motor","16":"product_tag-brushless-dc-motor","17":"product_tag-high-speed-linear-actuator","19":"first","20":"instock","21":"shipping-taxable","22":"product-type-simple","23":"entry","24":"content-bg","25":"loop-entry"},"_links":{"self":[{"href":"https:\/\/servolinearactuator.com\/es\/wp-json\/wp\/v2\/product\/2381","targetHints":{"allow":["GET"]}}],"collection":[{"href":"https:\/\/servolinearactuator.com\/es\/wp-json\/wp\/v2\/product"}],"about":[{"href":"https:\/\/servolinearactuator.com\/es\/wp-json\/wp\/v2\/types\/product"}],"wp:featuredmedia":[{"embeddable":true,"href":"https:\/\/servolinearactuator.com\/es\/wp-json\/wp\/v2\/media\/2658"}],"wp:attachment":[{"href":"https:\/\/servolinearactuator.com\/es\/wp-json\/wp\/v2\/media?parent=2381"}],"wp:term":[{"taxonomy":"product_brand","embeddable":true,"href":"https:\/\/servolinearactuator.com\/es\/wp-json\/wp\/v2\/product_brand?post=2381"},{"taxonomy":"product_cat","embeddable":true,"href":"https:\/\/servolinearactuator.com\/es\/wp-json\/wp\/v2\/product_cat?post=2381"},{"taxonomy":"product_tag","embeddable":true,"href":"https:\/\/servolinearactuator.com\/es\/wp-json\/wp\/v2\/product_tag?post=2381"}],"curies":[{"name":"wp","href":"https:\/\/api.w.org\/{rel}","templated":true}]}}