{"id":2377,"date":"2025-07-08T14:31:51","date_gmt":"2025-07-08T14:31:51","guid":{"rendered":"https:\/\/servolinearactuator.com\/?post_type=product&#038;p=2377"},"modified":"2025-07-24T22:41:57","modified_gmt":"2025-07-24T14:41:57","slug":"od4-60000n-heavy-duty-electric-actuator-for-industrial-use","status":"publish","type":"product","link":"https:\/\/servolinearactuator.com\/es\/od4-60000n-heavy-duty-electric-actuator-for-industrial-use\/","title":{"rendered":"OD4 60000N Actuador el\u00e9ctrico de gran potencia para uso industrial"},"content":{"rendered":"<p data-v-md-line=\"3\">Cuando su proyecto de automatizaci\u00f3n industrial exige tanto fuerza bruta como total tranquilidad, el actuador el\u00e9ctrico OD4 60000N Heavy Duty de Jimmy Technology destaca como la elecci\u00f3n obvia. Combinando un empuje masivo de 60 kN con ingenier\u00eda avanzada, este cilindro el\u00e9ctrico industrial establece un nuevo est\u00e1ndar en fiabilidad, longevidad y rendimiento para los entornos m\u00e1s exigentes.<\/p>\n<h2 data-v-md-heading=\"features-and-benefits\" data-v-md-line=\"5\">Caracter\u00edsticas y ventajas<\/h2>\n<ul data-v-md-line=\"7\">\n<li><strong>Excepcional salida de empuje de 60.000 N:<\/strong>\u00a0Proporciona un movimiento lineal de alta fuerza para las cargas m\u00e1s pesadas, perfecto para aplicaciones como accionamiento de v\u00e1lvulas de gran tama\u00f1o, manipulaci\u00f3n de materiales pesados y prensas industriales de gran tama\u00f1o.<\/li>\n<li><strong>Construcci\u00f3n robusta de grado industrial:<\/strong>\u00a0Construido con materiales de alta calidad y una carcasa resistente a la corrosi\u00f3n, este actuador soporta condiciones extremas. Puede confiar en su robusto dise\u00f1o para exteriores o entornos industriales dif\u00edciles a\u00f1o tras a\u00f1o.<\/li>\n<li><strong>Grado de protecci\u00f3n IP67:<\/strong>\u00a0Tanto si se enfrenta al polvo, al agua o a condiciones meteorol\u00f3gicas impredecibles, el OD4 sigue funcionando. Su alto grado de protecci\u00f3n contra la penetraci\u00f3n se traduce en una aut\u00e9ntica resistencia medioambiental y en su idoneidad para entornos exteriores y de lavado.<\/li>\n<li><strong>S1 Funcionamiento continuo:<\/strong>\u00a0Dise\u00f1ado para una acci\u00f3n ininterrumpida, este actuador ofrece un ciclo de trabajo pesado que soporta los m\u00e1s altos niveles de tiempo de actividad, ideal para sistemas cr\u00edticos de control de procesos y automatizaci\u00f3n que nunca deben descansar.<\/li>\n<li><strong>Retroalimentaci\u00f3n de posici\u00f3n integrada:<\/strong>\u00a0Gracias a los enc\u00f3deres avanzados o a las opciones de potenci\u00f3metro, conseguir\u00e1 una precisi\u00f3n de posicionamiento milim\u00e9trica. El movimiento de precisi\u00f3n garantiza que sus procesos se desarrollen tal y como usted desea, en todo momento.<\/li>\n<li><strong>Amplia compatibilidad de control:<\/strong>\u00a0Se integra perfectamente en las modernas arquitecturas de automatizaci\u00f3n industrial. Admite protocolos de comunicaci\u00f3n est\u00e1ndar como Modbus, Profibus y Ethernet\/IP para una interconexi\u00f3n sencilla con PLC, DCS o sistemas SCADA.<\/li>\n<li><strong>Caracter\u00edsticas de seguridad y fiabilidad:<\/strong>\u00a0Obtendr\u00e1 tranquilidad con las protecciones t\u00e9rmicas y de sobrecarga integradas, los interruptores de fin de carrera personalizables, la anulaci\u00f3n manual de emergencia y las opciones de actuaci\u00f3n a prueba de fallos.<\/li>\n<li><strong>Dise\u00f1o de bajo mantenimiento y larga duraci\u00f3n:<\/strong>\u00a0Con una eficiencia mec\u00e1nica superior y sin fluido hidr\u00e1ulico que gestionar, minimizar\u00e1 el tiempo de inactividad por mantenimiento y los costes operativos. La avanzada transmisi\u00f3n por husillo de rodillos garantiza d\u00e9cadas de servicio fiable incluso con las cargas m\u00e1s duras.<\/li>\n<\/ul>\n<h2 data-v-md-heading=\"wide-applications\" data-v-md-line=\"16\">Amplias aplicaciones<\/h2>\n<p data-v-md-line=\"18\">El actuador OD4 60000N es la soluci\u00f3n ideal para las necesidades de actuadores el\u00e9ctricos de equipos pesados y aplicaciones de automatizaci\u00f3n industrial. A menudo lo encontrar\u00e1 automatizando v\u00e1lvulas de compuerta masivas en la generaci\u00f3n de energ\u00eda, controlando amortiguadores en plantas de cemento y acero, gestionando desviadores o compuertas de vertedero en miner\u00eda y garantizando operaciones precisas de sujeci\u00f3n o prensado en fabricaci\u00f3n. Siempre que sea necesario un movimiento lineal fiable y de gran empuje, este actuador estar\u00e1 a la altura de las circunstancias.<\/p>\n<h2 data-v-md-heading=\"specifications\" data-v-md-line=\"20\">Especificaciones<\/h2>\n<ul data-v-md-line=\"22\">\n<li><strong>Fuerza:<\/strong>\u00a060.000 N (60 kN) de alto empuje para movimientos lineales de alta resistencia<\/li>\n<li><strong>Velocidad:<\/strong>\u00a0Adaptable a los requisitos de la aplicaci\u00f3n (consulte la hoja de datos para conocer los rangos est\u00e1ndar)<\/li>\n<li><strong>Longitud de la carrera:<\/strong>\u00a0Disponible en una amplia gama de longitudes para adaptarse a las instalaciones industriales m\u00e1s exigentes<\/li>\n<li><strong>Tensi\u00f3n de entrada:<\/strong>\u00a0Com\u00fanmente 24V\/12V DC para m\u00e1xima fiabilidad (otros voltajes disponibles bajo pedido)<\/li>\n<li><strong>Grado de protecci\u00f3n:<\/strong>\u00a0IP67-protecci\u00f3n total contra el polvo y soporta potentes chorros de agua o inmersi\u00f3n temporal<\/li>\n<\/ul>\n<h2 data-v-md-heading=\"technical-support\" data-v-md-line=\"28\">Asistencia t\u00e9cnica<\/h2>\n<p data-v-md-line=\"30\">Jimmy Technology respalda su inversi\u00f3n con una asistencia completa: desde modelos CAD detallados y diagramas de cableado hasta asistencia t\u00e9cnica de respuesta r\u00e1pida. La integraci\u00f3n del OD4 en su arquitectura de control es sencilla y sin complicaciones, con gu\u00edas y hojas de datos que le ayudar\u00e1n en cada paso del proceso.<\/p>\n<h2 data-v-md-heading=\"conclusion\" data-v-md-line=\"32\">Conclusi\u00f3n<\/h2>\n<p data-v-md-line=\"34\">Cuando elige Jimmy Technology, est\u00e1 eligiendo calidad l\u00edder en el mercado, innovaci\u00f3n y fiabilidad inquebrantable, dise\u00f1adas para impulsar su \u00e9xito en los entornos industriales m\u00e1s exigentes.<\/p>","protected":false},"excerpt":{"rendered":"<p>El actuador OD4 60000N de Jimmy Technology ofrece un empuje de 60 kN para los trabajos industriales m\u00e1s duros. Consiga un movimiento lineal fiable y de alto rendimiento.<\/p>\n<p><script src=\"chrome-extension:\/\/fpelahbljekknahkcaegamhcndkfpfnc\/iFrame.js\" type=\"text\/javascript\"><\/script><\/p>","protected":false},"featured_media":2584,"template":"","meta":{"_kad_post_transparent":"default","_kad_post_title":"","_kad_post_layout":"default","_kad_post_sidebar_id":"","_kad_post_content_style":"default","_kad_post_vertical_padding":"default","_kad_post_feature":"","_kad_post_feature_position":"","_kad_post_header":false,"_kad_post_footer":false,"_kad_post_classname":""},"product_brand":[],"product_cat":[587,15,573,566,563,581,543,567,576],"product_tag":[616,618,617],"class_list":{"0":"post-2377","1":"product","2":"type-product","3":"status-publish","4":"has-post-thumbnail","6":"product_cat-actuators-by-drive-type","7":"product_cat-electric-linear-actuators","8":"product_cat-actuators-by-environment","9":"product_cat-actuators-by-force-duty","10":"product_cat-actuators-by-motor-type","11":"product_cat-actuators-by-popular-application","12":"product_cat-brushed-dc-actuators","13":"product_cat-heavy-duty-linear-actuators","14":"product_cat-industrial-linear-actuators","15":"product_tag-60000n-actuator","16":"product_tag-electric-actuator","17":"product_tag-heavy-duty-actuator","19":"first","20":"instock","21":"shipping-taxable","22":"product-type-simple","23":"entry","24":"content-bg","25":"loop-entry"},"_links":{"self":[{"href":"https:\/\/servolinearactuator.com\/es\/wp-json\/wp\/v2\/product\/2377","targetHints":{"allow":["GET"]}}],"collection":[{"href":"https:\/\/servolinearactuator.com\/es\/wp-json\/wp\/v2\/product"}],"about":[{"href":"https:\/\/servolinearactuator.com\/es\/wp-json\/wp\/v2\/types\/product"}],"wp:featuredmedia":[{"embeddable":true,"href":"https:\/\/servolinearactuator.com\/es\/wp-json\/wp\/v2\/media\/2584"}],"wp:attachment":[{"href":"https:\/\/servolinearactuator.com\/es\/wp-json\/wp\/v2\/media?parent=2377"}],"wp:term":[{"taxonomy":"product_brand","embeddable":true,"href":"https:\/\/servolinearactuator.com\/es\/wp-json\/wp\/v2\/product_brand?post=2377"},{"taxonomy":"product_cat","embeddable":true,"href":"https:\/\/servolinearactuator.com\/es\/wp-json\/wp\/v2\/product_cat?post=2377"},{"taxonomy":"product_tag","embeddable":true,"href":"https:\/\/servolinearactuator.com\/es\/wp-json\/wp\/v2\/product_tag?post=2377"}],"curies":[{"name":"wp","href":"https:\/\/api.w.org\/{rel}","templated":true}]}}