{"id":2374,"date":"2025-07-08T14:06:10","date_gmt":"2025-07-08T14:06:10","guid":{"rendered":"https:\/\/servolinearactuator.com\/?post_type=product&#038;p=2374"},"modified":"2025-07-24T22:13:06","modified_gmt":"2025-07-24T14:13:06","slug":"45-eg-heavy-duty-ball-screw-linear-motion-actuator","status":"publish","type":"product","link":"https:\/\/servolinearactuator.com\/es\/45-eg-heavy-duty-ball-screw-linear-motion-actuator\/","title":{"rendered":"45-EG Actuador lineal de husillo de bolas para cargas pesadas"},"content":{"rendered":"<p data-v-md-line=\"58\">Desbloquee la fuerza, repetibilidad y robustez l\u00edderes del sector con el actuador de movimiento lineal de husillo de bolas 45-EG Heavy Duty de Jimmy Technology, su soluci\u00f3n de automatizaci\u00f3n de alto rendimiento dise\u00f1ada para las exigencias de los entornos industriales modernos.<\/p>\n<h2 data-v-md-heading=\"features-and-benefits-1\" data-v-md-line=\"60\">Caracter\u00edsticas y ventajas<\/h2>\n<ul data-v-md-line=\"62\">\n<li>\n<p data-v-md-line=\"62\"><strong>Mecanismo de husillo de bolas de precisi\u00f3n y alta resistencia<\/strong><br \/>\nEl 45-EG incorpora un robusto sistema de accionamiento por husillo de bolas que proporciona un movimiento lineal suave y preciso en el que puede confiar para la automatizaci\u00f3n, el montaje y la manipulaci\u00f3n de materiales cr\u00edticos. Conseguir\u00e1 una precisi\u00f3n de posicionamiento y una repetibilidad extraordinarias.<\/p>\n<\/li>\n<li>\n<p data-v-md-line=\"65\"><strong>Dise\u00f1ado para entornos dif\u00edciles<\/strong><br \/>\nElija entre ra\u00edles gu\u00eda de acero al carbono o de acero inoxidable para obtener el equilibrio perfecto entre fuerza y resistencia a la corrosi\u00f3n para su aplicaci\u00f3n. Este actuador est\u00e1 hecho para trabajos duros: entornos en los que algunos actuadores tienen dificultades, el 45-EG simplemente prospera.<\/p>\n<\/li>\n<li>\n<p data-v-md-line=\"68\"><strong>Gran capacidad de carga para tareas exigentes<\/strong><br \/>\nDise\u00f1ada pensando en el uso industrial, la 45-EG manipula cargas horizontales de hasta 25 kg y cargas verticales de hasta 10 kg. Ahora puede automatizar operaciones de elevaci\u00f3n de cargas pesadas y de empuje o tracci\u00f3n exigentes con total confianza.<\/p>\n<\/li>\n<li>\n<p data-v-md-line=\"71\"><strong>Repetibilidad excepcional en cada ciclo<\/strong><br \/>\nCon una repetibilidad de \u00b10,02 mm, mantendr\u00e1 un posicionamiento fiable y preciso d\u00eda tras d\u00eda. Su proceso automatizado obtiene la consistencia necesaria para la fabricaci\u00f3n de grandes vol\u00famenes, las pruebas o la rob\u00f3tica.<\/p>\n<\/li>\n<li>\n<p data-v-md-line=\"74\"><strong>Longitud de carrera configurable<\/strong><br \/>\nObtenga exactamente el alcance que necesita para su aplicaci\u00f3n. Las carreras efectivas van de 100 mm a 1.000 mm, mientras que la longitud total del actuador se ajusta en consecuencia, tanto si necesita un movimiento compacto como un mayor alcance.<\/p>\n<\/li>\n<li>\n<p data-v-md-line=\"77\"><strong>Velocidad y par optimizados<\/strong><br \/>\nConsiga un movimiento r\u00e1pido y eficaz con velocidades de hasta 0,2 m\/s. La fiable transmisi\u00f3n de par del actuador garantiza un control sensible, lo que se traduce en un mayor rendimiento de sus l\u00edneas automatizadas.<\/p>\n<\/li>\n<li>\n<p data-v-md-line=\"80\"><strong>Dise\u00f1o de f\u00e1cil mantenimiento<\/strong><br \/>\nLos componentes de alta calidad minimizan el desgaste, reducen el tiempo de inactividad y mantienen sonriente a su equipo de mantenimiento.<\/p>\n<\/li>\n<\/ul>\n<h2 data-v-md-heading=\"wide-applications-1\" data-v-md-line=\"83\">Amplias aplicaciones<\/h2>\n<p data-v-md-line=\"85\">El actuador lineal de husillo de bolas 45-EG es la soluci\u00f3n ideal para proyectos de automatizaci\u00f3n industrial, rob\u00f3tica, maquinaria de embalaje, sistemas de manipulaci\u00f3n de materiales, ensamblaje de precisi\u00f3n y entornos exigentes en los que la fuerza y la precisi\u00f3n no son negociables. Tambi\u00e9n es ideal para configuraciones avanzadas de I+D, maquinaria personalizada y bancos de pruebas exigentes.<\/p>\n<h2 data-v-md-heading=\"specifications-1\" data-v-md-line=\"87\">Especificaciones<\/h2>\n<ul data-v-md-line=\"89\">\n<li><strong>Fuerza:<\/strong>\u00a0Hasta 25 kg de capacidad de carga horizontal y 10 kg de carga vertical<\/li>\n<li><strong>Velocidad:<\/strong>\u00a0Hasta 0,2 m\/s<\/li>\n<li><strong>Longitud de la carrera:<\/strong>\u00a0100 mm - 1000 mm (configurable)<\/li>\n<li><strong>Tensi\u00f3n de entrada:<\/strong>\u00a0[Consulte las opciones t\u00e9cnicas para su entorno de control].<\/li>\n<li><strong>Grado de protecci\u00f3n:<\/strong>\u00a0[P\u00f3ngase en contacto con nosotros para conocer los detalles espec\u00edficos de su aplicaci\u00f3n; disponemos de opciones de acero al carbono y acero inoxidable para una mayor durabilidad].<\/li>\n<\/ul>\n<h2 data-v-md-heading=\"technical-support-1\" data-v-md-line=\"95\">Asistencia t\u00e9cnica<\/h2>\n<p data-v-md-line=\"97\">Jimmy Technology respalda el actuador 45-EG con un completo soporte t\u00e9cnico. Acceda a modelos CAD detallados, hojas de datos t\u00e9cnicos y diagramas de cableado completos para simplificar su proceso de dise\u00f1o e integraci\u00f3n. Nuestros ingenieros est\u00e1n listos para ayudarle a especificar el actuador perfecto para su sistema de automatizaci\u00f3n.<\/p>\n<h2 data-v-md-heading=\"conclusion-1\" data-v-md-line=\"99\">Conclusi\u00f3n<\/h2>\n<p data-v-md-line=\"101\">Elija el actuador de movimiento lineal de husillo de bolas 45-EG Heavy Duty de Jimmy Technology y aseg\u00farese una durabilidad l\u00edder en el mercado, innovaci\u00f3n en ingenier\u00eda y fiabilidad probada para su pr\u00f3ximo proyecto.<\/p>\n<p><img fetchpriority=\"high\" decoding=\"async\" class=\"aligncenter size-full wp-image-2714\" src=\"https:\/\/servolinearactuator.com\/wp-content\/uploads\/2025\/07\/45-sp.png\" alt=\"\" width=\"840\" height=\"1106\" srcset=\"https:\/\/servolinearactuator.com\/wp-content\/uploads\/2025\/07\/45-sp.png 840w, https:\/\/servolinearactuator.com\/wp-content\/uploads\/2025\/07\/45-sp-228x300.png 228w, https:\/\/servolinearactuator.com\/wp-content\/uploads\/2025\/07\/45-sp-778x1024.png 778w, https:\/\/servolinearactuator.com\/wp-content\/uploads\/2025\/07\/45-sp-768x1011.png 768w, https:\/\/servolinearactuator.com\/wp-content\/uploads\/2025\/07\/45-sp-600x790.png 600w\" sizes=\"(max-width: 840px) 100vw, 840px\" \/><\/p>\n<p><script src=\"chrome-extension:\/\/fpelahbljekknahkcaegamhcndkfpfnc\/iFrame.js\" type=\"text\/javascript\"><\/script><\/p>","protected":false},"excerpt":{"rendered":"<div class=\"model-prompt-container\" data-turn-role=\"Model\">\n<div class=\"turn-content\">\n<p class=\"ng-star-inserted\"><span class=\"ng-star-inserted\">Experimente la fuerza y precisi\u00f3n l\u00edderes del sector con el actuador de husillo de bolas 45-EG de Jimmy Technology. Construido para la automatizaci\u00f3n industrial resistente.<\/span><\/p>\n<\/div>\n<\/div>\n<p><script src=\"chrome-extension:\/\/fpelahbljekknahkcaegamhcndkfpfnc\/iFrame.js\" type=\"text\/javascript\"><\/script><\/p>","protected":false},"featured_media":2518,"template":"","meta":{"_kad_post_transparent":"default","_kad_post_title":"","_kad_post_layout":"default","_kad_post_sidebar_id":"","_kad_post_content_style":"default","_kad_post_vertical_padding":"default","_kad_post_feature":"","_kad_post_feature_position":"","_kad_post_header":false,"_kad_post_footer":false,"_kad_post_classname":""},"product_brand":[],"product_cat":[587,573,566,581,564,547,567,576],"product_tag":[589,588,590],"class_list":{"0":"post-2374","1":"product","2":"type-product","3":"status-publish","4":"has-post-thumbnail","6":"product_cat-actuators-by-drive-type","7":"product_cat-actuators-by-environment","8":"product_cat-actuators-by-force-duty","9":"product_cat-actuators-by-popular-application","10":"product_cat-actuators-by-screw-type","11":"product_cat-ball-screw-actuators","12":"product_cat-heavy-duty-linear-actuators","13":"product_cat-industrial-linear-actuators","14":"product_tag-ball-screw-motion-actuator","15":"product_tag-heavy-duty-motion-actuator","16":"product_tag-linear-motion-actuator","18":"first","19":"instock","20":"shipping-taxable","21":"product-type-simple","22":"entry","23":"content-bg","24":"loop-entry"},"_links":{"self":[{"href":"https:\/\/servolinearactuator.com\/es\/wp-json\/wp\/v2\/product\/2374","targetHints":{"allow":["GET"]}}],"collection":[{"href":"https:\/\/servolinearactuator.com\/es\/wp-json\/wp\/v2\/product"}],"about":[{"href":"https:\/\/servolinearactuator.com\/es\/wp-json\/wp\/v2\/types\/product"}],"wp:featuredmedia":[{"embeddable":true,"href":"https:\/\/servolinearactuator.com\/es\/wp-json\/wp\/v2\/media\/2518"}],"wp:attachment":[{"href":"https:\/\/servolinearactuator.com\/es\/wp-json\/wp\/v2\/media?parent=2374"}],"wp:term":[{"taxonomy":"product_brand","embeddable":true,"href":"https:\/\/servolinearactuator.com\/es\/wp-json\/wp\/v2\/product_brand?post=2374"},{"taxonomy":"product_cat","embeddable":true,"href":"https:\/\/servolinearactuator.com\/es\/wp-json\/wp\/v2\/product_cat?post=2374"},{"taxonomy":"product_tag","embeddable":true,"href":"https:\/\/servolinearactuator.com\/es\/wp-json\/wp\/v2\/product_tag?post=2374"}],"curies":[{"name":"wp","href":"https:\/\/api.w.org\/{rel}","templated":true}]}}