{"id":2371,"date":"2025-07-08T14:02:48","date_gmt":"2025-07-08T14:02:48","guid":{"rendered":"https:\/\/servolinearactuator.com\/?post_type=product&#038;p=2371"},"modified":"2025-07-24T22:19:59","modified_gmt":"2025-07-24T14:19:59","slug":"64-sp-high-precision-ball-screw-linear-motion-stage","status":"publish","type":"product","link":"https:\/\/servolinearactuator.com\/es\/64-sp-high-precision-ball-screw-linear-motion-stage\/","title":{"rendered":"Etapa de movimiento lineal de husillo de bolas de alta precisi\u00f3n 64-SP"},"content":{"rendered":"<p data-v-md-line=\"3\">\u00bfBusca una precisi\u00f3n superior y una fiabilidad s\u00f3lida como una roca en su configuraci\u00f3n de automatizaci\u00f3n? La Etapa de Movimiento Lineal de Husillo de Bolas de Alta Precisi\u00f3n 64-SP de Jimmy Technology establece un nuevo punto de referencia para el control de movimiento exigente, ofreciendo una precisi\u00f3n y un rendimiento que inspirar\u00e1n confianza en cualquier entorno avanzado de ingenier\u00eda, fabricaci\u00f3n o investigaci\u00f3n.<\/p>\n<h2 data-v-md-heading=\"features-and-benefits\" data-v-md-line=\"5\">Caracter\u00edsticas y ventajas<\/h2>\n<ul data-v-md-line=\"7\">\n<li><strong>Precisi\u00f3n de posicionamiento inigualable:<\/strong>\u00a0El 64-SP cuenta con un robusto sistema de transmisi\u00f3n por husillo de bolas que consigue una precisi\u00f3n de repetici\u00f3n de posicionamiento de \u00b10,02 mm. Esto significa que su proceso de automatizaci\u00f3n o rob\u00f3tica ofrece una alta repetibilidad en todo momento.<\/li>\n<li><strong>Manipulaci\u00f3n de cargas pesadas:<\/strong>\u00a0Dise\u00f1ada para tareas industriales, esta plataforma lineal de alta carga soporta hasta 60 kg en horizontal y 30 kg en vertical, para que pueda mover conjuntos o cargas pesadas sin sacrificar la precisi\u00f3n del movimiento.<\/li>\n<li><strong>Construcci\u00f3n duradera y vers\u00e1til:<\/strong>\u00a0Elija entre gu\u00edas de acero al carbono o acero inoxidable y benef\u00edciese de una estructura r\u00edgida que amortigua las vibraciones. La 64-SP soporta un uso de ciclos elevados y resiste la deformaci\u00f3n, incluso bajo carga m\u00e1xima, superando a las gu\u00edas lineales t\u00edpicas.<\/li>\n<li><strong>Longitudes de carrera flexibles:<\/strong>\u00a0Seleccione entre longitudes de carrera efectivas de entre 100 mm y 1.500 mm. Tanto si necesita un microposicionamiento como un recorrido ampliado, obtendr\u00e1 exactamente el rango de movimiento que exige su aplicaci\u00f3n.<\/li>\n<li><strong>Seguridad integrada y adaptabilidad:<\/strong>\u00a0Las tuercas para ranura en T, los orificios de instalaci\u00f3n en los extremos y los finales de carrera opcionales le ayudan a agilizar la integraci\u00f3n. Estas caracter\u00edsticas mantienen sus equipos protegidos y permiten una r\u00e1pida alineaci\u00f3n con cualquier sistema industrial o aplicaci\u00f3n multieje.<\/li>\n<li><strong>Rendimiento a gran velocidad:<\/strong>\u00a0La mec\u00e1nica de husillo de bolas de alta eficiencia permite una r\u00e1pida aceleraci\u00f3n y deceleraci\u00f3n, lo que le permite aumentar el rendimiento sin renunciar a la precisi\u00f3n.<\/li>\n<li><strong>Modular y personalizable:<\/strong>\u00a0El sistema puede adaptarse para el montaje de motores en paralelo, deslizadores ampliados y compatibilidad de motores, tanto si utiliza motores paso a paso como servomotores, o si necesita realimentaci\u00f3n de codificadores para el control en bucle cerrado.<\/li>\n<\/ul>\n<h2 data-v-md-heading=\"wide-applications\" data-v-md-line=\"15\">Amplias aplicaciones<\/h2>\n<p data-v-md-line=\"17\">El actuador lineal de husillo de bolas 64-SP es la elecci\u00f3n ideal para la automatizaci\u00f3n avanzada, incluyendo: l\u00edneas de fabricaci\u00f3n de semiconductores, rob\u00f3tica, automatizaci\u00f3n de laboratorios, montaje de dispositivos m\u00e9dicos, componentes CNC de precisi\u00f3n, equipos de inspecci\u00f3n y metrolog\u00eda, alineaci\u00f3n \u00f3ptica y m\u00e1quinas herramienta industriales. Dise\u00f1ado para sobresalir en entornos de sala limpia, dif\u00edciles o de alto rendimiento, ofrece fiabilidad all\u00ed donde la alta precisi\u00f3n es m\u00e1s importante.<\/p>\n<h2 data-v-md-heading=\"specifications\" data-v-md-line=\"19\">Especificaciones<\/h2>\n<ul data-v-md-line=\"21\">\n<li><strong>Fuerza:<\/strong>\u00a0Hasta 60 kg (horizontal), 30 kg (vertical) de capacidad de carga din\u00e1mica<\/li>\n<li><strong>Velocidad:<\/strong>\u00a0Alta velocidad con velocidades de aceleraci\u00f3n\/desaceleraci\u00f3n adaptadas a las necesidades de su modelo (consulte la ficha t\u00e9cnica para ver la gama completa)<\/li>\n<li><strong>Longitud de la carrera:<\/strong>\u00a0De 100 mm a 1500 mm (m\u00faltiples configuraciones disponibles)<\/li>\n<li><strong>Tensi\u00f3n de entrada:<\/strong>\u00a0Compatible con configuraciones de motores paso a paso o servomotores (consulte la hoja de especificaciones del motor para conocer los detalles de integraci\u00f3n).<\/li>\n<li><strong>Grado de protecci\u00f3n:<\/strong>\u00a0Finales de carrera opcionales y componentes reforzados para uso en entornos industriales dif\u00edciles<\/li>\n<\/ul>\n<h2 data-v-md-heading=\"technical-support\" data-v-md-line=\"27\">Asistencia t\u00e9cnica<\/h2>\n<p data-v-md-line=\"29\">Ofrecemos asistencia t\u00e9cnica completa para la 64-SP, incluidos diagramas de cableado detallados, modelos CAD y fichas t\u00e9cnicas completas. Nuestros experimentados ingenieros est\u00e1n preparados para ayudarle a optimizar su integraci\u00f3n, desde la selecci\u00f3n inicial hasta la asistencia posventa.<\/p>\n<h2 data-v-md-heading=\"conclusion\" data-v-md-line=\"31\">Conclusi\u00f3n<\/h2>\n<p data-v-md-line=\"33\">Elija Jimmy Technology y obtendr\u00e1 algo m\u00e1s que otra simple platina lineal: obtendr\u00e1 innovaci\u00f3n l\u00edder en el mercado, durabilidad robusta y la ventaja de rendimiento que su proyecto de automatizaci\u00f3n merece. Convierta la 64-SP en la columna vertebral de su pr\u00f3xima aplicaci\u00f3n de movimiento de precisi\u00f3n.<\/p>\n<p><img fetchpriority=\"high\" decoding=\"async\" class=\"aligncenter size-full wp-image-2713\" src=\"https:\/\/servolinearactuator.com\/wp-content\/uploads\/2025\/07\/64-sp.png\" alt=\"\" width=\"845\" height=\"1098\" srcset=\"https:\/\/servolinearactuator.com\/wp-content\/uploads\/2025\/07\/64-sp.png 845w, https:\/\/servolinearactuator.com\/wp-content\/uploads\/2025\/07\/64-sp-231x300.png 231w, https:\/\/servolinearactuator.com\/wp-content\/uploads\/2025\/07\/64-sp-788x1024.png 788w, https:\/\/servolinearactuator.com\/wp-content\/uploads\/2025\/07\/64-sp-768x998.png 768w, https:\/\/servolinearactuator.com\/wp-content\/uploads\/2025\/07\/64-sp-600x780.png 600w\" sizes=\"(max-width: 845px) 100vw, 845px\" \/><\/p>\n<p><script src=\"chrome-extension:\/\/fpelahbljekknahkcaegamhcndkfpfnc\/iFrame.js\" type=\"text\/javascript\"><\/script><\/p>","protected":false},"excerpt":{"rendered":"<div class=\"model-prompt-container\" data-turn-role=\"Model\">\n<div class=\"turn-content\">\n<p class=\"ng-star-inserted\"><span class=\"ng-star-inserted\">Consiga una precisi\u00f3n superior con la mesa lineal de husillo de bolas 64-SP de Jimmy Technology. Fiabilidad a toda prueba para una automatizaci\u00f3n exigente.<\/span><\/p>\n<\/div>\n<\/div>\n<p><script src=\"chrome-extension:\/\/fpelahbljekknahkcaegamhcndkfpfnc\/iFrame.js\" type=\"text\/javascript\"><\/script><\/p>","protected":false},"featured_media":2526,"template":"","meta":{"_kad_post_transparent":"default","_kad_post_title":"","_kad_post_layout":"default","_kad_post_sidebar_id":"","_kad_post_content_style":"default","_kad_post_vertical_padding":"default","_kad_post_feature":"","_kad_post_feature_position":"","_kad_post_header":false,"_kad_post_footer":false,"_kad_post_classname":""},"product_brand":[],"product_cat":[587,581,564,547,557,586,562],"product_tag":[595,594,596],"class_list":{"0":"post-2371","1":"product","2":"type-product","3":"status-publish","4":"has-post-thumbnail","6":"product_cat-actuators-by-drive-type","7":"product_cat-actuators-by-popular-application","8":"product_cat-actuators-by-screw-type","9":"product_cat-ball-screw-actuators","10":"product_cat-controllers-accessories","11":"product_cat-industrial-automation","12":"product_cat-linear-guides-rails","13":"product_tag-ball-screw-linear-motion","14":"product_tag-high-precision-linear-motion","15":"product_tag-linear-motion","17":"first","18":"instock","19":"shipping-taxable","20":"product-type-simple","21":"entry","22":"content-bg","23":"loop-entry"},"_links":{"self":[{"href":"https:\/\/servolinearactuator.com\/es\/wp-json\/wp\/v2\/product\/2371","targetHints":{"allow":["GET"]}}],"collection":[{"href":"https:\/\/servolinearactuator.com\/es\/wp-json\/wp\/v2\/product"}],"about":[{"href":"https:\/\/servolinearactuator.com\/es\/wp-json\/wp\/v2\/types\/product"}],"wp:featuredmedia":[{"embeddable":true,"href":"https:\/\/servolinearactuator.com\/es\/wp-json\/wp\/v2\/media\/2526"}],"wp:attachment":[{"href":"https:\/\/servolinearactuator.com\/es\/wp-json\/wp\/v2\/media?parent=2371"}],"wp:term":[{"taxonomy":"product_brand","embeddable":true,"href":"https:\/\/servolinearactuator.com\/es\/wp-json\/wp\/v2\/product_brand?post=2371"},{"taxonomy":"product_cat","embeddable":true,"href":"https:\/\/servolinearactuator.com\/es\/wp-json\/wp\/v2\/product_cat?post=2371"},{"taxonomy":"product_tag","embeddable":true,"href":"https:\/\/servolinearactuator.com\/es\/wp-json\/wp\/v2\/product_tag?post=2371"}],"curies":[{"name":"wp","href":"https:\/\/api.w.org\/{rel}","templated":true}]}}