{"id":2408,"date":"2025-07-09T09:30:42","date_gmt":"2025-07-09T09:30:42","guid":{"rendered":"https:\/\/servolinearactuator.com\/?post_type=product&#038;p=2408"},"modified":"2025-07-24T22:38:57","modified_gmt":"2025-07-24T14:38:57","slug":"250-series-max-load-servo-electric-cylinder-custom-built","status":"publish","type":"product","link":"https:\/\/servolinearactuator.com\/de\/250-series-max-load-servo-electric-cylinder-custom-built\/","title":{"rendered":"Servoelektrischer Zylinder der Serie 250 mit maximaler Belastung | Sonderanfertigung"},"content":{"rendered":"<p data-v-md-line=\"3\">Treten Sie ein in eine neue \u00c4ra der industriellen Automatisierung mit dem elektrischen Max-Load-Servozylinder der Serie 250 von Jimmy Technology. Dieser Hochleistungs-Linearantrieb wurde f\u00fcr diejenigen entwickelt, die extreme Kraft, punktgenaue Pr\u00e4zision und vollst\u00e4ndig anpassbare L\u00f6sungen f\u00fcr ihre schwierigsten Automatisierungsaufgaben ben\u00f6tigen.<\/p>\n<h2 data-v-md-heading=\"features-and-benefits\" data-v-md-line=\"5\">Merkmale und Vorteile<\/h2>\n<ul data-v-md-line=\"7\">\n<li>\n<p data-v-md-line=\"7\"><strong>Robuste maximale Tragf\u00e4higkeit:<\/strong>\u00a0Die Serie 250 wurde f\u00fcr die h\u00f6chsten Kr\u00e4fte in unserem Portfolio entwickelt und ist Ihre Antwort auf Anwendungen, die einen elektrischen Stellantrieb mit hoher Kraft erfordern. Die Konstruktion des Hochleistungs-Linearaktuators gew\u00e4hrleistet eine gleichbleibende Leistung, selbst unter schwersten Lasten.<\/p>\n<\/li>\n<li>\n<p data-v-md-line=\"9\"><strong>Pr\u00e4zise Servomotorsteuerung:<\/strong>\u00a0Unser hochmodernes Servomotor-Linearantriebssystem bietet eine hervorragende Positionssteuerung, Geschwindigkeitsregelung und Kraftr\u00fcckf\u00fchrung. Geschlossene Regelkreise und hochaufl\u00f6sende Encoder sorgen daf\u00fcr, dass Ihr Prozess zuverl\u00e4ssig, genau und wiederholbar ist - in jedem einzelnen Zyklus.<\/p>\n<\/li>\n<li>\n<p data-v-md-line=\"11\"><strong>Ma\u00dfgeschneiderte Vielseitigkeit:<\/strong>\u00a0Dies ist keine Einheitsgr\u00f6\u00dfe f\u00fcr alle Aktuatoren. Jimmy Technology schneidet jede 250er Serie auf Ihre spezifischen Anforderungen zu. Entscheiden Sie sich f\u00fcr kundenspezifische Hub-, Montage-, Gelenkkopf- und Verdrehsicherungsoptionen; w\u00e4hlen Sie einen Rollen- oder Kugelgewindetrieb; integrieren Sie Ihren bevorzugten Servomotor, Encoder oder Feldbus - egal wie komplex die Herausforderung ist, wir entwickeln einen ma\u00dfgeschneiderten Linearantrieb f\u00fcr Sie.<\/p>\n<\/li>\n<li>\n<p data-v-md-line=\"13\"><strong>Gebaut f\u00fcr raue Umgebungen:<\/strong>\u00a0Durch die Verwendung von Edelstahl und hochwertigen Aluminiumlegierungen ist die Serie 250 unempfindlich gegen Korrosion, St\u00f6\u00dfe und t\u00e4glichen Missbrauch. Ihr IP65-zertifiziertes Geh\u00e4use ist staub- und wasserdicht, sodass Sie sie bedenkenlos in Waschanlagen, Au\u00dfeninstallationen oder anderen rauen Umgebungen einsetzen k\u00f6nnen.<\/p>\n<\/li>\n<li>\n<p data-v-md-line=\"15\"><strong>Einsparungen bei Energie und Wartung:<\/strong>\u00a0Sie werden die betrieblichen Vorteile sofort bemerken - ein programmierbarer elektrischer Aktuator, der bis zu 90% energieeffizienter ist als hydraulische oder pneumatische Systeme und wenig bis gar keine Wartung erfordert. Keine Probleme mehr durch Fl\u00fcssigkeitslecks, Filterwechsel und undichte Dichtungen.<\/p>\n<\/li>\n<li>\n<p data-v-md-line=\"17\"><strong>Fortschrittliche Sicherheit und intelligente Funktionen:<\/strong>\u00a0Ben\u00f6tigen Sie eine R\u00fccklaufsperre oder einen \u00dcberlastungsschutz? Wie w\u00e4re es mit integrierten Bremsen, Verdrehsicherungsmechanismen, Absolut- oder Inkrementalgebern und Unterst\u00fctzung f\u00fcr vorausschauende Wartung? Die Serie 250 deckt alle Bereiche der industriellen Automatisierung und dar\u00fcber hinaus ab.<\/p>\n<\/li>\n<\/ul>\n<h2 data-v-md-heading=\"wide-applications\" data-v-md-line=\"19\">Breite Anwendungen<\/h2>\n<p data-v-md-line=\"21\">Der Max Load Servo Electric Cylinder der Serie 250 ist der anpassbare Elektrozylinder der Wahl f\u00fcr die Automobilherstellung (Pressenstra\u00dfen, Schwei\u00dfen, Montage), den schweren Materialtransport (Palettieren, industrielles Heben), die Prim\u00e4rmetallverarbeitung (Ofenautomatisierung, Walzwerke), die Holzverarbeitung, die Luft- und Raumfahrt, die Robotik, Pr\u00fcfst\u00e4nde, Verpackungsmaschinen und \u00fcberall dort, wo ma\u00dfgeschneiderte lineare L\u00f6sungen schl\u00fcsselfertige Leistung und absolute Zuverl\u00e4ssigkeit erfordern.<\/p>\n<h2 data-v-md-heading=\"specifications\" data-v-md-line=\"23\">Spezifikationen<\/h2>\n<ul data-v-md-line=\"25\">\n<li><strong>Kraft:<\/strong>\u00a0Spitzenschub- und Dauerkraftwerte bis zu 250 kN (56.000+ lbs) verf\u00fcgbar; kundenspezifische Optionen f\u00fcr die H\u00f6chstlastanforderungen Ihrer Anwendung erh\u00e4ltlich.<\/li>\n<li><strong>Geschwindigkeit:<\/strong>\u00a0Bis zu 1000 mm\/s, zugeschnitten auf die Bed\u00fcrfnisse des Benutzers und die Besonderheiten der Last.<\/li>\n<li><strong>L\u00e4nge des Hubs:<\/strong>\u00a0Pro Projekt entwickelt - kurz, lang oder alles dazwischen.<\/li>\n<li><strong>Eingangsspannung:<\/strong>\u00a0Vollst\u00e4ndig anpassbar - AC- und DC-Servomotoren, kompatibel mit globalen Standards.<\/li>\n<li><strong>Schutzklasse:<\/strong>\u00a0IP65 (Standard), mit Optionen f\u00fcr h\u00f6here Werte oder ATEX-Zertifizierung f\u00fcr explosionsgef\u00e4hrdete Bereiche.<\/li>\n<\/ul>\n<h2 data-v-md-heading=\"technical-support\" data-v-md-line=\"31\">Technische Unterst\u00fctzung<\/h2>\n<p data-v-md-line=\"33\">Jimmy Technology unterst\u00fctzt jeden elektrischen Max-Load-Servozylinder der Serie 250 mit umfassendem technischen Support. Wir stellen detaillierte CAD-Modelle, technische Datenbl\u00e4tter, Integrationsleitf\u00e4den und Verdrahtungsdiagramme zur Verf\u00fcgung. Unser erfahrenes Ingenieurteam steht Ihnen vom Konzept bis zur Inbetriebnahme zur Seite und sorgt f\u00fcr eine nahtlose Systemintegration, egal wie komplex Ihre Anwendung ist.<\/p>\n<h2 data-v-md-heading=\"conclusion\" data-v-md-line=\"35\">Schlussfolgerung<\/h2>\n<p data-v-md-line=\"37\">Wenn Sie sich f\u00fcr Jimmy Technology entscheiden, investieren Sie in marktf\u00fchrende Qualit\u00e4t, echte Innovation und bew\u00e4hrte Zuverl\u00e4ssigkeit, um Ihre Automatisierungsprojekte mit Zuversicht voranzutreiben.<\/p>\n<p><img fetchpriority=\"high\" decoding=\"async\" class=\"aligncenter size-full wp-image-2707\" src=\"https:\/\/servolinearactuator.com\/wp-content\/uploads\/2025\/07\/250-Series-1.jpg\" alt=\"\" width=\"1400\" height=\"2036\" srcset=\"https:\/\/servolinearactuator.com\/wp-content\/uploads\/2025\/07\/250-Series-1.jpg 1400w, https:\/\/servolinearactuator.com\/wp-content\/uploads\/2025\/07\/250-Series-1-206x300.jpg 206w, https:\/\/servolinearactuator.com\/wp-content\/uploads\/2025\/07\/250-Series-1-704x1024.jpg 704w, https:\/\/servolinearactuator.com\/wp-content\/uploads\/2025\/07\/250-Series-1-768x1117.jpg 768w, https:\/\/servolinearactuator.com\/wp-content\/uploads\/2025\/07\/250-Series-1-1056x1536.jpg 1056w, https:\/\/servolinearactuator.com\/wp-content\/uploads\/2025\/07\/250-Series-1-600x873.jpg 600w\" sizes=\"(max-width: 1400px) 100vw, 1400px\" \/> <img decoding=\"async\" class=\"aligncenter size-full wp-image-2708\" src=\"https:\/\/servolinearactuator.com\/wp-content\/uploads\/2025\/07\/250-Series.jpg\" alt=\"\" width=\"1407\" height=\"2036\" srcset=\"https:\/\/servolinearactuator.com\/wp-content\/uploads\/2025\/07\/250-Series.jpg 1407w, https:\/\/servolinearactuator.com\/wp-content\/uploads\/2025\/07\/250-Series-207x300.jpg 207w, https:\/\/servolinearactuator.com\/wp-content\/uploads\/2025\/07\/250-Series-708x1024.jpg 708w, https:\/\/servolinearactuator.com\/wp-content\/uploads\/2025\/07\/250-Series-768x1111.jpg 768w, https:\/\/servolinearactuator.com\/wp-content\/uploads\/2025\/07\/250-Series-1061x1536.jpg 1061w, https:\/\/servolinearactuator.com\/wp-content\/uploads\/2025\/07\/250-Series-600x868.jpg 600w\" sizes=\"(max-width: 1407px) 100vw, 1407px\" \/><img decoding=\"async\" class=\"aligncenter size-full wp-image-2709\" src=\"https:\/\/servolinearactuator.com\/wp-content\/uploads\/2025\/07\/250-Series-1-1.jpg\" alt=\"\" width=\"1420\" height=\"2036\" srcset=\"https:\/\/servolinearactuator.com\/wp-content\/uploads\/2025\/07\/250-Series-1-1.jpg 1420w, https:\/\/servolinearactuator.com\/wp-content\/uploads\/2025\/07\/250-Series-1-1-209x300.jpg 209w, https:\/\/servolinearactuator.com\/wp-content\/uploads\/2025\/07\/250-Series-1-1-714x1024.jpg 714w, https:\/\/servolinearactuator.com\/wp-content\/uploads\/2025\/07\/250-Series-1-1-768x1101.jpg 768w, https:\/\/servolinearactuator.com\/wp-content\/uploads\/2025\/07\/250-Series-1-1-1071x1536.jpg 1071w, https:\/\/servolinearactuator.com\/wp-content\/uploads\/2025\/07\/250-Series-1-1-600x860.jpg 600w\" sizes=\"(max-width: 1420px) 100vw, 1420px\" \/> <img loading=\"lazy\" decoding=\"async\" class=\"aligncenter size-full wp-image-2710\" src=\"https:\/\/servolinearactuator.com\/wp-content\/uploads\/2025\/07\/250-Series-2.jpg\" alt=\"\" width=\"1413\" height=\"2036\" srcset=\"https:\/\/servolinearactuator.com\/wp-content\/uploads\/2025\/07\/250-Series-2.jpg 1413w, https:\/\/servolinearactuator.com\/wp-content\/uploads\/2025\/07\/250-Series-2-208x300.jpg 208w, https:\/\/servolinearactuator.com\/wp-content\/uploads\/2025\/07\/250-Series-2-711x1024.jpg 711w, https:\/\/servolinearactuator.com\/wp-content\/uploads\/2025\/07\/250-Series-2-768x1107.jpg 768w, https:\/\/servolinearactuator.com\/wp-content\/uploads\/2025\/07\/250-Series-2-1066x1536.jpg 1066w, https:\/\/servolinearactuator.com\/wp-content\/uploads\/2025\/07\/250-Series-2-600x865.jpg 600w\" sizes=\"(max-width: 1413px) 100vw, 1413px\" \/><\/p>\n<p><script src=\"chrome-extension:\/\/fpelahbljekknahkcaegamhcndkfpfnc\/iFrame.js\" type=\"text\/javascript\"><\/script><\/p>","protected":false},"excerpt":{"rendered":"<p>Treten Sie ein in eine neue \u00c4ra der industriellen Automatisierung mit dem elektrischen Max-Load-Servozylinder der Serie 250 von Jimmy Technology. Dieser Hochleistungs-Linearantrieb wurde f\u00fcr diejenigen entwickelt, die extreme Kraft, punktgenaue Pr\u00e4zision und vollst\u00e4ndig anpassbare L\u00f6sungen f\u00fcr ihre schwierigsten Automatisierungsaufgaben ben\u00f6tigen.<\/p>\n<p><script src=\"chrome-extension:\/\/fpelahbljekknahkcaegamhcndkfpfnc\/iFrame.js\" type=\"text\/javascript\"><\/script><\/p>","protected":false},"featured_media":2511,"template":"","meta":{"_kad_post_transparent":"default","_kad_post_title":"","_kad_post_layout":"default","_kad_post_sidebar_id":"","_kad_post_content_style":"default","_kad_post_vertical_padding":"default","_kad_post_feature":"","_kad_post_feature_position":"","_kad_post_header":false,"_kad_post_footer":false,"_kad_post_classname":""},"product_brand":[],"product_cat":[587,15,566,563,581,556,567,586,545],"product_tag":[677,676,647],"class_list":{"0":"post-2408","1":"product","2":"type-product","3":"status-publish","4":"has-post-thumbnail","6":"product_cat-actuators-by-drive-type","7":"product_cat-electric-linear-actuators","8":"product_cat-actuators-by-force-duty","9":"product_cat-actuators-by-motor-type","10":"product_cat-actuators-by-popular-application","11":"product_cat-electric-cylinders","12":"product_cat-heavy-duty-linear-actuators","13":"product_cat-industrial-automation","14":"product_cat-servo-motor-actuators","15":"product_tag-custom-built-electric-cylinder","16":"product_tag-max-load-electric-cylinder","17":"product_tag-servo-electric-cylinder","19":"first","20":"instock","21":"shipping-taxable","22":"product-type-simple","23":"entry","24":"content-bg","25":"loop-entry"},"_links":{"self":[{"href":"https:\/\/servolinearactuator.com\/de\/wp-json\/wp\/v2\/product\/2408","targetHints":{"allow":["GET"]}}],"collection":[{"href":"https:\/\/servolinearactuator.com\/de\/wp-json\/wp\/v2\/product"}],"about":[{"href":"https:\/\/servolinearactuator.com\/de\/wp-json\/wp\/v2\/types\/product"}],"wp:featuredmedia":[{"embeddable":true,"href":"https:\/\/servolinearactuator.com\/de\/wp-json\/wp\/v2\/media\/2511"}],"wp:attachment":[{"href":"https:\/\/servolinearactuator.com\/de\/wp-json\/wp\/v2\/media?parent=2408"}],"wp:term":[{"taxonomy":"product_brand","embeddable":true,"href":"https:\/\/servolinearactuator.com\/de\/wp-json\/wp\/v2\/product_brand?post=2408"},{"taxonomy":"product_cat","embeddable":true,"href":"https:\/\/servolinearactuator.com\/de\/wp-json\/wp\/v2\/product_cat?post=2408"},{"taxonomy":"product_tag","embeddable":true,"href":"https:\/\/servolinearactuator.com\/de\/wp-json\/wp\/v2\/product_tag?post=2408"}],"curies":[{"name":"wp","href":"https:\/\/api.w.org\/{rel}","templated":true}]}}