{"id":2406,"date":"2025-07-09T09:30:38","date_gmt":"2025-07-09T09:30:38","guid":{"rendered":"https:\/\/servolinearactuator.com\/?post_type=product&#038;p=2406"},"modified":"2025-07-24T22:36:39","modified_gmt":"2025-07-24T14:36:39","slug":"190-series-high-load-electric-cylinder-servo-motor-actuator","status":"publish","type":"product","link":"https:\/\/servolinearactuator.com\/de\/190-series-high-load-electric-cylinder-servo-motor-actuator\/","title":{"rendered":"190 Serie Hochlast-Elektrozylinder | Servomotor-Antrieb"},"content":{"rendered":"<p data-v-md-line=\"3\">Mit den Hochlast-Elektrozylindern der Serie 190 von Jimmy Technology - der robustesten, pr\u00e4zisionsgefertigten L\u00f6sung f\u00fcr die Hochkraft-Automatisierung auf dem Markt - beginnt eine neue \u00c4ra der industriellen Leistung.<\/p>\n<h2 data-v-md-heading=\"features-and-benefits\" data-v-md-line=\"5\">Merkmale und Vorteile<\/h2>\n<ul data-v-md-line=\"7\">\n<li>Robuste Konstruktion mit hoher Schubkraft: Dieser auf Langlebigkeit ausgelegte Hochleistungs-Elektrozylinder liefert eine enorme Kraft und ist damit die erste Wahl f\u00fcr anspruchsvolle Anwendungen wie Industriepressen, Antriebssysteme f\u00fcr den Materialtransport und die Automatisierung von Werkzeugmaschinen.<\/li>\n<li>Integrierter Servomotor-Antrieb: Genie\u00dfen Sie nahtlose lineare Bewegungssteuerung mit einem integrierten Servomotorantrieb. Direkte Integration bedeutet weniger Kabel, ein \u00fcbersichtlicheres Layout, optimierte Bewegungssteuerung und die schnellen, hochgradig wiederholbaren Reaktionen, die Ihre Automatisierungsprojekte erfordern.<\/li>\n<li>Pr\u00e4zisions-Kugel-\/Rollengewindemechanismus: Erzielen Sie eine un\u00fcbertroffene Genauigkeit und Wiederholbarkeit dank eines fortschrittlichen Kugelgewindetriebs oder Rollengewindetriebs, der f\u00fcr die elektronische Montage, Pressfitting-Anwendungen in der Automobilindustrie und die Hochpr\u00e4zisionsfertigung unerl\u00e4sslich ist.<\/li>\n<li>Energieeffizienter elektrischer Betrieb: Tauschen Sie die \u00f6lhaltige Hydraulik gegen leise, energieeffiziente Aktuatoren aus. Das senkt den Stromverbrauch um bis zu 80%, reduziert die Wartungskosten und sorgt f\u00fcr einen saubereren, umweltfreundlicheren Arbeitsplatz.<\/li>\n<li>Schutz f\u00fcr raue Umgebungen: Die Konstruktion aus hochwertigem Aluminium oder Edelstahl und die IP-gesch\u00fctzten Dichtungen sorgen daf\u00fcr, dass der Aktuator auch in rauen Umgebungen, staubigen Werksbereichen und sogar in Reinr\u00e4umen eingesetzt werden kann.<\/li>\n<li>Minimaler Wartungsaufwand und ger\u00e4uscharmer Betrieb: Unser Linearantrieb zeichnet sich durch ein wartungsarmes Design und einen bemerkenswert ger\u00e4uscharmen Betrieb aus und hilft Ihnen, Ausfallzeiten zu reduzieren, w\u00e4hrend Ihr Betrieb reibungslos l\u00e4uft.<\/li>\n<li>Vielseitige Montage und erweiterte R\u00fcckmeldung: Anpassungsf\u00e4hige Montageoptionen, programmierbare Verfahrgrenzen und die Option f\u00fcr absolute oder inkrementale Encoder-R\u00fcckmeldung erm\u00f6glichen es Ihnen, den Aktuator an die Anforderungen nahezu aller industriellen Automatisierungsanlagen anzupassen.<\/li>\n<\/ul>\n<h2 data-v-md-heading=\"wide-applications\" data-v-md-line=\"15\">Breite Anwendungen<\/h2>\n<p data-v-md-line=\"17\">Die Serie 190 eignet sich f\u00fcr praktisch alle Anwendungen mit hoher Belastung oder hoher Pr\u00e4zision. Verwenden Sie sie in der Automobilmontage, in Verpackungsmaschinen, bei Roboterarmprojekten, in der Materialhandhabung, bei industriellen Presszylindern, in der kundenspezifischen Herstellung medizinischer Ger\u00e4te und sogar in der speziellen Lebensmittelverarbeitung. Wenn Sie eine konstante, zuverl\u00e4ssige Kraft ben\u00f6tigen, ist dies Ihr Antrieb.<\/p>\n<h2 data-v-md-heading=\"specifications\" data-v-md-line=\"19\">Spezifikationen<\/h2>\n<ul data-v-md-line=\"21\">\n<li>Kraft: Bis zu 25 kN (5.600 lbs), was ihn zu einem echten Hochkraft-Elektrozylinder f\u00fcr Industriemaschinen und Prozessautomatisierung macht.<\/li>\n<li>Geschwindigkeit: Bis zu 1000 mm\/s, ideal f\u00fcr Hochgeschwindigkeitsanwendungen mit hohen Taktraten.<\/li>\n<li>Hubl\u00e4nge: Standard- und benutzerdefinierte Optionen verf\u00fcgbar, die perfekt zu Ihrer Montagelinie, Ihrem F\u00f6rderband oder Ihrer Simulationsplattform passen.<\/li>\n<li>Eingangsspannung: Weitreichende industrielle Kompatibilit\u00e4t.<\/li>\n<li>Schutzart: IP-zertifiziert f\u00fcr Staub- und Wasserbest\u00e4ndigkeit - Sie k\u00f6nnen sich auf den Betrieb sowohl in rauen industriellen als auch in sensiblen Reinraumumgebungen verlassen.<\/li>\n<\/ul>\n<h2 data-v-md-heading=\"technical-support\" data-v-md-line=\"27\">Technische Unterst\u00fctzung<\/h2>\n<p data-v-md-line=\"29\">Wir bieten umfassenden technischen Support, einschlie\u00dflich detaillierter CAD-Modelle, Verdrahtungspl\u00e4ne, Dimensionierungstools und fachkundige Integrationsberatung. Sie erhalten alles, was Sie brauchen - von den Auswahlkriterien f\u00fcr Aktuatoren bis hin zur Integration von SPS- und HMI-Steuerungen -, damit Ihr n\u00e4chstes Systemdesign ein Erfolg wird.<\/p>\n<h2 data-v-md-heading=\"conclusion\" data-v-md-line=\"31\">Schlussfolgerung<\/h2>\n<p data-v-md-line=\"33\">Wenn Sie sich f\u00fcr die 190er Serie von Jimmy Technology entscheiden, entscheiden Sie sich f\u00fcr ein Erbe an Qualit\u00e4t, Pr\u00e4zision und robuster Zuverl\u00e4ssigkeit f\u00fcr Ihre anspruchsvollen industriellen Automatisierungsanforderungen.<\/p>\n<p><img fetchpriority=\"high\" decoding=\"async\" class=\"aligncenter size-full wp-image-2703\" src=\"https:\/\/servolinearactuator.com\/wp-content\/uploads\/2025\/07\/190-Series-1.jpg\" alt=\"\" width=\"1413\" height=\"2036\" srcset=\"https:\/\/servolinearactuator.com\/wp-content\/uploads\/2025\/07\/190-Series-1.jpg 1413w, https:\/\/servolinearactuator.com\/wp-content\/uploads\/2025\/07\/190-Series-1-208x300.jpg 208w, https:\/\/servolinearactuator.com\/wp-content\/uploads\/2025\/07\/190-Series-1-711x1024.jpg 711w, https:\/\/servolinearactuator.com\/wp-content\/uploads\/2025\/07\/190-Series-1-768x1107.jpg 768w, https:\/\/servolinearactuator.com\/wp-content\/uploads\/2025\/07\/190-Series-1-1066x1536.jpg 1066w, https:\/\/servolinearactuator.com\/wp-content\/uploads\/2025\/07\/190-Series-1-600x865.jpg 600w\" sizes=\"(max-width: 1413px) 100vw, 1413px\" \/> <img decoding=\"async\" class=\"aligncenter size-full wp-image-2704\" src=\"https:\/\/servolinearactuator.com\/wp-content\/uploads\/2025\/07\/190-Series.jpg\" alt=\"\" width=\"1407\" height=\"2036\" srcset=\"https:\/\/servolinearactuator.com\/wp-content\/uploads\/2025\/07\/190-Series.jpg 1407w, https:\/\/servolinearactuator.com\/wp-content\/uploads\/2025\/07\/190-Series-207x300.jpg 207w, https:\/\/servolinearactuator.com\/wp-content\/uploads\/2025\/07\/190-Series-708x1024.jpg 708w, https:\/\/servolinearactuator.com\/wp-content\/uploads\/2025\/07\/190-Series-768x1111.jpg 768w, https:\/\/servolinearactuator.com\/wp-content\/uploads\/2025\/07\/190-Series-1061x1536.jpg 1061w, https:\/\/servolinearactuator.com\/wp-content\/uploads\/2025\/07\/190-Series-600x868.jpg 600w\" sizes=\"(max-width: 1407px) 100vw, 1407px\" \/><img decoding=\"async\" class=\"aligncenter size-full wp-image-2705\" src=\"https:\/\/servolinearactuator.com\/wp-content\/uploads\/2025\/07\/190-Series-1-1.jpg\" alt=\"\" width=\"1407\" height=\"2036\" srcset=\"https:\/\/servolinearactuator.com\/wp-content\/uploads\/2025\/07\/190-Series-1-1.jpg 1407w, https:\/\/servolinearactuator.com\/wp-content\/uploads\/2025\/07\/190-Series-1-1-207x300.jpg 207w, https:\/\/servolinearactuator.com\/wp-content\/uploads\/2025\/07\/190-Series-1-1-708x1024.jpg 708w, https:\/\/servolinearactuator.com\/wp-content\/uploads\/2025\/07\/190-Series-1-1-768x1111.jpg 768w, https:\/\/servolinearactuator.com\/wp-content\/uploads\/2025\/07\/190-Series-1-1-1061x1536.jpg 1061w, https:\/\/servolinearactuator.com\/wp-content\/uploads\/2025\/07\/190-Series-1-1-600x868.jpg 600w\" sizes=\"(max-width: 1407px) 100vw, 1407px\" \/> <img loading=\"lazy\" decoding=\"async\" class=\"aligncenter size-full wp-image-2706\" src=\"https:\/\/servolinearactuator.com\/wp-content\/uploads\/2025\/07\/190-Series-4.jpg\" alt=\"\" width=\"1420\" height=\"2036\" srcset=\"https:\/\/servolinearactuator.com\/wp-content\/uploads\/2025\/07\/190-Series-4.jpg 1420w, https:\/\/servolinearactuator.com\/wp-content\/uploads\/2025\/07\/190-Series-4-209x300.jpg 209w, https:\/\/servolinearactuator.com\/wp-content\/uploads\/2025\/07\/190-Series-4-714x1024.jpg 714w, https:\/\/servolinearactuator.com\/wp-content\/uploads\/2025\/07\/190-Series-4-768x1101.jpg 768w, https:\/\/servolinearactuator.com\/wp-content\/uploads\/2025\/07\/190-Series-4-1071x1536.jpg 1071w, https:\/\/servolinearactuator.com\/wp-content\/uploads\/2025\/07\/190-Series-4-600x860.jpg 600w\" sizes=\"(max-width: 1420px) 100vw, 1420px\" \/><\/p>\n<p><script src=\"chrome-extension:\/\/fpelahbljekknahkcaegamhcndkfpfnc\/iFrame.js\" type=\"text\/javascript\"><\/script><\/p>","protected":false},"excerpt":{"rendered":"<p>Treten Sie ein in eine neue \u00c4ra industrieller Leistung mit den elektrischen Hochlastzylindern der Serie 190 von Jimmy Technology - der robustesten L\u00f6sung auf dem Markt f\u00fcr die Automatisierung mit hoher Kraft.<\/p>\n<p><script src=\"chrome-extension:\/\/fpelahbljekknahkcaegamhcndkfpfnc\/iFrame.js\" type=\"text\/javascript\"><\/script><\/p>\n<p><script src=\"chrome-extension:\/\/fpelahbljekknahkcaegamhcndkfpfnc\/iFrame.js\" type=\"text\/javascript\"><\/script><\/p>","protected":false},"featured_media":2492,"template":"","meta":{"_kad_post_transparent":"default","_kad_post_title":"","_kad_post_layout":"default","_kad_post_sidebar_id":"","_kad_post_content_style":"default","_kad_post_vertical_padding":"default","_kad_post_feature":"","_kad_post_feature_position":"","_kad_post_header":false,"_kad_post_footer":false,"_kad_post_classname":""},"product_brand":[],"product_cat":[587,566,563,581,556,15,567,545],"product_tag":[614,658,673],"class_list":{"0":"post-2406","1":"product","2":"type-product","3":"status-publish","4":"has-post-thumbnail","6":"product_cat-actuators-by-drive-type","7":"product_cat-actuators-by-force-duty","8":"product_cat-actuators-by-motor-type","9":"product_cat-actuators-by-popular-application","10":"product_cat-electric-cylinders","11":"product_cat-electric-linear-actuators","12":"product_cat-heavy-duty-linear-actuators","13":"product_cat-servo-motor-actuators","14":"product_tag-electric-cylinder","15":"product_tag-high-load-cylinder","16":"product_tag-servo-motor-actuator","18":"first","19":"instock","20":"shipping-taxable","21":"product-type-simple","22":"entry","23":"content-bg","24":"loop-entry"},"_links":{"self":[{"href":"https:\/\/servolinearactuator.com\/de\/wp-json\/wp\/v2\/product\/2406","targetHints":{"allow":["GET"]}}],"collection":[{"href":"https:\/\/servolinearactuator.com\/de\/wp-json\/wp\/v2\/product"}],"about":[{"href":"https:\/\/servolinearactuator.com\/de\/wp-json\/wp\/v2\/types\/product"}],"wp:featuredmedia":[{"embeddable":true,"href":"https:\/\/servolinearactuator.com\/de\/wp-json\/wp\/v2\/media\/2492"}],"wp:attachment":[{"href":"https:\/\/servolinearactuator.com\/de\/wp-json\/wp\/v2\/media?parent=2406"}],"wp:term":[{"taxonomy":"product_brand","embeddable":true,"href":"https:\/\/servolinearactuator.com\/de\/wp-json\/wp\/v2\/product_brand?post=2406"},{"taxonomy":"product_cat","embeddable":true,"href":"https:\/\/servolinearactuator.com\/de\/wp-json\/wp\/v2\/product_cat?post=2406"},{"taxonomy":"product_tag","embeddable":true,"href":"https:\/\/servolinearactuator.com\/de\/wp-json\/wp\/v2\/product_tag?post=2406"}],"curies":[{"name":"wp","href":"https:\/\/api.w.org\/{rel}","templated":true}]}}