{"id":2403,"date":"2025-07-09T09:30:32","date_gmt":"2025-07-09T09:30:32","guid":{"rendered":"https:\/\/servolinearactuator.com\/?post_type=product&#038;p=2403"},"modified":"2025-07-24T22:33:34","modified_gmt":"2025-07-24T14:33:34","slug":"145-series-custom-servo-electric-cylinder-high-precision","status":"publish","type":"product","link":"https:\/\/servolinearactuator.com\/de\/145-series-custom-servo-electric-cylinder-high-precision\/","title":{"rendered":"145 Serie kundenspezifische Servo-Elektrozylinder | Hochpr\u00e4zision"},"content":{"rendered":"<p data-v-md-line=\"3\">Erschlie\u00dfen Sie die n\u00e4chste Stufe der pr\u00e4zisen Bewegungssteuerung und Kraft mit dem kundenspezifischen Servo-Elektrozylinder der Serie 145 von Jimmy Technology. Wenn Ihre Automatisierung das Nonplusultra an hoher Genauigkeit, robuster Leistung und nahtloser Integration erfordert, setzt dieser elektrische Aktuator neue Ma\u00dfst\u00e4be in der Branche.<\/p>\n<h2 data-v-md-heading=\"features-and-benefits\" data-v-md-line=\"6\">Merkmale und Vorteile<\/h2>\n<ul data-v-md-line=\"8\">\n<li>\n<p data-v-md-line=\"8\">Pr\u00e4zise Bewegungssteuerung: Durch den Einsatz fortschrittlicher servomotorischer Technologie und eines hochwertigen Kugel- oder Rollengewindetriebs bietet dieser Elektrozylinder absolute Positioniergenauigkeit und au\u00dfergew\u00f6hnliche Wiederholgenauigkeit - genau das, was Ihre kritischen Prozesse erfordern.<\/p>\n<\/li>\n<li>\n<p data-v-md-line=\"10\">Kundenspezifische technische L\u00f6sungen: Jeder Zylinder der Serie 145 kann genau nach Ihren Anforderungen konfiguriert werden, von der kundenspezifischen Hubl\u00e4nge (bis zu 2000 mm) bis hin zu einer Vielzahl von Befestigungsoptionen - Flansch, Zapfen oder Gabelkopf. Optimieren Sie Ihr System mit ma\u00dfgeschneiderter Passform und Spitzenleistung.<\/p>\n<\/li>\n<li>\n<p data-v-md-line=\"12\">Hoher Kraft- und Geschwindigkeitsbereich: Mit einer Schubkraft von typischerweise 10 kN bis 70 kN und schnellen Geschwindigkeitsprofilen (bis zu 1500 mm\/s) eignet sich dieser Hochleistungs-Elektroantrieb perfekt f\u00fcr industrielle Automatisierungskomponenten, Pressverbindungen und Fertigungsaufgaben mit hoher Kraft.<\/p>\n<\/li>\n<li>\n<p data-v-md-line=\"14\">Industrielle Robustheit und Langlebigkeit: Die aus robustem, hochwertigem Aluminium und Edelstahl gefertigte Serie 145 wurde nicht nur gebaut, sondern auch f\u00fcr raue Umgebungen entwickelt. Das IP65-zertifizierte Design ist staub- und wasserabweisend und macht sie zu einer zuverl\u00e4ssigen Wahl f\u00fcr lebensmittelverarbeitende, pharmazeutische und reinraumtaugliche Antriebsanforderungen.<\/p>\n<\/li>\n<li>\n<p data-v-md-line=\"16\">Nahtlose Integration: Der Zylinder ist mit NEMA-Servomotoren und allen industriellen Servosystemen mit geschlossenem Regelkreis kompatibel und l\u00e4sst sich problemlos in SPS-Systeme, Feldbus-Kommunikationsprotokolle (EtherCAT, PROFINET) und eine Reihe von Positionsr\u00fcckmeldeger\u00e4ten - Absolut- oder Inkrementalgeber f\u00fcr die Positions-, Geschwindigkeits- und Kraftregelung - integrieren.<\/p>\n<\/li>\n<li>\n<p data-v-md-line=\"18\">Wartungsfreier, ger\u00e4uscharmer Betrieb: Die fortschrittliche Technik sorgt f\u00fcr fl\u00fcsterleisen, wartungsfreien Betrieb, was sich in niedrigeren Gesamtbetriebskosten und einer ruhigeren Arbeitsumgebung niederschl\u00e4gt - ideal f\u00fcr die Herstellung von medizinischen Ger\u00e4ten und Halbleiteranlagen.<\/p>\n<\/li>\n<\/ul>\n<h2 data-v-md-heading=\"wide-applications\" data-v-md-line=\"20\">Breite Anwendungen<\/h2>\n<p data-v-md-line=\"21\">Dieser elektrische Linearantrieb ist die ideale Wahl f\u00fcr Ihre anspruchsvollsten Automatisierungsprojekte, wie z. B.: Pr\u00e4zisionsroboter-Dosierung, Montage von Automobilproduktionslinien, Verpackungsmaschinen, pharmazeutische Automatisierung und fortschrittliche Pr\u00fcfger\u00e4te, bei denen hochpr\u00e4zise lineare Bewegungen und Zuverl\u00e4ssigkeit nicht verhandelbar sind.<\/p>\n<h2 data-v-md-heading=\"specifications\" data-v-md-line=\"23\">Spezifikationen<\/h2>\n<ul data-v-md-line=\"25\">\n<li>Kraft: 10 kN bis 70 kN (anwendungsabh\u00e4ngig, kundenspezifische Optionen verf\u00fcgbar)<\/li>\n<li>Geschwindigkeit: bis zu 1500 mm\/s (Hochgeschwindigkeits-Elektrozylinder-Konfiguration)<\/li>\n<li>Hubl\u00e4nge: 50 mm bis 2000 mm (Unterst\u00fctzung kundenspezifischer Hubl\u00e4ngen)<\/li>\n<li>Eingangsspannung: Kompatibel mit industriellen Servoantrieben (konfigurierbar je nach Antriebsanforderungen)<\/li>\n<li>Schutzart: IP65 (staub- und wasserdicht, geeignet f\u00fcr raue Umgebungen und Reinrauminstallationen)<\/li>\n<\/ul>\n<h2 data-v-md-heading=\"technical-support\" data-v-md-line=\"31\">Technische Unterst\u00fctzung<\/h2>\n<p data-v-md-line=\"32\">Wir bieten umfassenden technischen Support f\u00fcr dieses Produkt - einschlie\u00dflich herunterladbarer CAD-Modelle, detaillierter technischer Datenbl\u00e4tter, Schaltpl\u00e4ne und fachkundiger technischer Beratung - und sorgen so f\u00fcr eine schnelle, nahtlose Integration und minimalen Inbetriebnahmeaufwand.<\/p>\n<h2 data-v-md-heading=\"conclusion\" data-v-md-line=\"34\">Schlussfolgerung<\/h2>\n<p data-v-md-line=\"35\">Wenn Sie Automatisierungskomponenten ben\u00f6tigen, die keine Abstriche bei der Qualit\u00e4t machen, k\u00f6nnen Sie sich darauf verlassen, dass die kundenspezifischen Servo-Elektrozylinder der Serie 145 von Jimmy Technology stets modernste Leistung, ma\u00dfgeschneidertes Design und dauerhafte Zuverl\u00e4ssigkeit bieten.<\/p>\n<p><img fetchpriority=\"high\" decoding=\"async\" class=\"aligncenter size-full wp-image-2700\" src=\"https:\/\/servolinearactuator.com\/wp-content\/uploads\/2025\/07\/145-Series.jpg\" alt=\"\" width=\"1407\" height=\"2036\" srcset=\"https:\/\/servolinearactuator.com\/wp-content\/uploads\/2025\/07\/145-Series.jpg 1407w, https:\/\/servolinearactuator.com\/wp-content\/uploads\/2025\/07\/145-Series-207x300.jpg 207w, https:\/\/servolinearactuator.com\/wp-content\/uploads\/2025\/07\/145-Series-708x1024.jpg 708w, https:\/\/servolinearactuator.com\/wp-content\/uploads\/2025\/07\/145-Series-768x1111.jpg 768w, https:\/\/servolinearactuator.com\/wp-content\/uploads\/2025\/07\/145-Series-1061x1536.jpg 1061w, https:\/\/servolinearactuator.com\/wp-content\/uploads\/2025\/07\/145-Series-600x868.jpg 600w\" sizes=\"(max-width: 1407px) 100vw, 1407px\" \/> <img decoding=\"async\" class=\"aligncenter size-full wp-image-2699\" src=\"https:\/\/servolinearactuator.com\/wp-content\/uploads\/2025\/07\/145-Series-2.jpg\" alt=\"\" width=\"1407\" height=\"2036\" srcset=\"https:\/\/servolinearactuator.com\/wp-content\/uploads\/2025\/07\/145-Series-2.jpg 1407w, https:\/\/servolinearactuator.com\/wp-content\/uploads\/2025\/07\/145-Series-2-207x300.jpg 207w, https:\/\/servolinearactuator.com\/wp-content\/uploads\/2025\/07\/145-Series-2-708x1024.jpg 708w, https:\/\/servolinearactuator.com\/wp-content\/uploads\/2025\/07\/145-Series-2-768x1111.jpg 768w, https:\/\/servolinearactuator.com\/wp-content\/uploads\/2025\/07\/145-Series-2-1061x1536.jpg 1061w, https:\/\/servolinearactuator.com\/wp-content\/uploads\/2025\/07\/145-Series-2-600x868.jpg 600w\" sizes=\"(max-width: 1407px) 100vw, 1407px\" \/><img decoding=\"async\" class=\"aligncenter size-full wp-image-2701\" src=\"https:\/\/servolinearactuator.com\/wp-content\/uploads\/2025\/07\/145-Series-3.jpg\" alt=\"\" width=\"1420\" height=\"2036\" srcset=\"https:\/\/servolinearactuator.com\/wp-content\/uploads\/2025\/07\/145-Series-3.jpg 1420w, https:\/\/servolinearactuator.com\/wp-content\/uploads\/2025\/07\/145-Series-3-209x300.jpg 209w, https:\/\/servolinearactuator.com\/wp-content\/uploads\/2025\/07\/145-Series-3-714x1024.jpg 714w, https:\/\/servolinearactuator.com\/wp-content\/uploads\/2025\/07\/145-Series-3-768x1101.jpg 768w, https:\/\/servolinearactuator.com\/wp-content\/uploads\/2025\/07\/145-Series-3-1071x1536.jpg 1071w, https:\/\/servolinearactuator.com\/wp-content\/uploads\/2025\/07\/145-Series-3-600x860.jpg 600w\" sizes=\"(max-width: 1420px) 100vw, 1420px\" \/> <img loading=\"lazy\" decoding=\"async\" class=\"aligncenter size-full wp-image-2702\" src=\"https:\/\/servolinearactuator.com\/wp-content\/uploads\/2025\/07\/145-Series-1.jpg\" alt=\"\" width=\"1433\" height=\"2036\" srcset=\"https:\/\/servolinearactuator.com\/wp-content\/uploads\/2025\/07\/145-Series-1.jpg 1433w, https:\/\/servolinearactuator.com\/wp-content\/uploads\/2025\/07\/145-Series-1-211x300.jpg 211w, https:\/\/servolinearactuator.com\/wp-content\/uploads\/2025\/07\/145-Series-1-721x1024.jpg 721w, https:\/\/servolinearactuator.com\/wp-content\/uploads\/2025\/07\/145-Series-1-768x1091.jpg 768w, https:\/\/servolinearactuator.com\/wp-content\/uploads\/2025\/07\/145-Series-1-1081x1536.jpg 1081w, https:\/\/servolinearactuator.com\/wp-content\/uploads\/2025\/07\/145-Series-1-600x852.jpg 600w\" sizes=\"(max-width: 1433px) 100vw, 1433px\" \/><\/p>\n<p><script src=\"chrome-extension:\/\/fpelahbljekknahkcaegamhcndkfpfnc\/iFrame.js\" type=\"text\/javascript\"><\/script><\/p>","protected":false},"excerpt":{"rendered":"<p>Setzen Sie Pr\u00e4zision und Kraft frei mit dem elektrischen Servozylinder der Serie 145 von Jimmy Technology. Dieser robuste, kundenspezifische Aktuator liefert hohe Genauigkeit f\u00fcr die Automatisierung.<\/p>\n<p><script src=\"chrome-extension:\/\/fpelahbljekknahkcaegamhcndkfpfnc\/iFrame.js\" type=\"text\/javascript\"><\/script><\/p>","protected":false},"featured_media":2482,"template":"","meta":{"_kad_post_transparent":"default","_kad_post_title":"","_kad_post_layout":"default","_kad_post_sidebar_id":"","_kad_post_content_style":"default","_kad_post_vertical_padding":"default","_kad_post_feature":"","_kad_post_feature_position":"","_kad_post_header":false,"_kad_post_footer":false,"_kad_post_classname":""},"product_brand":[],"product_cat":[587,15,577,566,563,581,578,556,567,545],"product_tag":[668,669,647],"class_list":{"0":"post-2403","1":"product","2":"type-product","3":"status-publish","4":"has-post-thumbnail","6":"product_cat-actuators-by-drive-type","7":"product_cat-electric-linear-actuators","8":"product_cat-actuators-by-feature","9":"product_cat-actuators-by-force-duty","10":"product_cat-actuators-by-motor-type","11":"product_cat-actuators-by-popular-application","12":"product_cat-actuators-with-position-feedback","13":"product_cat-electric-cylinders","14":"product_cat-heavy-duty-linear-actuators","15":"product_cat-servo-motor-actuators","16":"product_tag-custom-servo-electric-cylinder","17":"product_tag-high-precision-cylinder","18":"product_tag-servo-electric-cylinder","20":"first","21":"instock","22":"shipping-taxable","23":"product-type-simple","24":"entry","25":"content-bg","26":"loop-entry"},"_links":{"self":[{"href":"https:\/\/servolinearactuator.com\/de\/wp-json\/wp\/v2\/product\/2403","targetHints":{"allow":["GET"]}}],"collection":[{"href":"https:\/\/servolinearactuator.com\/de\/wp-json\/wp\/v2\/product"}],"about":[{"href":"https:\/\/servolinearactuator.com\/de\/wp-json\/wp\/v2\/types\/product"}],"wp:featuredmedia":[{"embeddable":true,"href":"https:\/\/servolinearactuator.com\/de\/wp-json\/wp\/v2\/media\/2482"}],"wp:attachment":[{"href":"https:\/\/servolinearactuator.com\/de\/wp-json\/wp\/v2\/media?parent=2403"}],"wp:term":[{"taxonomy":"product_brand","embeddable":true,"href":"https:\/\/servolinearactuator.com\/de\/wp-json\/wp\/v2\/product_brand?post=2403"},{"taxonomy":"product_cat","embeddable":true,"href":"https:\/\/servolinearactuator.com\/de\/wp-json\/wp\/v2\/product_cat?post=2403"},{"taxonomy":"product_tag","embeddable":true,"href":"https:\/\/servolinearactuator.com\/de\/wp-json\/wp\/v2\/product_tag?post=2403"}],"curies":[{"name":"wp","href":"https:\/\/api.w.org\/{rel}","templated":true}]}}