{"id":2400,"date":"2025-07-09T09:30:27","date_gmt":"2025-07-09T09:30:27","guid":{"rendered":"https:\/\/servolinearactuator.com\/?post_type=product&#038;p=2400"},"modified":"2025-07-24T22:31:06","modified_gmt":"2025-07-24T14:31:06","slug":"110-series-15t-force-servo-electric-cylinder-manufacturer","status":"publish","type":"product","link":"https:\/\/servolinearactuator.com\/de\/110-series-15t-force-servo-electric-cylinder-manufacturer\/","title":{"rendered":"110 Serie 15T Kraft Servo Elektrozylinder | Hersteller"},"content":{"rendered":"<p data-v-md-line=\"3\">Verbessern Sie Ihr Automatisierungskonzept mit dem Servo-Elektrozylinder der Serie 110 von Jimmy Technology - einem wahren Kraftpaket, das f\u00fcr unerm\u00fcdlichen industriellen Einsatz, Pr\u00e4zisionsbewegungen und langfristige Zuverl\u00e4ssigkeit gebaut wurde. Wenn Sie eine hohe Kraft, eine exakte Steuerung und absolute Sorgenfreiheit ben\u00f6tigen, ist dies der Aktuator, der Sie befreit.<\/p>\n<h2 data-v-md-heading=\"features-and-benefits\" data-v-md-line=\"6\">Merkmale und Vorteile<\/h2>\n<ul data-v-md-line=\"8\">\n<li>Hochbelastbare 15T-Kraftkapazit\u00e4t: Mit einer brachialen Kraft von bis zu 150 kN meistert dieser servoelektrische Linearantrieb auch die schwierigsten Herausforderungen beim Pressen, Formen und Materialhandling mit Leichtigkeit. Sie m\u00fcssen sich keine Gedanken \u00fcber Leistung oder Haltbarkeit machen.<\/li>\n<li>Unerreichte Pr\u00e4zision und Wiederholgenauigkeit: Servosteuerung mit geschlossenem Regelkreis und absolute Positionsr\u00fcckmeldung sorgen f\u00fcr Positioniergenauigkeit und Wiederholbarkeit im Mikrometerbereich. Jede Bewegung erfolgt genau wie programmiert - entscheidend f\u00fcr qualit\u00e4tsorientierte industrielle Automatisierungsl\u00f6sungen.<\/li>\n<li>Robuste, korrosionsbest\u00e4ndige Konstruktion: Die robuste mechanische Konstruktion des Aktuators - gefertigt aus hochwertigem Edelstahl und Aluminium - widersteht rauen Bedingungen, ist korrosionsbest\u00e4ndig und l\u00e4uft auch dann noch, wenn alles andere ausf\u00e4llt.<\/li>\n<li>Ger\u00e4uscharm, energieeffizient, wartungsarm: Vergessen Sie die Lecks und die st\u00e4ndige Wartung der alten Hydraulik. Dieser elektromechanische Zylinder arbeitet fl\u00fcsterleise, verbraucht nur dann Energie, wenn er sich bewegt, und erfordert weit weniger Aufmerksamkeit von Ihrem Wartungsteam.<\/li>\n<li>Programmierbar und flexibel: Vollst\u00e4ndig programmierbare Bewegungsprofile, Geschwindigkeiten und Krafteinstellungen erm\u00f6glichen es Ihnen, sich an neue Produkte anzupassen, schnelle Umstellungen vorzunehmen und Ihre Linie im Zeitalter der Industrie 4.0-Fertigung flexibel zu halten.<\/li>\n<li>Vielseitige Montage und nahtlose Integration: Inline- oder Parallelmontage von Motoren, Kompatibilit\u00e4t mit den wichtigsten Servoantrieben, mehrere Optionen f\u00fcr R\u00fcckmeldeger\u00e4te und Industriestandardprotokolle (EtherCAT, PROFINET) vereinfachen die Integration in komplexe Automatisierungssysteme.<\/li>\n<\/ul>\n<h2 data-v-md-heading=\"wide-applications\" data-v-md-line=\"15\">Breite Anwendungen<\/h2>\n<p data-v-md-line=\"16\">Ingenieure und Maschinenbauer vertrauen auf die Serie 110 bei Anwendungen in der Automobilherstellung, bei Widerstandsschwei\u00dfmaschinen, Pr\u00fcfst\u00e4nden, in der Montageautomation, bei der Verpackung, in der Luft- und Raumfahrt und dar\u00fcber hinaus. Sie ist auch in der kundenspezifischen Robotik, bei der Bet\u00e4tigung von Toren, beim Heben von Material und \u00fcberall dort zu Hause, wo ein hochleistungsf\u00e4higer, programmierbarer und energieeffizienter Aktuator ben\u00f6tigt wird.<\/p>\n<h2 data-v-md-heading=\"specifications\" data-v-md-line=\"18\">Spezifikationen<\/h2>\n<ul data-v-md-line=\"20\">\n<li>Kraft: Bis zu 15 metrische Tonnen (150kN)<\/li>\n<li>Geschwindigkeit: Hochdynamischer Betrieb (anpassbar an die Bed\u00fcrfnisse des Benutzers und die Motorkonfiguration)<\/li>\n<li>Hubl\u00e4nge: Mehrere Optionen verf\u00fcgbar (ma\u00dfgeschneidert auf Anfrage)<\/li>\n<li>Eingangsspannung: Kompatibilit\u00e4t mit den wichtigsten industriellen Versorgungsspannungen und Servoantriebssystemen<\/li>\n<li>Schutzart: Robuste IP-Klassifizierung f\u00fcr Staub- und Wasserbest\u00e4ndigkeit - perfekt f\u00fcr raue Umgebungen oder Au\u00dfenbereiche<\/li>\n<\/ul>\n<h2 data-v-md-heading=\"technical-support\" data-v-md-line=\"26\">Technische Unterst\u00fctzung<\/h2>\n<p data-v-md-line=\"27\">Jimmy Technology unterst\u00fctzt Sie mit einem umfassenden technischen Support. Sie erhalten detaillierte CAD-Modelle, technische Datenbl\u00e4tter, Verdrahtungspl\u00e4ne und direkten Zugang zum technischen Support, um eine reibungslose Auswahl, Installation und Bedienung zu gew\u00e4hrleisten.<\/p>\n<h2 data-v-md-heading=\"conclusion\" data-v-md-line=\"29\">Schlussfolgerung<\/h2>\n<p data-v-md-line=\"30\">Wenn Sie sich f\u00fcr Jimmy Technology entscheiden, investieren Sie in marktf\u00fchrende Innovation, robuste Leistung und unnachgiebige Zuverl\u00e4ssigkeit - die intelligente Wahl f\u00fcr vision\u00e4re Automatisierung.<\/p>\n<p><img fetchpriority=\"high\" decoding=\"async\" class=\"aligncenter size-full wp-image-2694\" src=\"https:\/\/servolinearactuator.com\/wp-content\/uploads\/2025\/07\/110-Series.jpg\" alt=\"\" width=\"1427\" height=\"2036\" srcset=\"https:\/\/servolinearactuator.com\/wp-content\/uploads\/2025\/07\/110-Series.jpg 1427w, https:\/\/servolinearactuator.com\/wp-content\/uploads\/2025\/07\/110-Series-210x300.jpg 210w, https:\/\/servolinearactuator.com\/wp-content\/uploads\/2025\/07\/110-Series-718x1024.jpg 718w, https:\/\/servolinearactuator.com\/wp-content\/uploads\/2025\/07\/110-Series-768x1096.jpg 768w, https:\/\/servolinearactuator.com\/wp-content\/uploads\/2025\/07\/110-Series-1077x1536.jpg 1077w, https:\/\/servolinearactuator.com\/wp-content\/uploads\/2025\/07\/110-Series-600x856.jpg 600w\" sizes=\"(max-width: 1427px) 100vw, 1427px\" \/> <img decoding=\"async\" class=\"aligncenter size-full wp-image-2696\" src=\"https:\/\/servolinearactuator.com\/wp-content\/uploads\/2025\/07\/110-Series-3.jpg\" alt=\"\" width=\"1480\" height=\"2036\" srcset=\"https:\/\/servolinearactuator.com\/wp-content\/uploads\/2025\/07\/110-Series-3.jpg 1480w, https:\/\/servolinearactuator.com\/wp-content\/uploads\/2025\/07\/110-Series-3-218x300.jpg 218w, https:\/\/servolinearactuator.com\/wp-content\/uploads\/2025\/07\/110-Series-3-744x1024.jpg 744w, https:\/\/servolinearactuator.com\/wp-content\/uploads\/2025\/07\/110-Series-3-768x1057.jpg 768w, https:\/\/servolinearactuator.com\/wp-content\/uploads\/2025\/07\/110-Series-3-1117x1536.jpg 1117w, https:\/\/servolinearactuator.com\/wp-content\/uploads\/2025\/07\/110-Series-3-600x825.jpg 600w\" sizes=\"(max-width: 1480px) 100vw, 1480px\" \/> <img decoding=\"async\" class=\"aligncenter size-full wp-image-2695\" src=\"https:\/\/servolinearactuator.com\/wp-content\/uploads\/2025\/07\/110-Series-2.jpg\" alt=\"\" width=\"1420\" height=\"2036\" srcset=\"https:\/\/servolinearactuator.com\/wp-content\/uploads\/2025\/07\/110-Series-2.jpg 1420w, https:\/\/servolinearactuator.com\/wp-content\/uploads\/2025\/07\/110-Series-2-209x300.jpg 209w, https:\/\/servolinearactuator.com\/wp-content\/uploads\/2025\/07\/110-Series-2-714x1024.jpg 714w, https:\/\/servolinearactuator.com\/wp-content\/uploads\/2025\/07\/110-Series-2-768x1101.jpg 768w, https:\/\/servolinearactuator.com\/wp-content\/uploads\/2025\/07\/110-Series-2-1071x1536.jpg 1071w, https:\/\/servolinearactuator.com\/wp-content\/uploads\/2025\/07\/110-Series-2-600x860.jpg 600w\" sizes=\"(max-width: 1420px) 100vw, 1420px\" \/><img loading=\"lazy\" decoding=\"async\" class=\"aligncenter size-full wp-image-2697\" src=\"https:\/\/servolinearactuator.com\/wp-content\/uploads\/2025\/07\/110-Series-1.jpg\" alt=\"\" width=\"1413\" height=\"2036\" srcset=\"https:\/\/servolinearactuator.com\/wp-content\/uploads\/2025\/07\/110-Series-1.jpg 1413w, https:\/\/servolinearactuator.com\/wp-content\/uploads\/2025\/07\/110-Series-1-208x300.jpg 208w, https:\/\/servolinearactuator.com\/wp-content\/uploads\/2025\/07\/110-Series-1-711x1024.jpg 711w, https:\/\/servolinearactuator.com\/wp-content\/uploads\/2025\/07\/110-Series-1-768x1107.jpg 768w, https:\/\/servolinearactuator.com\/wp-content\/uploads\/2025\/07\/110-Series-1-1066x1536.jpg 1066w, https:\/\/servolinearactuator.com\/wp-content\/uploads\/2025\/07\/110-Series-1-600x865.jpg 600w\" sizes=\"(max-width: 1413px) 100vw, 1413px\" \/> <img loading=\"lazy\" decoding=\"async\" class=\"aligncenter size-full wp-image-2698\" src=\"https:\/\/servolinearactuator.com\/wp-content\/uploads\/2025\/07\/110-Series-2-1.jpg\" alt=\"\" width=\"1413\" height=\"2036\" srcset=\"https:\/\/servolinearactuator.com\/wp-content\/uploads\/2025\/07\/110-Series-2-1.jpg 1413w, https:\/\/servolinearactuator.com\/wp-content\/uploads\/2025\/07\/110-Series-2-1-208x300.jpg 208w, https:\/\/servolinearactuator.com\/wp-content\/uploads\/2025\/07\/110-Series-2-1-711x1024.jpg 711w, https:\/\/servolinearactuator.com\/wp-content\/uploads\/2025\/07\/110-Series-2-1-768x1107.jpg 768w, https:\/\/servolinearactuator.com\/wp-content\/uploads\/2025\/07\/110-Series-2-1-1066x1536.jpg 1066w, https:\/\/servolinearactuator.com\/wp-content\/uploads\/2025\/07\/110-Series-2-1-600x865.jpg 600w\" sizes=\"(max-width: 1413px) 100vw, 1413px\" \/><\/p>\n<p><script src=\"chrome-extension:\/\/fpelahbljekknahkcaegamhcndkfpfnc\/iFrame.js\" type=\"text\/javascript\"><\/script><\/p>","protected":false},"excerpt":{"rendered":"<div class=\"model-prompt-container\" data-turn-role=\"Model\">\n<div class=\"turn-content\">\n<p class=\"ng-star-inserted\"><span class=\"ng-star-inserted\">Der elektrische Servo-Kraftzylinder 15T: Ein Kraftpaket f\u00fcr die industrielle Automatisierung. Er bietet hohe Kraft, pr\u00e4zise Steuerung und robuste Zuverl\u00e4ssigkeit f\u00fcr Ihre schwierigsten Aufgaben.<\/span><\/p>\n<div class=\"turn-information ng-star-inserted\"><\/div>\n<\/div>\n<\/div>\n<div class=\"turn-footer ng-star-inserted\"><\/div>\n<p><script src=\"chrome-extension:\/\/fpelahbljekknahkcaegamhcndkfpfnc\/iFrame.js\" type=\"text\/javascript\"><\/script><\/p>","protected":false},"featured_media":2472,"template":"","meta":{"_kad_post_transparent":"default","_kad_post_title":"","_kad_post_layout":"default","_kad_post_sidebar_id":"","_kad_post_content_style":"default","_kad_post_vertical_padding":"default","_kad_post_feature":"","_kad_post_feature_position":"","_kad_post_header":false,"_kad_post_footer":false,"_kad_post_classname":""},"product_brand":[],"product_cat":[587,15,566,563,581,556,567,545],"product_tag":[663,664,647],"class_list":{"0":"post-2400","1":"product","2":"type-product","3":"status-publish","4":"has-post-thumbnail","6":"product_cat-actuators-by-drive-type","7":"product_cat-electric-linear-actuators","8":"product_cat-actuators-by-force-duty","9":"product_cat-actuators-by-motor-type","10":"product_cat-actuators-by-popular-application","11":"product_cat-electric-cylinders","12":"product_cat-heavy-duty-linear-actuators","13":"product_cat-servo-motor-actuators","14":"product_tag-15t-force-cylinder","15":"product_tag-electric-cylinder-manufacturer","16":"product_tag-servo-electric-cylinder","18":"first","19":"instock","20":"shipping-taxable","21":"product-type-simple","22":"entry","23":"content-bg","24":"loop-entry"},"_links":{"self":[{"href":"https:\/\/servolinearactuator.com\/de\/wp-json\/wp\/v2\/product\/2400","targetHints":{"allow":["GET"]}}],"collection":[{"href":"https:\/\/servolinearactuator.com\/de\/wp-json\/wp\/v2\/product"}],"about":[{"href":"https:\/\/servolinearactuator.com\/de\/wp-json\/wp\/v2\/types\/product"}],"wp:featuredmedia":[{"embeddable":true,"href":"https:\/\/servolinearactuator.com\/de\/wp-json\/wp\/v2\/media\/2472"}],"wp:attachment":[{"href":"https:\/\/servolinearactuator.com\/de\/wp-json\/wp\/v2\/media?parent=2400"}],"wp:term":[{"taxonomy":"product_brand","embeddable":true,"href":"https:\/\/servolinearactuator.com\/de\/wp-json\/wp\/v2\/product_brand?post=2400"},{"taxonomy":"product_cat","embeddable":true,"href":"https:\/\/servolinearactuator.com\/de\/wp-json\/wp\/v2\/product_cat?post=2400"},{"taxonomy":"product_tag","embeddable":true,"href":"https:\/\/servolinearactuator.com\/de\/wp-json\/wp\/v2\/product_tag?post=2400"}],"curies":[{"name":"wp","href":"https:\/\/api.w.org\/{rel}","templated":true}]}}