{"id":2395,"date":"2025-07-09T09:30:18","date_gmt":"2025-07-09T09:30:18","guid":{"rendered":"https:\/\/servolinearactuator.com\/?post_type=product&#038;p=2395"},"modified":"2025-07-24T22:26:54","modified_gmt":"2025-07-24T14:26:54","slug":"75-series-motion-control-servo-electric-cylinder-oem-odm","status":"publish","type":"product","link":"https:\/\/servolinearactuator.com\/de\/75-series-motion-control-servo-electric-cylinder-oem-odm\/","title":{"rendered":"75 Serie Bewegungssteuerung Servo-Elektrozylinder | OEM\/ODM"},"content":{"rendered":"<p data-v-md-line=\"3\">Erh\u00f6hen Sie die Art und Weise, wie Sie automatisieren. Die Motion Control Servo-Elektrozylinder der Serie 75 von Jimmy Technology bieten unaufhaltsame Pr\u00e4zision, robuste Zuverl\u00e4ssigkeit und erstklassige Anpassungsm\u00f6glichkeiten f\u00fcr anspruchsvolle OEM\/ODM-Projekte.<\/p>\n<h2 data-v-md-heading=\"features-and-benefits\" data-v-md-line=\"6\">Merkmale und Vorteile<\/h2>\n<ul data-v-md-line=\"8\">\n<li>Pr\u00e4zise Bewegungssteuerung: Erzielen Sie eine unglaubliche Genauigkeit und Wiederholbarkeit - bis zu \u00b10,005 mm - dank unserer fortschrittlichen Steuerung mit geschlossenem Regelkreis und hochaufl\u00f6sendem Encoder-Feedback. Dies bedeutet, dass Sie bei jedem Zyklus eine punktgenaue Positionierung und perfekte Kraftanwendung erhalten.<\/li>\n<li>Robuste, langlebige Konstruktion: Diese Elektrozylinder sind aus hochbelastbaren Materialien wie hochwertigen Aluminiumgeh\u00e4usen und Edelstahlstangen gefertigt und verf\u00fcgen \u00fcber eine hohe Schutzart (bis zu IP65\/IP67). Sie halten St\u00f6\u00dfen, Vibrationen, aggressiven Chemikalien, Staub und Reinigungsvorg\u00e4ngen stand.<\/li>\n<li>Leistung, der Sie vertrauen k\u00f6nnen: Mit Spitzenkr\u00e4ften, die mit denen der Hydraulik konkurrieren, und Hubl\u00e4ngen, die auf Ihre Anwendung zugeschnitten sind, bietet die Serie 75 ein Kraft- und Geschwindigkeitsprofil, das perfekt darauf abgestimmt ist, dass Ihre Anlagen bei minimalen Ausfallzeiten mit voller Geschwindigkeit laufen.<\/li>\n<li>Vielseitige Schraubentechnologien: Rollengewindetriebe und Kugelgewindetriebe bieten das Beste aus beiden Welten: maximale Kraft\u00fcbertragung und lange Lebensdauer oder ultraleise Hochgeschwindigkeitsautomatisierung f\u00fcr Reinr\u00e4ume und lebensmitteltaugliche Anwendungen.<\/li>\n<li>Integration leicht gemacht: W\u00e4hlen Sie zwischen integriertem, Inline- oder parallelem Motoranbau und einer digitalen Steuerungsschnittstelle, die mit EtherCAT, PROFINET, Modbus TCP\/IP, CANopen und f\u00fchrenden SPSen und HMIs kompatibel ist. Das bedeutet m\u00fcheloses Plug-and-Play f\u00fcr Ihre Ingenieure.<\/li>\n<li>Echte Energie-Effizienz: Reduzieren Sie Ihre Betriebskosten und die Umweltbelastung. Das servoelektrische Design senkt den Stromverbrauch (bis zu 80% Einsparung gegen\u00fcber Fl\u00fcssigkeitsstrom) und ist leise genug, um die Sicherheitsstandards in Medizin, Labor und am Arbeitsplatz zu erf\u00fcllen.<\/li>\n<li>Wartungsfrei, sorgenfrei: Ohne Leckagen, ohne Druckluft und ohne regelm\u00e4\u00dfige Wartungszyklen bleiben Ihre Ger\u00e4te sauber und zuverl\u00e4ssig, wodurch ungeplante Ausfallzeiten minimiert und die Rentabilit\u00e4t maximiert werden.<\/li>\n<\/ul>\n<h2 data-v-md-heading=\"wide-applications\" data-v-md-line=\"16\">Breite Anwendungen<\/h2>\n<p data-v-md-line=\"17\">Dieser Servo-Linearaktuator eignet sich f\u00fcr eine Reihe von fortschrittlichen industriellen Automatisierungsanwendungen: Automatisierung von Verpackungsmaschinen, Materialhandhabungssysteme, Flie\u00dfbandroboter, Herstellung von medizinischen Ger\u00e4ten, pharmazeutische Produktion, Lebensmittel- und Getr\u00e4nkeverarbeitung und sogar f\u00fcr hochpr\u00e4zise Pr\u00fcf- und Simulationsger\u00e4te in der Automobilindustrie.<\/p>\n<h2 data-v-md-heading=\"specifications\" data-v-md-line=\"19\">Spezifikationen<\/h2>\n<ul data-v-md-line=\"21\">\n<li>Kraft: Bis zu 40.000 N (konfigurierbar f\u00fcr genaue Anforderungen)<\/li>\n<li>Geschwindigkeit: bis zu 2.000 mm\/Sek. (anpassbar f\u00fcr schnellen Transfer oder empfindliche Positionierung)<\/li>\n<li>Hubl\u00e4nge: Im Bereich von 50 mm bis 2.000 mm, vollst\u00e4ndig anpassbar<\/li>\n<li>Eingangsspannung: 24V, 48V oder 220V AC\/DC, je nach Ihrem System<\/li>\n<li>Schutzart: IP65 oder h\u00f6her (ideal f\u00fcr den Einsatz in rauen Umgebungen oder bei Reinigungsarbeiten)<\/li>\n<\/ul>\n<h2 data-v-md-heading=\"technical-support\" data-v-md-line=\"27\">Technische Unterst\u00fctzung<\/h2>\n<p data-v-md-line=\"28\">Wir bieten umfassenden technischen Support f\u00fcr dieses Produkt, einschlie\u00dflich detaillierter CAD-Modelle, technischer Datenbl\u00e4tter und Verdrahtungspl\u00e4ne, um eine reibungslose und einfache Integration in Ihr Projekt zu gew\u00e4hrleisten.<\/p>\n<h2 data-v-md-heading=\"conclusion\" data-v-md-line=\"30\">Schlussfolgerung<\/h2>\n<p data-v-md-line=\"31\">Wenn Sie sich f\u00fcr Jimmy Technology entscheiden, investieren Sie in marktf\u00fchrende Qualit\u00e4t, technische Innovation und unersch\u00fctterliche Zuverl\u00e4ssigkeit - und damit in eine Automatisierung, die es in sich hat.<\/p>\n<p><img fetchpriority=\"high\" decoding=\"async\" class=\"aligncenter size-full wp-image-2684\" src=\"https:\/\/servolinearactuator.com\/wp-content\/uploads\/2025\/07\/75-Series-2.jpg\" alt=\"\" width=\"1420\" height=\"2036\" srcset=\"https:\/\/servolinearactuator.com\/wp-content\/uploads\/2025\/07\/75-Series-2.jpg 1420w, https:\/\/servolinearactuator.com\/wp-content\/uploads\/2025\/07\/75-Series-2-209x300.jpg 209w, https:\/\/servolinearactuator.com\/wp-content\/uploads\/2025\/07\/75-Series-2-714x1024.jpg 714w, https:\/\/servolinearactuator.com\/wp-content\/uploads\/2025\/07\/75-Series-2-768x1101.jpg 768w, https:\/\/servolinearactuator.com\/wp-content\/uploads\/2025\/07\/75-Series-2-1071x1536.jpg 1071w, https:\/\/servolinearactuator.com\/wp-content\/uploads\/2025\/07\/75-Series-2-600x860.jpg 600w\" sizes=\"(max-width: 1420px) 100vw, 1420px\" \/> <img decoding=\"async\" class=\"aligncenter size-full wp-image-2685\" src=\"https:\/\/servolinearactuator.com\/wp-content\/uploads\/2025\/07\/75-Series.jpg\" alt=\"\" width=\"1420\" height=\"2036\" srcset=\"https:\/\/servolinearactuator.com\/wp-content\/uploads\/2025\/07\/75-Series.jpg 1420w, https:\/\/servolinearactuator.com\/wp-content\/uploads\/2025\/07\/75-Series-209x300.jpg 209w, https:\/\/servolinearactuator.com\/wp-content\/uploads\/2025\/07\/75-Series-714x1024.jpg 714w, https:\/\/servolinearactuator.com\/wp-content\/uploads\/2025\/07\/75-Series-768x1101.jpg 768w, https:\/\/servolinearactuator.com\/wp-content\/uploads\/2025\/07\/75-Series-1071x1536.jpg 1071w, https:\/\/servolinearactuator.com\/wp-content\/uploads\/2025\/07\/75-Series-600x860.jpg 600w\" sizes=\"(max-width: 1420px) 100vw, 1420px\" \/><img decoding=\"async\" class=\"aligncenter size-full wp-image-2687\" src=\"https:\/\/servolinearactuator.com\/wp-content\/uploads\/2025\/07\/75-Series-4.jpg\" alt=\"\" width=\"1420\" height=\"2036\" srcset=\"https:\/\/servolinearactuator.com\/wp-content\/uploads\/2025\/07\/75-Series-4.jpg 1420w, https:\/\/servolinearactuator.com\/wp-content\/uploads\/2025\/07\/75-Series-4-209x300.jpg 209w, https:\/\/servolinearactuator.com\/wp-content\/uploads\/2025\/07\/75-Series-4-714x1024.jpg 714w, https:\/\/servolinearactuator.com\/wp-content\/uploads\/2025\/07\/75-Series-4-768x1101.jpg 768w, https:\/\/servolinearactuator.com\/wp-content\/uploads\/2025\/07\/75-Series-4-1071x1536.jpg 1071w, https:\/\/servolinearactuator.com\/wp-content\/uploads\/2025\/07\/75-Series-4-600x860.jpg 600w\" sizes=\"(max-width: 1420px) 100vw, 1420px\" \/> <img loading=\"lazy\" decoding=\"async\" class=\"aligncenter size-full wp-image-2686\" src=\"https:\/\/servolinearactuator.com\/wp-content\/uploads\/2025\/07\/75-Series-3.jpg\" alt=\"\" width=\"1407\" height=\"2036\" srcset=\"https:\/\/servolinearactuator.com\/wp-content\/uploads\/2025\/07\/75-Series-3.jpg 1407w, https:\/\/servolinearactuator.com\/wp-content\/uploads\/2025\/07\/75-Series-3-207x300.jpg 207w, https:\/\/servolinearactuator.com\/wp-content\/uploads\/2025\/07\/75-Series-3-708x1024.jpg 708w, https:\/\/servolinearactuator.com\/wp-content\/uploads\/2025\/07\/75-Series-3-768x1111.jpg 768w, https:\/\/servolinearactuator.com\/wp-content\/uploads\/2025\/07\/75-Series-3-1061x1536.jpg 1061w, https:\/\/servolinearactuator.com\/wp-content\/uploads\/2025\/07\/75-Series-3-600x868.jpg 600w\" sizes=\"(max-width: 1407px) 100vw, 1407px\" \/><\/p>\n<p><script src=\"chrome-extension:\/\/fpelahbljekknahkcaegamhcndkfpfnc\/iFrame.js\" type=\"text\/javascript\"><\/script><\/p>","protected":false},"excerpt":{"rendered":"<div class=\"chat-container\">\n<div class=\"chat-view-container ng-star-inserted\">\n<div>\n<div class=\"chat-turn-container model render cdk-focused cdk-mouse-focused\" tabindex=\"-1\">\n<div class=\"model-prompt-container\" data-turn-role=\"Model\">\n<div class=\"turn-content\">\n<p class=\"ng-star-inserted\"><span class=\"ng-star-inserted\">Servoelektrische Zylinder der Serie 75 von Jimmy Technology: Unaufhaltsame Pr\u00e4zision, robuste Zuverl\u00e4ssigkeit und erstklassige Anpassungsm\u00f6glichkeiten f\u00fcr anspruchsvolle OEM\/ODM-Projekte.<\/span><\/p>\n<\/div>\n<\/div>\n<\/div>\n<\/div>\n<\/div>\n<\/div>\n<p><script src=\"chrome-extension:\/\/fpelahbljekknahkcaegamhcndkfpfnc\/iFrame.js\" type=\"text\/javascript\"><\/script><\/p>","protected":false},"featured_media":2444,"template":"","meta":{"_kad_post_transparent":"default","_kad_post_title":"","_kad_post_layout":"default","_kad_post_sidebar_id":"","_kad_post_content_style":"default","_kad_post_vertical_padding":"default","_kad_post_feature":"","_kad_post_feature_position":"","_kad_post_header":false,"_kad_post_footer":false,"_kad_post_classname":""},"product_brand":[],"product_cat":[587,577,563,581,578,556,15,586,545],"product_tag":[654,655,647],"class_list":{"0":"post-2395","1":"product","2":"type-product","3":"status-publish","4":"has-post-thumbnail","6":"product_cat-actuators-by-drive-type","7":"product_cat-actuators-by-feature","8":"product_cat-actuators-by-motor-type","9":"product_cat-actuators-by-popular-application","10":"product_cat-actuators-with-position-feedback","11":"product_cat-electric-cylinders","12":"product_cat-electric-linear-actuators","13":"product_cat-industrial-automation","14":"product_cat-servo-motor-actuators","15":"product_tag-motion-control","16":"product_tag-oem-odm-servo-electric-cylinder","17":"product_tag-servo-electric-cylinder","19":"first","20":"instock","21":"shipping-taxable","22":"product-type-simple","23":"entry","24":"content-bg","25":"loop-entry"},"_links":{"self":[{"href":"https:\/\/servolinearactuator.com\/de\/wp-json\/wp\/v2\/product\/2395","targetHints":{"allow":["GET"]}}],"collection":[{"href":"https:\/\/servolinearactuator.com\/de\/wp-json\/wp\/v2\/product"}],"about":[{"href":"https:\/\/servolinearactuator.com\/de\/wp-json\/wp\/v2\/types\/product"}],"wp:featuredmedia":[{"embeddable":true,"href":"https:\/\/servolinearactuator.com\/de\/wp-json\/wp\/v2\/media\/2444"}],"wp:attachment":[{"href":"https:\/\/servolinearactuator.com\/de\/wp-json\/wp\/v2\/media?parent=2395"}],"wp:term":[{"taxonomy":"product_brand","embeddable":true,"href":"https:\/\/servolinearactuator.com\/de\/wp-json\/wp\/v2\/product_brand?post=2395"},{"taxonomy":"product_cat","embeddable":true,"href":"https:\/\/servolinearactuator.com\/de\/wp-json\/wp\/v2\/product_cat?post=2395"},{"taxonomy":"product_tag","embeddable":true,"href":"https:\/\/servolinearactuator.com\/de\/wp-json\/wp\/v2\/product_tag?post=2395"}],"curies":[{"name":"wp","href":"https:\/\/api.w.org\/{rel}","templated":true}]}}