{"id":2392,"date":"2025-07-09T09:30:13","date_gmt":"2025-07-09T09:30:13","guid":{"rendered":"https:\/\/servolinearactuator.com\/?post_type=product&#038;p=2392"},"modified":"2025-07-24T22:23:57","modified_gmt":"2025-07-24T14:23:57","slug":"65-series-high-speed-servo-linear-actuator-electric-cylinder","status":"publish","type":"product","link":"https:\/\/servolinearactuator.com\/de\/65-series-high-speed-servo-linear-actuator-electric-cylinder\/","title":{"rendered":"65 Serie Hochgeschwindigkeits-Servo-Linearantriebe | Elektrozylinder"},"content":{"rendered":"<p data-v-md-line=\"3\">Erleben Sie Pr\u00e4zision, Kraft und echte Innovation mit dem Hochgeschwindigkeits-Servo-Linearantrieb der Serie 65 von Jimmy Technology - ein elektrischer Zylinder von Weltklasse, der f\u00fcr die anspruchsvolle industrielle Automatisierung entwickelt wurde und sich nicht mit \"gut genug\" zufrieden gibt.<\/p>\n<p data-v-md-line=\"5\"><strong>Merkmale und Vorteile<\/strong><\/p>\n<ul data-v-md-line=\"6\">\n<li>Robuste Konstruktion f\u00fcr langfristige Haltbarkeit: Der aus hochwertigen Materialien wie eloxiertem Aluminium und Edelstahlstangen gefertigte Aktuator ist auch in rauen Umgebungen einsetzbar. Seine robuste Bauweise h\u00e4lt Korrosion, Schwerlastzyklen und den h\u00e4rtesten Automatisierungsaufgaben stand.<\/li>\n<li>Lineare Hochgeschwindigkeitsbewegung: Mit ihren schnellen Beschleunigungs- und Abbremsfunktionen verk\u00fcrzt die Serie 65 die Zykluszeiten und maximiert den Durchsatz - ein absoluter Wendepunkt f\u00fcr Verpackungslinien oder Hochgeschwindigkeits-Pick-and-Place-Anwendungen.<\/li>\n<li>Servosteuerung mit geschlossenem Regelkreis: Dank fortschrittlicher Geschwindigkeits- und Kraftsteuerungssysteme erhalten Sie eine Genauigkeit im Submillimeterbereich und wiederholbare lineare Bewegungen, die f\u00fcr Pr\u00e4zisionsdosierungen, Montageautomatisierung und kritische Qualit\u00e4tsaufgaben entscheidend sind.<\/li>\n<li>Kraftvolle Leistung mit hoher Schubkraft: Mit Kraftbereichen, die f\u00fcr die Automobilmontage, das Pressen und die Handhabung von schwerem Material geeignet sind, ist dieser Aktuator bereit, industrielle Bewegungen mit hoher Kraft zu bew\u00e4ltigen und ersetzt pneumatische und hydraulische Systeme durch elektrisch effiziente Kraft\u00fcbertragung.<\/li>\n<li>Optimaler Schutz vor Umwelteinfl\u00fcssen: Der Aktuator ist mit einer Dichtung der Schutzart IP65 erh\u00e4ltlich und ist somit staub- und wasserabweisend, was ihn ideal f\u00fcr Umgebungen macht, in denen er gewaschen werden muss, oder sogar f\u00fcr anspruchsvolle Installationen im Freien.<\/li>\n<li>Einfache Integration und wartungsfreier Betrieb: Dieser Elektrozylinder ist mit g\u00e4ngigen Servomotoren, SPS und industriellen Kommunikationsprotokollen wie EtherCAT, Ethernet\/IP und Profinet kompatibel und sorgt so f\u00fcr ein schlankes Design Ihres Schaltschranks. Die Optionen Kugel- und Rollengewindetrieb versprechen eine lange Lebensdauer und minimale Wartungsanforderungen.<\/li>\n<\/ul>\n<p data-v-md-line=\"13\"><strong>Breite Anwendungen<\/strong><br \/>\nDieser Aktuator zeichnet sich \u00fcberall dort aus, wo hohe Geschwindigkeit, Kraft und Genauigkeit am wichtigsten sind. Er ist der Goldstandard f\u00fcr industrielle Automatisierungsl\u00f6sungen, Automobilmontage, fortschrittliche Robotik, Lebensmittel- und Getr\u00e4nkeverarbeitung, Verpackung, Abf\u00fcllung und Materialhandhabung in Fabriken, die auf die Effizienz von Industrie 4.0 zusteuern.<\/p>\n<p data-v-md-line=\"16\"><strong>Spezifikationen<\/strong><\/p>\n<ul data-v-md-line=\"17\">\n<li>Kraft: Normalerweise zwischen 1 kN und 20 kN (bis zu 50 kN bei gr\u00f6\u00dferen Konfigurationen)<\/li>\n<li>Geschwindigkeit: Kann 500 mm\/s bis 2000 mm\/s erreichen (mit Optionen bis zu 3000 mm\/s)<\/li>\n<li>Hubl\u00e4nge: Flexibel - von 50 mm bis 1500 mm, mit kundenspezifischen Optionen erh\u00e4ltlich<\/li>\n<li>Eingangsspannung: Kompatibel mit Standard-Industrieservoantrieben (siehe Jimmy Technology's detailliertes Datenblatt f\u00fcr Details)<\/li>\n<li>Schutzart: Standardm\u00e4\u00dfig IP65-zertifiziert, staub- und wasserdicht f\u00fcr raue und feuchte Umgebungen<\/li>\n<\/ul>\n<p data-v-md-line=\"23\"><strong>Technische Unterst\u00fctzung<\/strong><br \/>\nUnser Team bei Jimmy Technology setzt sich f\u00fcr den Erfolg Ihres Projekts ein. Wir bieten umfassende technische Unterst\u00fctzung, einschlie\u00dflich detaillierter CAD-Modelle, technischer Datenbl\u00e4tter, Schaltpl\u00e4ne und fachkundiger Beratung, um eine nahtlose Integration und eine schnelle Inbetriebnahme zu gew\u00e4hrleisten.<\/p>\n<p data-v-md-line=\"26\"><strong>Schlussfolgerung<\/strong><br \/>\nWenn Sie sich f\u00fcr Jimmy Technology entscheiden, investieren Sie in marktf\u00fchrende Qualit\u00e4t, modernste Technik und unersch\u00fctterliche Zuverl\u00e4ssigkeit - damit wird jedes Automatisierungsprojekt von Anfang an schneller, intelligenter und kosteng\u00fcnstiger.<\/p>\n<p><img fetchpriority=\"high\" decoding=\"async\" class=\"aligncenter size-full wp-image-2679\" src=\"https:\/\/servolinearactuator.com\/wp-content\/uploads\/2025\/07\/65-Series-1.jpg\" alt=\"\" width=\"1413\" height=\"2036\" srcset=\"https:\/\/servolinearactuator.com\/wp-content\/uploads\/2025\/07\/65-Series-1.jpg 1413w, https:\/\/servolinearactuator.com\/wp-content\/uploads\/2025\/07\/65-Series-1-208x300.jpg 208w, https:\/\/servolinearactuator.com\/wp-content\/uploads\/2025\/07\/65-Series-1-711x1024.jpg 711w, https:\/\/servolinearactuator.com\/wp-content\/uploads\/2025\/07\/65-Series-1-768x1107.jpg 768w, https:\/\/servolinearactuator.com\/wp-content\/uploads\/2025\/07\/65-Series-1-1066x1536.jpg 1066w, https:\/\/servolinearactuator.com\/wp-content\/uploads\/2025\/07\/65-Series-1-600x865.jpg 600w\" sizes=\"(max-width: 1413px) 100vw, 1413px\" \/> <img decoding=\"async\" class=\"aligncenter size-full wp-image-2682\" src=\"https:\/\/servolinearactuator.com\/wp-content\/uploads\/2025\/07\/65-Series.jpg\" alt=\"\" width=\"1400\" height=\"2036\" srcset=\"https:\/\/servolinearactuator.com\/wp-content\/uploads\/2025\/07\/65-Series.jpg 1400w, https:\/\/servolinearactuator.com\/wp-content\/uploads\/2025\/07\/65-Series-206x300.jpg 206w, https:\/\/servolinearactuator.com\/wp-content\/uploads\/2025\/07\/65-Series-704x1024.jpg 704w, https:\/\/servolinearactuator.com\/wp-content\/uploads\/2025\/07\/65-Series-768x1117.jpg 768w, https:\/\/servolinearactuator.com\/wp-content\/uploads\/2025\/07\/65-Series-1056x1536.jpg 1056w, https:\/\/servolinearactuator.com\/wp-content\/uploads\/2025\/07\/65-Series-600x873.jpg 600w\" sizes=\"(max-width: 1400px) 100vw, 1400px\" \/><img decoding=\"async\" class=\"aligncenter size-full wp-image-2680\" src=\"https:\/\/servolinearactuator.com\/wp-content\/uploads\/2025\/07\/65-Series-4.jpg\" alt=\"\" width=\"1427\" height=\"2036\" srcset=\"https:\/\/servolinearactuator.com\/wp-content\/uploads\/2025\/07\/65-Series-4.jpg 1427w, https:\/\/servolinearactuator.com\/wp-content\/uploads\/2025\/07\/65-Series-4-210x300.jpg 210w, https:\/\/servolinearactuator.com\/wp-content\/uploads\/2025\/07\/65-Series-4-718x1024.jpg 718w, https:\/\/servolinearactuator.com\/wp-content\/uploads\/2025\/07\/65-Series-4-768x1096.jpg 768w, https:\/\/servolinearactuator.com\/wp-content\/uploads\/2025\/07\/65-Series-4-1077x1536.jpg 1077w, https:\/\/servolinearactuator.com\/wp-content\/uploads\/2025\/07\/65-Series-4-600x856.jpg 600w\" sizes=\"(max-width: 1427px) 100vw, 1427px\" \/> <img loading=\"lazy\" decoding=\"async\" class=\"aligncenter size-full wp-image-2681\" src=\"https:\/\/servolinearactuator.com\/wp-content\/uploads\/2025\/07\/65-Series-5.jpg\" alt=\"\" width=\"1413\" height=\"2036\" srcset=\"https:\/\/servolinearactuator.com\/wp-content\/uploads\/2025\/07\/65-Series-5.jpg 1413w, https:\/\/servolinearactuator.com\/wp-content\/uploads\/2025\/07\/65-Series-5-208x300.jpg 208w, https:\/\/servolinearactuator.com\/wp-content\/uploads\/2025\/07\/65-Series-5-711x1024.jpg 711w, https:\/\/servolinearactuator.com\/wp-content\/uploads\/2025\/07\/65-Series-5-768x1107.jpg 768w, https:\/\/servolinearactuator.com\/wp-content\/uploads\/2025\/07\/65-Series-5-1066x1536.jpg 1066w, https:\/\/servolinearactuator.com\/wp-content\/uploads\/2025\/07\/65-Series-5-600x865.jpg 600w\" sizes=\"(max-width: 1413px) 100vw, 1413px\" \/><\/p>\n<p><script src=\"chrome-extension:\/\/fpelahbljekknahkcaegamhcndkfpfnc\/iFrame.js\" type=\"text\/javascript\"><\/script><\/p>","protected":false},"excerpt":{"rendered":"<div class=\"model-prompt-container\" data-turn-role=\"Model\">\n<div class=\"turn-content\">\n<p class=\"ng-star-inserted\"><span class=\"ng-star-inserted\">Jimmy Technology's 65er Serie Hochgeschwindigkeits-Servoaktuatoren: Pr\u00e4zision, Leistung und Innovation f\u00fcr anspruchsvolle industrielle Automatisierung, die sich nie mit \"gut genug\" zufrieden gibt.<\/span><\/p>\n<\/div>\n<\/div>\n<p><script src=\"chrome-extension:\/\/fpelahbljekknahkcaegamhcndkfpfnc\/iFrame.js\" type=\"text\/javascript\"><\/script><\/p>","protected":false},"featured_media":2433,"template":"","meta":{"_kad_post_transparent":"default","_kad_post_title":"","_kad_post_layout":"default","_kad_post_sidebar_id":"","_kad_post_content_style":"default","_kad_post_vertical_padding":"default","_kad_post_feature":"","_kad_post_feature_position":"","_kad_post_header":false,"_kad_post_footer":false,"_kad_post_classname":""},"product_brand":[],"product_cat":[587,566,563,581,570,556,15,571,568,545],"product_tag":[614,651,649],"class_list":{"0":"post-2392","1":"product","2":"type-product","3":"status-publish","4":"has-post-thumbnail","6":"product_cat-actuators-by-drive-type","7":"product_cat-actuators-by-force-duty","8":"product_cat-actuators-by-motor-type","9":"product_cat-actuators-by-popular-application","10":"product_cat-actuators-by-speed","11":"product_cat-electric-cylinders","12":"product_cat-electric-linear-actuators","13":"product_cat-high-speed-linear-actuators","14":"product_cat-medium-duty-linear-actuators","15":"product_cat-servo-motor-actuators","16":"product_tag-electric-cylinder","17":"product_tag-high-speed-actuator","18":"product_tag-servo-linear-actuator","20":"first","21":"instock","22":"shipping-taxable","23":"product-type-simple","24":"entry","25":"content-bg","26":"loop-entry"},"_links":{"self":[{"href":"https:\/\/servolinearactuator.com\/de\/wp-json\/wp\/v2\/product\/2392","targetHints":{"allow":["GET"]}}],"collection":[{"href":"https:\/\/servolinearactuator.com\/de\/wp-json\/wp\/v2\/product"}],"about":[{"href":"https:\/\/servolinearactuator.com\/de\/wp-json\/wp\/v2\/types\/product"}],"wp:featuredmedia":[{"embeddable":true,"href":"https:\/\/servolinearactuator.com\/de\/wp-json\/wp\/v2\/media\/2433"}],"wp:attachment":[{"href":"https:\/\/servolinearactuator.com\/de\/wp-json\/wp\/v2\/media?parent=2392"}],"wp:term":[{"taxonomy":"product_brand","embeddable":true,"href":"https:\/\/servolinearactuator.com\/de\/wp-json\/wp\/v2\/product_brand?post=2392"},{"taxonomy":"product_cat","embeddable":true,"href":"https:\/\/servolinearactuator.com\/de\/wp-json\/wp\/v2\/product_cat?post=2392"},{"taxonomy":"product_tag","embeddable":true,"href":"https:\/\/servolinearactuator.com\/de\/wp-json\/wp\/v2\/product_tag?post=2392"}],"curies":[{"name":"wp","href":"https:\/\/api.w.org\/{rel}","templated":true}]}}