{"id":2387,"date":"2025-07-08T14:38:02","date_gmt":"2025-07-08T14:38:02","guid":{"rendered":"https:\/\/servolinearactuator.com\/?post_type=product&#038;p=2387"},"modified":"2025-07-24T22:54:05","modified_gmt":"2025-07-24T14:54:05","slug":"pa5-electric-linear-actuator-with-position-feedback-option","status":"publish","type":"product","link":"https:\/\/servolinearactuator.com\/de\/pa5-electric-linear-actuator-with-position-feedback-option\/","title":{"rendered":"Elektrischer Linearantrieb PA5 mit optionaler Positionsr\u00fcckmeldung"},"content":{"rendered":"<p data-v-md-line=\"3\">Mit dem elektrischen Linearantrieb PA5 mit Positionsr\u00fcckmeldung von Jimmy Technology erhalten Sie eine ausgefeilte Steuerung und kompromisslose Zuverl\u00e4ssigkeit. Dieser Aktuator wurde f\u00fcr den Einsatz in den h\u00e4rtesten Automatisierungsumgebungen entwickelt und bietet die perfekte Mischung aus Kraft, Intelligenz und Pr\u00e4zision, die Sie ben\u00f6tigen.<\/p>\n<h2 data-v-md-heading=\"features-and-benefits\" data-v-md-line=\"6\">Merkmale und Vorteile<\/h2>\n<ul data-v-md-line=\"7\">\n<li>Robuste Konstruktion: Der PA5 ist aus hochwertigen, strapazierf\u00e4higen Materialien gefertigt und h\u00e4lt industriellen Beanspruchungen, extremen Witterungseinfl\u00fcssen und starker Beanspruchung stand, was ihn zu einem der robustesten Aktuatoren auf dem Markt macht.<\/li>\n<li>Hervorragende Positionsr\u00fcckmeldung: W\u00e4hlen Sie zwischen integrierter Potentiometer- oder Hall-Effekt-Sensor-R\u00fcckmeldung und erreichen Sie damit eine geschlossene Bewegungssteuerung, punktgenaue Genauigkeit und fortschrittliche Automatisierung f\u00fcr jede Anwendung.<\/li>\n<li>Kupplungsschutz: Die mechanische Kupplung sch\u00fctzt Ihre Ger\u00e4te und den Antrieb vor Sch\u00e4den bei \u00dcberlast und sorgt so f\u00fcr zus\u00e4tzliche Sicherheit und eine l\u00e4ngere Lebensdauer.<\/li>\n<li>Vielseitige Stromversorgung: Der PA5 ist mit Gleichspannungen (z. B. 12 V oder 24 V) kompatibel und eignet sich f\u00fcr eine Vielzahl von Steuerungssystemen, von speicherprogrammierbaren Steuerungen (SPS) bis hin zu kundenspezifischen Mikrocontroller-Konfigurationen.<\/li>\n<li>Eingebaute Endschalter: Die automatische Abschaltung an der Hubgrenze sch\u00fctzt vor \u00dcberhub, sorgt f\u00fcr mehr Sicherheit und reduziert sowohl Ausfallzeiten als auch Wartungsprobleme.<\/li>\n<li>IP-Schutz f\u00fcr raue Umgebungen: Entwickelt f\u00fcr den Einsatz in anspruchsvollen industriellen, landwirtschaftlichen oder Outdoor-Umgebungen; die IP-Schutzklasse sch\u00fctzt vor dem Eindringen von Staub und Wasser.<\/li>\n<li>Geringer Wartungsaufwand, leiser Betrieb: Pr\u00e4zisions-Innenverzahnung und fortschrittliche Bewegungsmechanismen sorgen f\u00fcr eine reibungslose, zuverl\u00e4ssige und fl\u00fcsterleise Linearbewegung, auf die Sie sich Schicht f\u00fcr Schicht verlassen k\u00f6nnen.<\/li>\n<\/ul>\n<h2 data-v-md-heading=\"wide-applications\" data-v-md-line=\"15\">Breite Anwendungen<\/h2>\n<p data-v-md-line=\"16\">Ganz gleich, ob Sie eine L\u00f6sung f\u00fcr erneuerbare Energien, einen Roboterarm, ein medizinisches Ger\u00e4t oder sogar einen ergonomischen Hightech-Schreibtisch automatisieren m\u00f6chten - der PA5 ist Ihr idealer Antrieb f\u00fcr lineare Bewegungssteuerung. Er ist ideal f\u00fcr die Fabrikautomation, fortschrittliche Robotik, landwirtschaftliche Maschinen, Spezialfahrzeuge, die Aufr\u00fcstung der Hausautomation, die Nachf\u00fchrung von Solaranlagen und vieles mehr.<\/p>\n<h2 data-v-md-heading=\"specifications\" data-v-md-line=\"18\">Spezifikationen<\/h2>\n<ul data-v-md-line=\"19\">\n<li>Kraft: Hohe Belastbarkeit (genaue Werte siehe PA5-Datenblatt)<\/li>\n<li>Geschwindigkeit: Mehrere Optionen zur Anpassung an Ihr gew\u00fcnschtes Bewegungsprofil verf\u00fcgbar<\/li>\n<li>Hubl\u00e4nge: Konfigurierbar f\u00fcr unterschiedliche Automatisierungsaufgaben<\/li>\n<li>Eingangsspannung: 12V oder 24V DC Modelle<\/li>\n<li>Schutzart: IP-Klassifizierung f\u00fcr den Einsatz im Freien und in der Industrie<\/li>\n<\/ul>\n<h2 data-v-md-heading=\"technical-support\" data-v-md-line=\"25\">Technische Unterst\u00fctzung<\/h2>\n<p data-v-md-line=\"26\">Jimmy Technology bietet umfassenden Support mit CAD-Modellen, Schaltpl\u00e4nen und detaillierten Datenbl\u00e4ttern - f\u00fcr eine reibungslose und problemlose Integration f\u00fcr Ihr Team.<\/p>\n<h2 data-v-md-heading=\"conclusion\" data-v-md-line=\"28\">Schlussfolgerung<\/h2>\n<p data-v-md-line=\"29\">Wenn Sie dauerhafte Leistung, unschlagbare Pr\u00e4zision und nahtlose Vielseitigkeit verlangen, machen Sie Jimmy Technology zu Ihrer ersten Wahl f\u00fcr fortschrittliche Bewegungssteuerung.<\/p>","protected":false},"excerpt":{"rendered":"<p>Der elektrische Linearantrieb PA5: Ausgefeilte Steuerung, robuste Zuverl\u00e4ssigkeit. Mit Positionsr\u00fcckmeldung f\u00fcr Pr\u00e4zision ist er auch in schwierigen Automatisierungsumgebungen erfolgreich.<\/p>","protected":false},"featured_media":2647,"template":"","meta":{"_kad_post_transparent":"default","_kad_post_title":"","_kad_post_layout":"default","_kad_post_sidebar_id":"","_kad_post_content_style":"default","_kad_post_vertical_padding":"default","_kad_post_feature":"","_kad_post_feature_position":"","_kad_post_header":false,"_kad_post_footer":false,"_kad_post_classname":""},"product_brand":[],"product_cat":[587,577,566,563,581,578,543,15,568],"product_tag":[641,642],"class_list":{"0":"post-2387","1":"product","2":"type-product","3":"status-publish","4":"has-post-thumbnail","6":"product_cat-actuators-by-drive-type","7":"product_cat-actuators-by-feature","8":"product_cat-actuators-by-force-duty","9":"product_cat-actuators-by-motor-type","10":"product_cat-actuators-by-popular-application","11":"product_cat-actuators-with-position-feedback","12":"product_cat-brushed-dc-actuators","13":"product_cat-electric-linear-actuators","14":"product_cat-medium-duty-linear-actuators","15":"product_tag-electric-linear-actuator","16":"product_tag-position-feedback","18":"first","19":"instock","20":"shipping-taxable","21":"product-type-simple","22":"entry","23":"content-bg","24":"loop-entry"},"_links":{"self":[{"href":"https:\/\/servolinearactuator.com\/de\/wp-json\/wp\/v2\/product\/2387","targetHints":{"allow":["GET"]}}],"collection":[{"href":"https:\/\/servolinearactuator.com\/de\/wp-json\/wp\/v2\/product"}],"about":[{"href":"https:\/\/servolinearactuator.com\/de\/wp-json\/wp\/v2\/types\/product"}],"wp:featuredmedia":[{"embeddable":true,"href":"https:\/\/servolinearactuator.com\/de\/wp-json\/wp\/v2\/media\/2647"}],"wp:attachment":[{"href":"https:\/\/servolinearactuator.com\/de\/wp-json\/wp\/v2\/media?parent=2387"}],"wp:term":[{"taxonomy":"product_brand","embeddable":true,"href":"https:\/\/servolinearactuator.com\/de\/wp-json\/wp\/v2\/product_brand?post=2387"},{"taxonomy":"product_cat","embeddable":true,"href":"https:\/\/servolinearactuator.com\/de\/wp-json\/wp\/v2\/product_cat?post=2387"},{"taxonomy":"product_tag","embeddable":true,"href":"https:\/\/servolinearactuator.com\/de\/wp-json\/wp\/v2\/product_tag?post=2387"}],"curies":[{"name":"wp","href":"https:\/\/api.w.org\/{rel}","templated":true}]}}