{"id":2379,"date":"2025-07-08T14:31:56","date_gmt":"2025-07-08T14:31:56","guid":{"rendered":"https:\/\/servolinearactuator.com\/?post_type=product&#038;p=2379"},"modified":"2025-07-24T22:43:24","modified_gmt":"2025-07-24T14:43:24","slug":"od26-20000n-high-load-linear-actuator-long-stroke-oem","status":"publish","type":"product","link":"https:\/\/servolinearactuator.com\/de\/od26-20000n-high-load-linear-actuator-long-stroke-oem\/","title":{"rendered":"OD26 20000N Hochlast-Linearaktuator | Langer Hub | OEM"},"content":{"rendered":"<p data-v-md-line=\"3\">Erleben Sie einen technischen Durchbruch mit dem OD26 20000N Hochlast-Linearaktuator - hier trifft Hochleistungskraft auf Pr\u00e4zision f\u00fcr eine nahtlose OEM-Integration. Wenn Ihr Automatisierungsprojekt au\u00dfergew\u00f6hnliche lineare Bewegung, robuste Haltbarkeit und maximale Kraft erfordert, setzt dieser Aktuator die Messlatte h\u00f6her.<\/p>\n<h2 data-v-md-heading=\"features-and-benefits\" data-v-md-line=\"6\">Merkmale und Vorteile<\/h2>\n<ul data-v-md-line=\"8\">\n<li>\n<p data-v-md-line=\"8\">Au\u00dfergew\u00f6hnliche Schub-\/Zugkraft von 20.000 N<br \/>\nMit einer Kraft von bis zu 2 Tonnen ist der OD26 ein echter Hochkraftantrieb, der die anspruchsvollsten Herausforderungen im Bereich Materialhandhabung und industrielle Automatisierung mit Leichtigkeit meistert.<\/p>\n<\/li>\n<li>\n<p data-v-md-line=\"11\">Robuste, strapazierf\u00e4hige Konstruktion<br \/>\nDieser elektrische Linearantrieb besteht aus hochwertigem Aluminium und ist dort, wo es am wichtigsten ist, mit rostfreiem Stahl verst\u00e4rkt, sodass er auch in rauen Umgebungen erfolgreich ist. Sein robustes Geh\u00e4use h\u00e4lt St\u00f6\u00dfen und Vibrationen stand und bietet Zuverl\u00e4ssigkeit, die Ihr System am Laufen h\u00e4lt.<\/p>\n<\/li>\n<li>\n<p data-v-md-line=\"14\">Entwickelt f\u00fcr raue Umgebungen - hoher IP-Schutz<br \/>\nMit einer Schutzart von IP66 oder h\u00f6her widersteht dieser Aktuator Staub, Strahlwasser und sogar zeitweiligem Untertauchen. Regen, Schmutz und Abwaschwasser k\u00f6nnen ihm nichts anhaben, was ihn perfekt f\u00fcr den Einsatz im Freien und in rauen Industrieumgebungen macht.<\/p>\n<\/li>\n<li>\n<p data-v-md-line=\"17\">Flexibilit\u00e4t bei langen H\u00fcben<br \/>\nDer OD26 ist in Standard-, langen oder erweiterten Hubl\u00e4ngen (bis zu 2000 mm oder mehr) erh\u00e4ltlich und bietet Ihnen eine breite Palette an Verfahrm\u00f6glichkeiten. Ob Sie nun gro\u00dfe Tore, Solartracker oder Hebeb\u00fchnen automatisieren, Sie erhalten immer die Reichweite, die Sie ben\u00f6tigen.<\/p>\n<\/li>\n<li>\n<p data-v-md-line=\"20\">Pr\u00e4zisionsbewegung und -steuerung<br \/>\nOptionen f\u00fcr die integrierte Positionsr\u00fcckmeldung - Potentiometer, Hall-Sensor oder Encoder - erm\u00f6glichen Ihnen eine hohe Genauigkeit. Eingebaute Endschalter stoppen den Verfahrweg automatisch f\u00fcr einen sicheren, wartungsfreien Betrieb. Vollst\u00e4ndige SPS- und kundenspezifische Steuerungskompatibilit\u00e4t machen die Integration zu einem Kinderspiel.<\/p>\n<\/li>\n<li>\n<p data-v-md-line=\"23\">Leise, zuverl\u00e4ssige Leistung<br \/>\nHochentwickelte Antriebsgetriebe und eine interne D\u00e4mpfung reduzieren die Ger\u00e4uschentwicklung auf ein Minimum, sodass der Aktuator eine hohe Schubkraft bei geringer St\u00f6rung liefert - ideal f\u00fcr medizinische, ergonomische oder Innenraumumgebungen.<\/p>\n<\/li>\n<li>\n<p data-v-md-line=\"26\">Energieeffizient, wartungsfrei<br \/>\nElektrische Bet\u00e4tigung bedeutet niedrigere Betriebskosten und keine st\u00f6rende Hydraulik oder Pneumatik. Die Wartungsintervalle verl\u00e4ngern sich deutlich, mit einer Lebensdauer von 25.000 bis 100.000+ Zyklen unter realen Belastungen.<\/p>\n<\/li>\n<\/ul>\n<h2 data-v-md-heading=\"wide-applications\" data-v-md-line=\"29\">Breite Anwendungen<\/h2>\n<p data-v-md-line=\"30\">Dieser industrielle Linearantrieb ist die erste Wahl, wenn es um schweres Heben und lange Verfahrwege geht, z. B. bei der Automatisierung von Gro\u00dfventilen, Landmaschinen, medizinischen Aufz\u00fcgen, der Bet\u00e4tigung schwerer Tore, der Nachf\u00fchrung von Solarzellen, Robotik, Bergbauausr\u00fcstung und hochwertigen OEM-Maschinen.<\/p>\n<h2 data-v-md-heading=\"specifications\" data-v-md-line=\"32\">Spezifikationen<\/h2>\n<ul data-v-md-line=\"34\">\n<li>Kraft: 20.000N (2 metrische Tonnen)<\/li>\n<li>Geschwindigkeit: 5 bis 20 mm\/s bei maximaler Belastung<\/li>\n<li>Hubl\u00e4nge: Konfigurierbar - 300mm bis zu 2000mm+<\/li>\n<li>Eingangsspannung: Benutzerdefinierte Optionen (typischerweise 24V\/48V DC oder 110V\/220V AC)<\/li>\n<li>Schutzart: IP66\/IP67 f\u00fcr robuste Umweltbest\u00e4ndigkeit<\/li>\n<\/ul>\n<h2 data-v-md-heading=\"technical-support\" data-v-md-line=\"40\">Technische Unterst\u00fctzung<\/h2>\n<p data-v-md-line=\"41\">Wir bieten umfassenden technischen Support, einschlie\u00dflich Zugang zu detaillierten Datenbl\u00e4ttern, CAD-Modellen, Schaltpl\u00e4nen und fachkundiger technischer Beratung. Unsere OEM-Kunden genie\u00dfen eine pers\u00f6nliche Beratung f\u00fcr eine optimale Auswahl der Aktuatoren und eine nahtlose Integration.<\/p>\n<h2 data-v-md-heading=\"conclusion\" data-v-md-line=\"43\">Schlussfolgerung<\/h2>\n<p data-v-md-line=\"44\">Wenn Sie sich f\u00fcr Jimmy Technology entscheiden, entscheiden Sie sich f\u00fcr marktf\u00fchrende Qualit\u00e4t, robuste Innovation und dauerhafte Zuverl\u00e4ssigkeit - damit Ihre Automatisierungsprojekte den Industriestandard setzen k\u00f6nnen.<\/p>","protected":false},"excerpt":{"rendered":"<p>Der OD26 20000N Aktuator: Hier trifft Hochleistungskraft auf Pr\u00e4zision. Mit einer Kraft von 2 Tonnen f\u00fcr die nahtlose OEM-Integration in anspruchsvolle Projekte.<\/p>","protected":false},"featured_media":2596,"template":"","meta":{"_kad_post_transparent":"default","_kad_post_title":"","_kad_post_layout":"default","_kad_post_sidebar_id":"","_kad_post_content_style":"default","_kad_post_vertical_padding":"default","_kad_post_feature":"","_kad_post_feature_position":"","_kad_post_header":false,"_kad_post_footer":false,"_kad_post_classname":""},"product_brand":[],"product_cat":[587,566,563,581,543,15,567,586],"product_tag":[621,622,602],"class_list":{"0":"post-2379","1":"product","2":"type-product","3":"status-publish","4":"has-post-thumbnail","6":"product_cat-actuators-by-drive-type","7":"product_cat-actuators-by-force-duty","8":"product_cat-actuators-by-motor-type","9":"product_cat-actuators-by-popular-application","10":"product_cat-brushed-dc-actuators","11":"product_cat-electric-linear-actuators","12":"product_cat-heavy-duty-linear-actuators","13":"product_cat-industrial-automation","14":"product_tag-20000n-linear-actuator","15":"product_tag-high-load-actuator","16":"product_tag-linear-actuator","18":"first","19":"instock","20":"shipping-taxable","21":"product-type-simple","22":"entry","23":"content-bg","24":"loop-entry"},"_links":{"self":[{"href":"https:\/\/servolinearactuator.com\/de\/wp-json\/wp\/v2\/product\/2379","targetHints":{"allow":["GET"]}}],"collection":[{"href":"https:\/\/servolinearactuator.com\/de\/wp-json\/wp\/v2\/product"}],"about":[{"href":"https:\/\/servolinearactuator.com\/de\/wp-json\/wp\/v2\/types\/product"}],"wp:featuredmedia":[{"embeddable":true,"href":"https:\/\/servolinearactuator.com\/de\/wp-json\/wp\/v2\/media\/2596"}],"wp:attachment":[{"href":"https:\/\/servolinearactuator.com\/de\/wp-json\/wp\/v2\/media?parent=2379"}],"wp:term":[{"taxonomy":"product_brand","embeddable":true,"href":"https:\/\/servolinearactuator.com\/de\/wp-json\/wp\/v2\/product_brand?post=2379"},{"taxonomy":"product_cat","embeddable":true,"href":"https:\/\/servolinearactuator.com\/de\/wp-json\/wp\/v2\/product_cat?post=2379"},{"taxonomy":"product_tag","embeddable":true,"href":"https:\/\/servolinearactuator.com\/de\/wp-json\/wp\/v2\/product_tag?post=2379"}],"curies":[{"name":"wp","href":"https:\/\/api.w.org\/{rel}","templated":true}]}}