{"id":2377,"date":"2025-07-08T14:31:51","date_gmt":"2025-07-08T14:31:51","guid":{"rendered":"https:\/\/servolinearactuator.com\/?post_type=product&#038;p=2377"},"modified":"2025-07-24T22:41:57","modified_gmt":"2025-07-24T14:41:57","slug":"od4-60000n-heavy-duty-electric-actuator-for-industrial-use","status":"publish","type":"product","link":"https:\/\/servolinearactuator.com\/de\/od4-60000n-heavy-duty-electric-actuator-for-industrial-use\/","title":{"rendered":"OD4 60000N Elektrischer Schwerlastantrieb f\u00fcr den industriellen Einsatz"},"content":{"rendered":"<p data-v-md-line=\"3\">Wenn Ihr industrielles Automatisierungsprojekt sowohl brachiale St\u00e4rke als auch absolute Sicherheit erfordert, ist der elektrische Hochleistungsantrieb OD4 60000N von Jimmy Technology die offensichtliche Wahl. Mit einer massiven Schubkraft von 60kN und fortschrittlicher Technik setzt dieser elektrische Industriezylinder einen neuen Standard in Sachen Zuverl\u00e4ssigkeit, Langlebigkeit und Leistung f\u00fcr die anspruchsvollsten Umgebungen.<\/p>\n<h2 data-v-md-heading=\"features-and-benefits\" data-v-md-line=\"5\">Merkmale und Vorteile<\/h2>\n<ul data-v-md-line=\"7\">\n<li><strong>Au\u00dfergew\u00f6hnliche Schubkraft von 60.000N:<\/strong>\u00a0Erm\u00f6glicht lineare Bewegungen mit hoher Kraft f\u00fcr schwerste Lasten - perfekt f\u00fcr Anwendungen wie die Bet\u00e4tigung gro\u00dfer Ventile, Schwerlast-Materialtransport und massive Industriepressen.<\/li>\n<li><strong>Robuste, industrietaugliche Konstruktion:<\/strong>\u00a0Durch die Verwendung hochwertiger Materialien und eines korrosionsbest\u00e4ndigen Geh\u00e4uses h\u00e4lt dieser Aktuator extremen Bedingungen stand. Sie k\u00f6nnen sich Jahr f\u00fcr Jahr auf seine robuste Konstruktion f\u00fcr den Einsatz im Freien oder in rauen Industrieumgebungen verlassen.<\/li>\n<li><strong>IP67 Schutzart:<\/strong>\u00a0Ganz gleich, ob Sie Staub, Wasser oder unvorhersehbarem Wetter ausgesetzt sind, der OD4 ist immer leistungsf\u00e4hig. Seine hohe Schutzart bedeutet echte Widerstandsf\u00e4higkeit gegen Umwelteinfl\u00fcsse und Eignung f\u00fcr den Einsatz im Freien und in der Waschanlage.<\/li>\n<li><strong>S1 Kontinuierlicher Betrieb:<\/strong>\u00a0Dieser Aktuator ist f\u00fcr den Dauerbetrieb ausgelegt und bietet einen Hochleistungszyklus, der h\u00f6chste Betriebszeiten unterst\u00fctzt - ideal f\u00fcr kritische Prozesssteuerungs- und Automatisierungssysteme, die nie ruhen d\u00fcrfen.<\/li>\n<li><strong>Integrierte Positionsr\u00fcckmeldung:<\/strong>\u00a0Dank fortschrittlicher Encoder oder Potentiometeroptionen erreichen Sie eine punktgenaue Positionierungsgenauigkeit. Die Pr\u00e4zisionsbewegung stellt sicher, dass Ihre Prozesse genau so ablaufen, wie Sie es beabsichtigen - jedes Mal.<\/li>\n<li><strong>Breite Kontrollkompatibilit\u00e4t:<\/strong>\u00a0L\u00e4sst sich nahtlos in moderne industrielle Automatisierungsarchitekturen integrieren. Es unterst\u00fctzt Standard-Kommunikationsprotokolle wie Modbus, Profibus und Ethernet\/IP f\u00fcr eine einfache Anbindung an SPS-, DCS- oder SCADA-Systeme.<\/li>\n<li><strong>Sicherheits- und Zuverl\u00e4ssigkeitsmerkmale:<\/strong>\u00a0Eingebaute Thermo- und \u00dcberlastungsschutzvorrichtungen, anpassbare Endschalter f\u00fcr das Hubende, manuelle Notbet\u00e4tigung und ausfallsichere Bet\u00e4tigungsm\u00f6glichkeiten geben Ihnen Sicherheit.<\/li>\n<li><strong>Wartungsarmes, langlebiges Design:<\/strong>\u00a0Dank des \u00fcberragenden mechanischen Wirkungsgrads und der Tatsache, dass keine Hydraulikfl\u00fcssigkeit verwaltet werden muss, werden die Ausfallzeiten und Betriebskosten minimiert. Der fortschrittliche Rollen-Schnecken-Antrieb sorgt f\u00fcr jahrzehntelangen, zuverl\u00e4ssigen Betrieb auch unter h\u00e4rtesten Belastungen.<\/li>\n<\/ul>\n<h2 data-v-md-heading=\"wide-applications\" data-v-md-line=\"16\">Breite Anwendungen<\/h2>\n<p data-v-md-line=\"18\">Der Stellantrieb OD4 60000N ist die ideale L\u00f6sung f\u00fcr den Bedarf an elektrischen Stellantrieben f\u00fcr schwere Maschinen und industrielle Automatisierungsanwendungen. Sie finden ihn h\u00e4ufig bei der Automatisierung von massiven Schiebern in der Energieerzeugung, bei der Steuerung von Klappen in Zement- und Stahlwerken, bei der Steuerung von Umlenkungen oder Rutschen im Bergbau und bei der Gew\u00e4hrleistung pr\u00e4ziser Klemm- oder Pressvorg\u00e4nge in der Fertigung. \u00dcberall dort, wo eine zuverl\u00e4ssige lineare Bewegung mit hoher Schubkraft erforderlich ist, wird dieser Aktuator seiner Aufgabe gerecht.<\/p>\n<h2 data-v-md-heading=\"specifications\" data-v-md-line=\"20\">Spezifikationen<\/h2>\n<ul data-v-md-line=\"22\">\n<li><strong>Kraft:<\/strong>\u00a060.000N (60kN) hohe Schubkraft f\u00fcr Schwerlast-Linearbewegungen<\/li>\n<li><strong>Geschwindigkeit:<\/strong>\u00a0Anpassbar an die Anforderungen der Anwendung (siehe Datenblatt f\u00fcr Standardbereiche)<\/li>\n<li><strong>L\u00e4nge des Hubs:<\/strong>\u00a0Erh\u00e4ltlich in einer breiten Palette von L\u00e4ngen f\u00fcr anspruchsvolle industrielle Installationen<\/li>\n<li><strong>Eingangsspannung:<\/strong>\u00a0\u00dcblicherweise 24 V\/12 V DC f\u00fcr maximale Zuverl\u00e4ssigkeit (andere Spannungen auf Anfrage erh\u00e4ltlich)<\/li>\n<li><strong>Schutzklasse:<\/strong>\u00a0IP67 - totaler Staubschutz und widersteht starkem Strahlwasser oder zeitweiligem Untertauchen<\/li>\n<\/ul>\n<h2 data-v-md-heading=\"technical-support\" data-v-md-line=\"28\">Technische Unterst\u00fctzung<\/h2>\n<p data-v-md-line=\"30\">Jimmy Technology unterst\u00fctzt Ihre Investition mit umfassendem Support: von detaillierten CAD-Modellen und Verdrahtungspl\u00e4nen bis hin zu schneller technischer Unterst\u00fctzung. Die Integration des OD4 in Ihre Steuerungsarchitektur ist reibungslos und unkompliziert, mit Anleitungen und Datenbl\u00e4ttern, die Sie bei jedem Schritt unterst\u00fctzen.<\/p>\n<h2 data-v-md-heading=\"conclusion\" data-v-md-line=\"32\">Schlussfolgerung<\/h2>\n<p data-v-md-line=\"34\">Wenn Sie sich f\u00fcr Jimmy Technology entscheiden, entscheiden Sie sich f\u00fcr marktf\u00fchrende Qualit\u00e4t, Innovation und unnachgiebige Zuverl\u00e4ssigkeit - entwickelt, um Ihren Erfolg in den h\u00e4rtesten industriellen Umgebungen zu sichern.<\/p>","protected":false},"excerpt":{"rendered":"<p>Jimmy Technology's OD4 60000N Aktuator liefert 60kN Schubkraft f\u00fcr Ihre h\u00e4rtesten industriellen Aufgaben. Holen Sie sich eine zuverl\u00e4ssige, leistungsstarke Linearbewegung.<\/p>\n<p><script src=\"chrome-extension:\/\/fpelahbljekknahkcaegamhcndkfpfnc\/iFrame.js\" type=\"text\/javascript\"><\/script><\/p>","protected":false},"featured_media":2584,"template":"","meta":{"_kad_post_transparent":"default","_kad_post_title":"","_kad_post_layout":"default","_kad_post_sidebar_id":"","_kad_post_content_style":"default","_kad_post_vertical_padding":"default","_kad_post_feature":"","_kad_post_feature_position":"","_kad_post_header":false,"_kad_post_footer":false,"_kad_post_classname":""},"product_brand":[],"product_cat":[587,15,573,566,563,581,543,567,576],"product_tag":[616,618,617],"class_list":{"0":"post-2377","1":"product","2":"type-product","3":"status-publish","4":"has-post-thumbnail","6":"product_cat-actuators-by-drive-type","7":"product_cat-electric-linear-actuators","8":"product_cat-actuators-by-environment","9":"product_cat-actuators-by-force-duty","10":"product_cat-actuators-by-motor-type","11":"product_cat-actuators-by-popular-application","12":"product_cat-brushed-dc-actuators","13":"product_cat-heavy-duty-linear-actuators","14":"product_cat-industrial-linear-actuators","15":"product_tag-60000n-actuator","16":"product_tag-electric-actuator","17":"product_tag-heavy-duty-actuator","19":"first","20":"instock","21":"shipping-taxable","22":"product-type-simple","23":"entry","24":"content-bg","25":"loop-entry"},"_links":{"self":[{"href":"https:\/\/servolinearactuator.com\/de\/wp-json\/wp\/v2\/product\/2377","targetHints":{"allow":["GET"]}}],"collection":[{"href":"https:\/\/servolinearactuator.com\/de\/wp-json\/wp\/v2\/product"}],"about":[{"href":"https:\/\/servolinearactuator.com\/de\/wp-json\/wp\/v2\/types\/product"}],"wp:featuredmedia":[{"embeddable":true,"href":"https:\/\/servolinearactuator.com\/de\/wp-json\/wp\/v2\/media\/2584"}],"wp:attachment":[{"href":"https:\/\/servolinearactuator.com\/de\/wp-json\/wp\/v2\/media?parent=2377"}],"wp:term":[{"taxonomy":"product_brand","embeddable":true,"href":"https:\/\/servolinearactuator.com\/de\/wp-json\/wp\/v2\/product_brand?post=2377"},{"taxonomy":"product_cat","embeddable":true,"href":"https:\/\/servolinearactuator.com\/de\/wp-json\/wp\/v2\/product_cat?post=2377"},{"taxonomy":"product_tag","embeddable":true,"href":"https:\/\/servolinearactuator.com\/de\/wp-json\/wp\/v2\/product_tag?post=2377"}],"curies":[{"name":"wp","href":"https:\/\/api.w.org\/{rel}","templated":true}]}}