{"id":2371,"date":"2025-07-08T14:02:48","date_gmt":"2025-07-08T14:02:48","guid":{"rendered":"https:\/\/servolinearactuator.com\/?post_type=product&#038;p=2371"},"modified":"2025-07-24T22:19:59","modified_gmt":"2025-07-24T14:19:59","slug":"64-sp-high-precision-ball-screw-linear-motion-stage","status":"publish","type":"product","link":"https:\/\/servolinearactuator.com\/de\/64-sp-high-precision-ball-screw-linear-motion-stage\/","title":{"rendered":"64-SP Hochpr\u00e4zisions-Kugelumlaufspindel-Lineartisch"},"content":{"rendered":"<p data-v-md-line=\"3\">Sie suchen nach \u00fcberragender Pr\u00e4zision und felsenfester Zuverl\u00e4ssigkeit f\u00fcr Ihr Automatisierungssystem? Der Hochpr\u00e4zisions-Kugelgewindetisch 64-SP von Jimmy Technology setzt neue Ma\u00dfst\u00e4be f\u00fcr anspruchsvolle Bewegungssteuerungen und bietet eine Genauigkeit und Leistung, die in jeder fortschrittlichen Entwicklungs-, Fertigungs- oder Forschungsumgebung Vertrauen erwecken wird.<\/p>\n<h2 data-v-md-heading=\"features-and-benefits\" data-v-md-line=\"5\">Merkmale und Vorteile<\/h2>\n<ul data-v-md-line=\"7\">\n<li><strong>Unerreichte Positionierungspr\u00e4zision:<\/strong>\u00a0Der 64-SP verf\u00fcgt \u00fcber ein robustes Kugelumlaufspindel-\u00dcbertragungssystem, das eine Wiederholgenauigkeit von \u00b10,02 mm erreicht. Das bedeutet, dass Ihr Automatisierungs- oder Roboterprozess eine hohe Wiederholgenauigkeit bietet - jedes Mal.<\/li>\n<li><strong>Schweres Lasthandling:<\/strong>\u00a0Dieser f\u00fcr industrielle Aufgaben konzipierte Hochlast-Lineartisch tr\u00e4gt bis zu 60 kg horizontal und 30 kg vertikal, so dass Sie schwere Baugruppen oder Nutzlasten bewegen k\u00f6nnen, ohne die Bewegungsgenauigkeit zu beeintr\u00e4chtigen.<\/li>\n<li><strong>Langlebige, vielseitige Konstruktion:<\/strong>\u00a0W\u00e4hlen Sie zwischen F\u00fchrungsschienen aus Kohlenstoffstahl oder Edelstahl und profitieren Sie von einer steifen, schwingungsd\u00e4mpfenden Struktur. Der 64-SP h\u00e4lt hohen Beanspruchungen stand und verformt sich auch bei maximaler Belastung nicht - und \u00fcbertrifft damit typische Linearf\u00fchrungen.<\/li>\n<li><strong>Flexible Hubl\u00e4ngen:<\/strong>\u00a0W\u00e4hlen Sie aus effektiven Hubl\u00e4ngen zwischen 100 mm und 1500 mm. Egal, ob Sie eine Mikropositionierung oder einen erweiterten Hub ben\u00f6tigen, Sie erhalten genau den Bewegungsbereich, den Ihre Anwendung erfordert.<\/li>\n<li><strong>Integrierte Sicherheit und Anpassungsf\u00e4higkeit:<\/strong>\u00a0T-Nutensteine, Bohrungen f\u00fcr die Endmontage und optionale Endschalter erleichtern die Integration. Diese Merkmale sch\u00fctzen Ihre Ausr\u00fcstung und erm\u00f6glichen eine schnelle Anpassung an jedes industrielle System oder jede Mehrachsanwendung.<\/li>\n<li><strong>Leistung bei Geschwindigkeit:<\/strong>\u00a0Die hocheffiziente Kugelumlaufspindel-Mechanik erm\u00f6glicht eine schnelle Beschleunigung und Abbremsung, so dass Sie den Durchsatz steigern k\u00f6nnen, ohne auf Genauigkeit verzichten zu m\u00fcssen.<\/li>\n<li><strong>Modular und anpassbar:<\/strong>\u00a0Das System kann f\u00fcr die parallele Motormontage, erweiterte Schieberegler und Motorkompatibilit\u00e4t angepasst werden - ganz gleich, ob Sie Schrittmotoren oder Servomotoren verwenden oder Encoder-Feedback f\u00fcr die Regelung ben\u00f6tigen.<\/li>\n<\/ul>\n<h2 data-v-md-heading=\"wide-applications\" data-v-md-line=\"15\">Breite Anwendungen<\/h2>\n<p data-v-md-line=\"17\">Der Linearantrieb mit Kugelgewindetrieb 64-SP ist die ideale Wahl f\u00fcr die fortschrittliche Automatisierung, einschlie\u00dflich: Halbleiterfertigungslinien, Robotik, Laborautomatisierung, Montage von medizinischen Ger\u00e4ten, Pr\u00e4zisions-CNC-Komponenten, Pr\u00fcf- und Messger\u00e4te, optische Ausrichtung und industrielle Werkzeugmaschinen. Er wurde f\u00fcr den Einsatz in Reinr\u00e4umen, rauen Umgebungen oder Umgebungen mit hohem Durchsatz entwickelt und bietet \u00fcberall dort Zuverl\u00e4ssigkeit, wo hohe Pr\u00e4zision am wichtigsten ist.<\/p>\n<h2 data-v-md-heading=\"specifications\" data-v-md-line=\"19\">Spezifikationen<\/h2>\n<ul data-v-md-line=\"21\">\n<li><strong>Kraft:<\/strong>\u00a0Bis zu 60 kg (horizontal), 30 kg (vertikal) dynamische Tragf\u00e4higkeit<\/li>\n<li><strong>Geschwindigkeit:<\/strong>\u00a0Hohe Geschwindigkeit mit Beschleunigungs-\/Verz\u00f6gerungsraten, die auf die Bed\u00fcrfnisse Ihres Modells zugeschnitten sind (siehe technisches Datenblatt f\u00fcr die gesamte Palette)<\/li>\n<li><strong>L\u00e4nge des Hubs:<\/strong>\u00a0100 mm bis 1500 mm (mehrere Konfigurationen verf\u00fcgbar)<\/li>\n<li><strong>Eingangsspannung:<\/strong>\u00a0Kompatibel mit Schritt- oder Servomotorkonfigurationen (siehe Motorendatenblatt f\u00fcr Details zur Integration)<\/li>\n<li><strong>Schutzklasse:<\/strong>\u00a0Optionale Endschalter und robuste Komponenten f\u00fcr den Einsatz in anspruchsvollen industriellen Umgebungen<\/li>\n<\/ul>\n<h2 data-v-md-heading=\"technical-support\" data-v-md-line=\"27\">Technische Unterst\u00fctzung<\/h2>\n<p data-v-md-line=\"29\">Wir bieten umfassenden technischen Support f\u00fcr den 64-SP, einschlie\u00dflich detaillierter Verdrahtungspl\u00e4ne, CAD-Modelle und vollst\u00e4ndiger technischer Datenbl\u00e4tter. Unsere erfahrenen Ingenieure sind bereit, Ihnen bei der Integration zu helfen - von der ersten Auswahl bis hin zum Kundendienst.<\/p>\n<h2 data-v-md-heading=\"conclusion\" data-v-md-line=\"31\">Schlussfolgerung<\/h2>\n<p data-v-md-line=\"33\">Entscheiden Sie sich f\u00fcr Jimmy Technology und erhalten Sie mehr als nur einen weiteren Lineartisch: Sie erhalten marktf\u00fchrende Innovation, robuste Haltbarkeit und den Leistungsvorsprung, den Ihr Automatisierungsprojekt verdient. Machen Sie den 64-SP zum R\u00fcckgrat Ihrer n\u00e4chsten Pr\u00e4zisionsbewegungsanwendung.<\/p>\n<p><img fetchpriority=\"high\" decoding=\"async\" class=\"aligncenter size-full wp-image-2713\" src=\"https:\/\/servolinearactuator.com\/wp-content\/uploads\/2025\/07\/64-sp.png\" alt=\"\" width=\"845\" height=\"1098\" srcset=\"https:\/\/servolinearactuator.com\/wp-content\/uploads\/2025\/07\/64-sp.png 845w, https:\/\/servolinearactuator.com\/wp-content\/uploads\/2025\/07\/64-sp-231x300.png 231w, https:\/\/servolinearactuator.com\/wp-content\/uploads\/2025\/07\/64-sp-788x1024.png 788w, https:\/\/servolinearactuator.com\/wp-content\/uploads\/2025\/07\/64-sp-768x998.png 768w, https:\/\/servolinearactuator.com\/wp-content\/uploads\/2025\/07\/64-sp-600x780.png 600w\" sizes=\"(max-width: 845px) 100vw, 845px\" \/><\/p>\n<p><script src=\"chrome-extension:\/\/fpelahbljekknahkcaegamhcndkfpfnc\/iFrame.js\" type=\"text\/javascript\"><\/script><\/p>","protected":false},"excerpt":{"rendered":"<div class=\"model-prompt-container\" data-turn-role=\"Model\">\n<div class=\"turn-content\">\n<p class=\"ng-star-inserted\"><span class=\"ng-star-inserted\">Erzielen Sie h\u00f6chste Pr\u00e4zision mit dem 64-SP Kugelgewindetisch von Jimmy Technology. Solide Zuverl\u00e4ssigkeit f\u00fcr anspruchsvolle Automatisierung.<\/span><\/p>\n<\/div>\n<\/div>\n<p><script src=\"chrome-extension:\/\/fpelahbljekknahkcaegamhcndkfpfnc\/iFrame.js\" type=\"text\/javascript\"><\/script><\/p>","protected":false},"featured_media":2526,"template":"","meta":{"_kad_post_transparent":"default","_kad_post_title":"","_kad_post_layout":"default","_kad_post_sidebar_id":"","_kad_post_content_style":"default","_kad_post_vertical_padding":"default","_kad_post_feature":"","_kad_post_feature_position":"","_kad_post_header":false,"_kad_post_footer":false,"_kad_post_classname":""},"product_brand":[],"product_cat":[587,581,564,547,557,586,562],"product_tag":[595,594,596],"class_list":{"0":"post-2371","1":"product","2":"type-product","3":"status-publish","4":"has-post-thumbnail","6":"product_cat-actuators-by-drive-type","7":"product_cat-actuators-by-popular-application","8":"product_cat-actuators-by-screw-type","9":"product_cat-ball-screw-actuators","10":"product_cat-controllers-accessories","11":"product_cat-industrial-automation","12":"product_cat-linear-guides-rails","13":"product_tag-ball-screw-linear-motion","14":"product_tag-high-precision-linear-motion","15":"product_tag-linear-motion","17":"first","18":"instock","19":"shipping-taxable","20":"product-type-simple","21":"entry","22":"content-bg","23":"loop-entry"},"_links":{"self":[{"href":"https:\/\/servolinearactuator.com\/de\/wp-json\/wp\/v2\/product\/2371","targetHints":{"allow":["GET"]}}],"collection":[{"href":"https:\/\/servolinearactuator.com\/de\/wp-json\/wp\/v2\/product"}],"about":[{"href":"https:\/\/servolinearactuator.com\/de\/wp-json\/wp\/v2\/types\/product"}],"wp:featuredmedia":[{"embeddable":true,"href":"https:\/\/servolinearactuator.com\/de\/wp-json\/wp\/v2\/media\/2526"}],"wp:attachment":[{"href":"https:\/\/servolinearactuator.com\/de\/wp-json\/wp\/v2\/media?parent=2371"}],"wp:term":[{"taxonomy":"product_brand","embeddable":true,"href":"https:\/\/servolinearactuator.com\/de\/wp-json\/wp\/v2\/product_brand?post=2371"},{"taxonomy":"product_cat","embeddable":true,"href":"https:\/\/servolinearactuator.com\/de\/wp-json\/wp\/v2\/product_cat?post=2371"},{"taxonomy":"product_tag","embeddable":true,"href":"https:\/\/servolinearactuator.com\/de\/wp-json\/wp\/v2\/product_tag?post=2371"}],"curies":[{"name":"wp","href":"https:\/\/api.w.org\/{rel}","templated":true}]}}