{"id":2368,"date":"2025-07-08T14:02:38","date_gmt":"2025-07-08T14:02:38","guid":{"rendered":"https:\/\/servolinearactuator.com\/?post_type=product&#038;p=2368"},"modified":"2025-07-24T22:14:52","modified_gmt":"2025-07-24T14:14:52","slug":"64-eg-high-precision-cnc-linear-motion-guide-rail","status":"publish","type":"product","link":"https:\/\/servolinearactuator.com\/de\/64-eg-high-precision-cnc-linear-motion-guide-rail\/","title":{"rendered":"64-EG Hochpr\u00e4zisions-CNC-Linearbewegungs-F\u00fchrungsschiene"},"content":{"rendered":"<p data-v-md-line=\"3\">Suchen Sie nach un\u00fcbertroffener Pr\u00e4zision und Langlebigkeit f\u00fcr Ihr lineares Bewegungssystem? Die 64-EG Hochpr\u00e4zisions-CNC-Linearf\u00fchrungsschiene von Jimmy Technology ist so konstruiert, dass sie revolution\u00e4re Genauigkeit und Zuverl\u00e4ssigkeit bietet und Ihre Maschinen in die Lage versetzt, die h\u00f6chsten Industriestandards zu \u00fcbertreffen.<\/p>\n<h2 data-v-md-heading=\"features-and-benefits\" data-v-md-line=\"5\">Merkmale und Vorteile<\/h2>\n<ul data-v-md-line=\"7\">\n<li>\n<p data-v-md-line=\"7\"><strong>Beeindruckende Pr\u00e4zision und Reproduzierbarkeit:<\/strong>\u00a0Die Serie 64-EG gew\u00e4hrleistet eine Positioniergenauigkeit im Submikrometerbereich und liefert die streng kontrollierte Bewegung, die f\u00fcr unternehmenskritische Anwendungen erforderlich ist. Ihr robustes Design minimiert Rundlauf- und Parallelit\u00e4tsabweichungen und erm\u00f6glicht so eine einwandfreie Wiederholbarkeit bei jedem Zyklus.<\/p>\n<\/li>\n<li>\n<p data-v-md-line=\"9\"><strong>Robuste Konstruktion aus mehreren Materialien:<\/strong>\u00a0Diese Schienen sind sowohl aus hochwertigem Kohlenstoffstahl als auch aus rostfreiem Stahl erh\u00e4ltlich und widerstehen rauen Produktionsumgebungen und Dauerbetrieb. Die hohe Tragf\u00e4higkeit - bis zu 60 kg (horizontal) und 30 kg (vertikal) pro Schiene - bedeutet, dass Sie schwere Werkzeuge mit Zuversicht bewegen k\u00f6nnen.<\/p>\n<\/li>\n<li>\n<p data-v-md-line=\"11\"><strong>Flexible und erweiterte Huboptionen:<\/strong>\u00a0Mit effektiven Hubl\u00e4ngen von 100 mm bis zu gewaltigen 6000 mm, je nach Konfiguration, passt sich der 64-EG sowohl an kompakte Aufbauten als auch an Systeme mit langen Verfahrwegen an. Erweiterte L\u00e4uferoptionen maximieren die Systemflexibilit\u00e4t f\u00fcr die schwierigsten Aufgaben.<\/p>\n<\/li>\n<li>\n<p data-v-md-line=\"13\"><strong>Reibungsloser, reibungsarmer Betrieb:<\/strong>\u00a0Optimierte W\u00e4lzk\u00f6rper und eine fortschrittliche Kugel-\/Rollenumlauff\u00fchrung reduzieren die Reibung drastisch. Dies f\u00fchrt zu einem leiseren Betrieb, weniger Verschlei\u00df und besserer Energieeffizienz - so bleiben Ihre CNC-F\u00fchrungsbahnen \u00fcber Jahre hinweg pr\u00e4zise.<\/p>\n<\/li>\n<li>\n<p data-v-md-line=\"15\"><strong>Rationalisierte Integration:<\/strong>\u00a0Das kompakte Profil und die standardisierten Einbauma\u00dfe machen die 64-EG-Serie zu einem idealen Kandidaten sowohl f\u00fcr Neubauten als auch f\u00fcr Nachr\u00fcstungen.<\/p>\n<\/li>\n<\/ul>\n<h2 data-v-md-heading=\"wide-applications\" data-v-md-line=\"17\">Breite Anwendungen<\/h2>\n<p data-v-md-line=\"19\">Von High-End-CNC-Bearbeitungszentren und der Halbleiterfertigung bis hin zur Produktion von hochmodernen medizinischen Ger\u00e4ten, der Herstellung von Komponenten f\u00fcr die Luft- und Raumfahrt, der Robotik, automatisierten Montagelinien und Messger\u00e4ten - diese Linearschienen mit hoher Tragf\u00e4higkeit unterst\u00fctzen Industrien rund um den Globus. Ganz gleich, ob Sie ein hochmodernes Bearbeitungszentrum oder ein Pr\u00e4zisionspr\u00fcfsystem bauen, die 64-EG-F\u00fchrungen sind Ihre erste Wahl, wenn es um die Leistung von Linearf\u00fchrungen der Genauigkeitsklasse geht.<\/p>\n<h2 data-v-md-heading=\"specifications\" data-v-md-line=\"21\">Spezifikationen<\/h2>\n<ul data-v-md-line=\"23\">\n<li><strong>Kraft:<\/strong>\u00a0Bis zu 60 kg (horizontal), 30 kg (vertikal)<\/li>\n<li><strong>L\u00e4nge des Hubs:<\/strong>\u00a0100mm bis 1500mm (Standard), bis zu 6000mm (erweiterte Serie)<\/li>\n<li><strong>Material-Optionen:<\/strong>\u00a0Kohlenstoffstahl, rostfreier Stahl<\/li>\n<li><strong>Konfiguration:<\/strong>\u00a0Standard- und erweiterte Schieberegleroptionen (z. B. DC64-SP-EG, DC64-TB-EG, DC64-SP-EG-JC)<\/li>\n<li><strong>Die Anwendung passt:<\/strong>\u00a0Horizontaler\/vertikaler Einsatz, hohe Belastung und hochpr\u00e4zise Automatisierung<\/li>\n<li><strong>Zus\u00e4tzliche Spezifikationen:<\/strong>\u00a0Hochpr\u00e4zise Wiederholbarkeit, minimierte Parallelit\u00e4tsabweichung, robust f\u00fcr raue Umgebungen<\/li>\n<\/ul>\n<h2 data-v-md-heading=\"technical-support\" data-v-md-line=\"30\">Technische Unterst\u00fctzung<\/h2>\n<p data-v-md-line=\"32\">Jimmy Technology bietet umfassenden technischen Support f\u00fcr jede F\u00fchrungsschiene, einschlie\u00dflich herunterladbarer CAD-Modelle, detaillierter Produktdatenbl\u00e4tter und Installationshandb\u00fccher. Unsere Experten stehen bereit, um eine reibungslose Integration und einwandfreie Leistung in Ihrem Projekt zu gew\u00e4hrleisten.<\/p>\n<h2 data-v-md-heading=\"conclusion\" data-v-md-line=\"34\">Schlussfolgerung<\/h2>\n<p data-v-md-line=\"36\">Die Entscheidung f\u00fcr die hochpr\u00e4zise CNC-Linearf\u00fchrungsschiene 64-EG von Jimmy Technology bedeutet eine Investition in erstklassige Qualit\u00e4t, Innovation und Zuverl\u00e4ssigkeit f\u00fcr jede Hochleistungsanwendung. Sch\u00f6pfen Sie das wahre Potenzial Ihres Projekts aus - noch nie war Pr\u00e4zision so m\u00fchelos.<\/p>\n<p><img fetchpriority=\"high\" decoding=\"async\" class=\"aligncenter size-full wp-image-2716\" src=\"https:\/\/servolinearactuator.com\/wp-content\/uploads\/2025\/07\/64-eg.png\" alt=\"\" width=\"843\" height=\"1139\" srcset=\"https:\/\/servolinearactuator.com\/wp-content\/uploads\/2025\/07\/64-eg.png 843w, https:\/\/servolinearactuator.com\/wp-content\/uploads\/2025\/07\/64-eg-222x300.png 222w, https:\/\/servolinearactuator.com\/wp-content\/uploads\/2025\/07\/64-eg-758x1024.png 758w, https:\/\/servolinearactuator.com\/wp-content\/uploads\/2025\/07\/64-eg-768x1038.png 768w, https:\/\/servolinearactuator.com\/wp-content\/uploads\/2025\/07\/64-eg-600x811.png 600w\" sizes=\"(max-width: 843px) 100vw, 843px\" \/><\/p>\n<p><script src=\"chrome-extension:\/\/fpelahbljekknahkcaegamhcndkfpfnc\/iFrame.js\" type=\"text\/javascript\"><\/script><\/p>","protected":false},"excerpt":{"rendered":"<div class=\"chat-container\">\n<div class=\"chat-view-container ng-star-inserted\">\n<div class=\"chat-turn-container model render cdk-focused cdk-mouse-focused\" tabindex=\"-1\">\n<div class=\"model-prompt-container\" data-turn-role=\"Model\">\n<div class=\"turn-content\">\n<p class=\"ng-star-inserted\"><span class=\"ng-star-inserted\">Erleben Sie un\u00fcbertroffene Pr\u00e4zision mit der 64-EG CNC-Linearf\u00fchrungsschiene von Jimmy Technology. Sie bietet revolution\u00e4re Genauigkeit und Zuverl\u00e4ssigkeit f\u00fcr Ihre Maschinen.<\/span><\/p>\n<\/div>\n<\/div>\n<\/div>\n<\/div>\n<\/div>\n<p><script src=\"chrome-extension:\/\/fpelahbljekknahkcaegamhcndkfpfnc\/iFrame.js\" type=\"text\/javascript\"><\/script><\/p>","protected":false},"featured_media":2553,"template":"","meta":{"_kad_post_transparent":"default","_kad_post_title":"","_kad_post_layout":"default","_kad_post_sidebar_id":"","_kad_post_content_style":"default","_kad_post_vertical_padding":"default","_kad_post_feature":"","_kad_post_feature_position":"","_kad_post_header":false,"_kad_post_footer":false,"_kad_post_classname":""},"product_brand":[],"product_cat":[587,581,564,547,557,586,562],"product_tag":[603,594,604],"class_list":{"0":"post-2368","1":"product","2":"type-product","3":"status-publish","4":"has-post-thumbnail","6":"product_cat-actuators-by-drive-type","7":"product_cat-actuators-by-popular-application","8":"product_cat-actuators-by-screw-type","9":"product_cat-ball-screw-actuators","10":"product_cat-controllers-accessories","11":"product_cat-industrial-automation","12":"product_cat-linear-guides-rails","13":"product_tag-cnc-linear-motion","14":"product_tag-high-precision-linear-motion","15":"product_tag-linear-motion-guide","17":"first","18":"instock","19":"shipping-taxable","20":"product-type-simple","21":"entry","22":"content-bg","23":"loop-entry"},"_links":{"self":[{"href":"https:\/\/servolinearactuator.com\/de\/wp-json\/wp\/v2\/product\/2368","targetHints":{"allow":["GET"]}}],"collection":[{"href":"https:\/\/servolinearactuator.com\/de\/wp-json\/wp\/v2\/product"}],"about":[{"href":"https:\/\/servolinearactuator.com\/de\/wp-json\/wp\/v2\/types\/product"}],"wp:featuredmedia":[{"embeddable":true,"href":"https:\/\/servolinearactuator.com\/de\/wp-json\/wp\/v2\/media\/2553"}],"wp:attachment":[{"href":"https:\/\/servolinearactuator.com\/de\/wp-json\/wp\/v2\/media?parent=2368"}],"wp:term":[{"taxonomy":"product_brand","embeddable":true,"href":"https:\/\/servolinearactuator.com\/de\/wp-json\/wp\/v2\/product_brand?post=2368"},{"taxonomy":"product_cat","embeddable":true,"href":"https:\/\/servolinearactuator.com\/de\/wp-json\/wp\/v2\/product_cat?post=2368"},{"taxonomy":"product_tag","embeddable":true,"href":"https:\/\/servolinearactuator.com\/de\/wp-json\/wp\/v2\/product_tag?post=2368"}],"curies":[{"name":"wp","href":"https:\/\/api.w.org\/{rel}","templated":true}]}}