{"id":2365,"date":"2025-07-08T14:02:10","date_gmt":"2025-07-08T14:02:10","guid":{"rendered":"https:\/\/servolinearactuator.com\/?post_type=product&#038;p=2365"},"modified":"2025-07-24T22:41:17","modified_gmt":"2025-07-24T14:41:17","slug":"45-tb-high-speed-belt-driven-linear-motion-guide","status":"publish","type":"product","link":"https:\/\/servolinearactuator.com\/de\/45-tb-high-speed-belt-driven-linear-motion-guide\/","title":{"rendered":"OD3 Industrie-Elektrozylinder | 12V\/24V | IP66 Wasserdicht"},"content":{"rendered":"<p data-v-md-line=\"3\">Erleben Sie die Kraft der Pr\u00e4zision und unersch\u00fctterlichen Zuverl\u00e4ssigkeit mit dem OD3 Industrie-Elektrozylinder. Dies ist der robuste, hochbelastbare Elektroantrieb, der auch anspruchsvollen Umgebungen gewachsen ist - erstklassige Technik f\u00fcr alle, die mehr verlangen.<\/p>\n<h2 data-v-md-heading=\"features-and-benefits\" data-v-md-line=\"5\">Merkmale und Vorteile<\/h2>\n<ul data-v-md-line=\"7\">\n<li>Konstruiert f\u00fcr anspruchsvolle Arbeitsumgebungen: Das robuste, wasserdichte Design des OD3 (Schutzklasse IP66) garantiert maximalen Schutz gegen Staub und starkes Strahlwasser. Sie brauchen sich keine Sorgen zu machen - dies ist ein echter Aktuator f\u00fcr raue Umgebungen, drinnen oder drau\u00dfen.<\/li>\n<li>Vielf\u00e4ltige Spannungen: W\u00e4hlen Sie zwischen 12 V oder 24 V Gleichstrombetrieb f\u00fcr mobile Maschinen, abgelegene Standorte, batteriebetriebene Anwendungen oder andere Installationen, bei denen Sicherheit und geringer Stromverbrauch von gr\u00f6\u00dfter Bedeutung sind.<\/li>\n<li>Hochbelastbare Zuverl\u00e4ssigkeit: In jedem OD3 kommen hochwertige Materialien und intelligente Technik zum Einsatz, um eine zuverl\u00e4ssige Lebensdauer zu gew\u00e4hrleisten, selbst wenn das Ger\u00e4t industrieller Beanspruchung, extremen Witterungsbedingungen oder anspruchsvollen Reinigungsvorg\u00e4ngen ausgesetzt ist.<\/li>\n<li>Wartungsfreier Betrieb: Dank des versiegelten, staub- und wasserdichten Geh\u00e4uses haben Sie mehr Zeit f\u00fcr Ihren Prozess und m\u00fcssen sich weniger Gedanken \u00fcber Ausfallzeiten oder Fl\u00fcssigkeitslecks machen.<\/li>\n<li>Nahtlose Integration in die Automatisierung: L\u00e4sst sich nahtlos in Ihre bestehenden industriellen Automatisierungskomponenten integrieren und unterst\u00fctzt alles von automatisierten linearen Bewegungen und SPS-gesteuerten Antriebsaufgaben bis hin zur Nachf\u00fchrung von Solarpanels, Klappensteuerung und mehr.<\/li>\n<\/ul>\n<h2 data-v-md-heading=\"wide-applications\" data-v-md-line=\"13\">Breite Anwendungen<\/h2>\n<p data-v-md-line=\"15\">Der OD3 kann \u00fcberall dort eingesetzt werden, wo eine robuste, wartungsfreie Linearbewegung erforderlich ist. Er eignet sich hervorragend f\u00fcr Ger\u00e4te im Au\u00dfenbereich, Landmaschinen, Schiffssysteme, Waschanlagen in der Lebensmittelverarbeitung, Verpackungslinien, mobile Fahrzeuge und alle Anwendungen, bei denen hohe Kraft, pr\u00e4zise Bewegung und Umweltbest\u00e4ndigkeit nicht verhandelbar sind.<\/p>\n<h2 data-v-md-heading=\"specifications\" data-v-md-line=\"17\">Spezifikationen<\/h2>\n<ul data-v-md-line=\"19\">\n<li>Kraft: Bekannt f\u00fcr industrielle St\u00e4rke. (Siehe Datenblatt f\u00fcr detaillierte Bereiche.)<\/li>\n<li>Geschwindigkeit: Entwickelt mit optimaler Bet\u00e4tigungsgeschwindigkeit f\u00fcr die Automatisierungssteuerung. (Siehe Leistungskurven).<\/li>\n<li>L\u00e4nge des Hubs: Erh\u00e4ltlich in verschiedenen L\u00e4ngen, um kundenspezifische Anforderungen zu erf\u00fcllen.<\/li>\n<li>Eingangsspannung: 12V oder 24V DC (je nach Modell w\u00e4hlbar)<\/li>\n<li>Schutzart: IP66 (vollst\u00e4ndiger Staubschutz und Widerstand gegen Strahlwasser)<\/li>\n<\/ul>\n<h2 data-v-md-heading=\"technical-support\" data-v-md-line=\"25\">Technische Unterst\u00fctzung<\/h2>\n<p data-v-md-line=\"27\">Jimmy Technology unterst\u00fctzt Sie mit umfassendem Support - detaillierte CAD-Dateien, umfassende technische Datenbl\u00e4tter und praktische Verdrahtungspl\u00e4ne stehen Ihnen jederzeit zur Verf\u00fcgung und sorgen f\u00fcr eine schnelle und reibungslose Implementierung.<\/p>\n<h2 data-v-md-heading=\"conclusion\" data-v-md-line=\"29\">Schlussfolgerung<\/h2>\n<p data-v-md-line=\"31\">Wenn Sie sich f\u00fcr Jimmy Technology entscheiden, entscheiden Sie sich f\u00fcr marktf\u00fchrende Qualit\u00e4t, Innovation und Zuverl\u00e4ssigkeit f\u00fcr jede Automatisierungsaufgabe.<\/p>\n<p><script src=\"chrome-extension:\/\/fpelahbljekknahkcaegamhcndkfpfnc\/iFrame.js\" type=\"text\/javascript\"><\/script><\/p>","protected":false},"excerpt":{"rendered":"<p>Lernen Sie den OD3 Industrie-Elektrozylinder kennen: einen robusten, hochbelastbaren Antrieb. Er bietet Pr\u00e4zision und unersch\u00fctterliche Zuverl\u00e4ssigkeit f\u00fcr anspruchsvolle Umgebungen.<\/p>","protected":false},"featured_media":2572,"template":"","meta":{"_kad_post_transparent":"default","_kad_post_title":"","_kad_post_layout":"default","_kad_post_sidebar_id":"","_kad_post_content_style":"default","_kad_post_vertical_padding":"default","_kad_post_feature":"","_kad_post_feature_position":"","_kad_post_header":false,"_kad_post_footer":false,"_kad_post_classname":""},"product_brand":[],"product_cat":[587,573,563,581,543,556,576,574],"product_tag":[614,613,615],"class_list":{"0":"post-2365","1":"product","2":"type-product","3":"status-publish","4":"has-post-thumbnail","6":"product_cat-actuators-by-drive-type","7":"product_cat-actuators-by-environment","8":"product_cat-actuators-by-motor-type","9":"product_cat-actuators-by-popular-application","10":"product_cat-brushed-dc-actuators","11":"product_cat-electric-cylinders","12":"product_cat-industrial-linear-actuators","13":"product_cat-waterproof-linear-actuators","14":"product_tag-electric-cylinder","15":"product_tag-industrial-cylinder","16":"product_tag-ip66-waterproof-cylinder","18":"first","19":"instock","20":"shipping-taxable","21":"product-type-simple","22":"entry","23":"content-bg","24":"loop-entry"},"_links":{"self":[{"href":"https:\/\/servolinearactuator.com\/de\/wp-json\/wp\/v2\/product\/2365","targetHints":{"allow":["GET"]}}],"collection":[{"href":"https:\/\/servolinearactuator.com\/de\/wp-json\/wp\/v2\/product"}],"about":[{"href":"https:\/\/servolinearactuator.com\/de\/wp-json\/wp\/v2\/types\/product"}],"wp:featuredmedia":[{"embeddable":true,"href":"https:\/\/servolinearactuator.com\/de\/wp-json\/wp\/v2\/media\/2572"}],"wp:attachment":[{"href":"https:\/\/servolinearactuator.com\/de\/wp-json\/wp\/v2\/media?parent=2365"}],"wp:term":[{"taxonomy":"product_brand","embeddable":true,"href":"https:\/\/servolinearactuator.com\/de\/wp-json\/wp\/v2\/product_brand?post=2365"},{"taxonomy":"product_cat","embeddable":true,"href":"https:\/\/servolinearactuator.com\/de\/wp-json\/wp\/v2\/product_cat?post=2365"},{"taxonomy":"product_tag","embeddable":true,"href":"https:\/\/servolinearactuator.com\/de\/wp-json\/wp\/v2\/product_tag?post=2365"}],"curies":[{"name":"wp","href":"https:\/\/api.w.org\/{rel}","templated":true}]}}